{"id":308,"date":"2024-12-05T18:23:31","date_gmt":"2024-12-05T18:23:31","guid":{"rendered":"http:\/\/demo.curlythemes.com\/art-gallery-wp\/?post_type=product&#038;p=293"},"modified":"2025-04-14T07:04:39","modified_gmt":"2025-04-14T07:04:39","slug":"whispers-of-spring","status":"publish","type":"product","link":"https:\/\/florafinearts.com\/vi\/san-pham\/whispers-of-spring\/","title":{"rendered":"Th\u00ec th\u1ea7m m\u00f9a xu\u00e2n"},"content":{"rendered":"<p class=\"lead\">Placed on a serene white table, the bouquet radiates calm energy, reflecting my artistic philosophy of Zen where beauty exists simply for the joy of blooming. Each flower stands independently yet contributes to the elegance of the whole arrangement. I chose a soft blue background to evoke tranquility, as if you\u2019re peering through a window into a peaceful moment in time.<\/p>\n<p class=\"lead\"><em>Whispers of Spring<\/em> celebrates the simple joy of nature\u2019s quiet beauty, reminding us to slow down and appreciate the fleeting yet timeless presence of flowers in our lives.<\/p>\n<div class=\"wp-playlist wp-video-playlist wp-playlist-light\">\n\t\t<video controls=\"controls\" preload=\"none\" width=\"638\"\n\t\t height=\"359\"\t><\/video>\n\t<div class=\"wp-playlist-next\"><\/div>\n\t<div class=\"wp-playlist-prev\"><\/div>\n\t<noscript>\n\t<ol>\n\t\t<li><a href='https:\/\/florafinearts.com\/wp-content\/uploads\/2024\/09\/IMG_3683.mov'>IMG_3683<\/a><\/li>\t<\/ol>\n\t<\/noscript>\n\t<script type=\"application\/json\" class=\"wp-playlist-script\">{\"type\":\"video\",\"tracklist\":true,\"tracknumbers\":true,\"images\":true,\"artists\":true,\"tracks\":[{\"src\":\"https:\/\/florafinearts.com\/wp-content\/uploads\/2024\/09\/IMG_3683.mov\",\"type\":\"video\/quicktime\",\"title\":\"IMG_3683\",\"caption\":\"\",\"description\":\"\",\"meta\":{\"length_formatted\":\"0:38\"},\"dimensions\":{\"original\":{\"width\":1920,\"height\":1080},\"resized\":{\"width\":638,\"height\":359}},\"image\":{\"src\":\"https:\/\/florafinearts.com\/wp-includes\/images\/media\/video.svg\",\"width\":48,\"height\":64},\"thumb\":{\"src\":\"https:\/\/florafinearts.com\/wp-includes\/images\/media\/video.svg\",\"width\":48,\"height\":64}}]}<\/script>\n<\/div>\n\t\n","protected":false},"excerpt":{"rendered":"<p>B\u00f3 hoa r\u1ef1c r\u1ee1 n\u00e0y, \u0111\u01b0\u1ee3c t\u00f4i v\u1ebd b\u1eb1ng nh\u1eefng gam m\u00e0u m\u1ec1m m\u1ea1i nh\u01b0ng s\u1ed1ng \u0111\u1ed9ng, t\u00e1i hi\u1ec7n v\u1ebb \u0111\u1eb9p d\u1ecbu d\u00e0ng c\u1ee7a thi\u00ean nhi\u00ean khi v\u00e0o \u0111\u1ed9 n\u1edf r\u1ed9. S\u1eed d\u1ee5ng c\u00e1c l\u1edbp s\u01a1n d\u1ea7u d\u00e0y v\u00e0 nh\u1eefng n\u00e9t v\u1ebd \u0111\u1eadm, t\u00f4i mu\u1ed1n th\u1ed5i h\u1ed3n v\u00e0o t\u1eebng c\u00e1nh hoa v\u00e0 chi\u1ebfc l\u00e1, t\u1ea1o n\u00ean c\u1ea3m gi\u00e1c chuy\u1ec3n \u0111\u1ed9ng v\u00e0 chi\u1ec1u s\u00e2u. Nh\u1eefng b\u00f4ng hoa nh\u01b0 bung n\u1edf t\u1ef1 nhi\u00ean t\u1eeb m\u1eb7t b\u00e0n, v\u1edbi s\u1eafc v\u00e0ng, tr\u1eafng, h\u1ed3ng v\u00e0 t\u00edm lavender h\u00f2a quy\u1ec7n c\u00f9ng m\u00e0u l\u00e1 xanh t\u01b0\u01a1i.<\/p>","protected":false},"featured_media":1150,"comment_status":"open","ping_status":"closed","template":"","meta":{"jetpack_post_was_ever_published":false},"product_brand":[],"product_cat":[33],"product_tag":[97,48,50,103],"class_list":{"0":"post-308","1":"product","2":"type-product","3":"status-publish","4":"has-post-thumbnail","6":"product_cat-floral-paintings","7":"product_tag-97","8":"product_tag-floral","9":"product_tag-oil-on-canvas","10":"product_tag-still-life","12":"first","13":"outofstock","14":"shipping-taxable","15":"purchasable","16":"product-type-simple"},"jetpack_sharing_enabled":true,"_links":{"self":[{"href":"https:\/\/florafinearts.com\/vi\/wp-json\/wp\/v2\/product\/308","targetHints":{"allow":["GET"]}}],"collection":[{"href":"https:\/\/florafinearts.com\/vi\/wp-json\/wp\/v2\/product"}],"about":[{"href":"https:\/\/florafinearts.com\/vi\/wp-json\/wp\/v2\/types\/product"}],"replies":[{"embeddable":true,"href":"https:\/\/florafinearts.com\/vi\/wp-json\/wp\/v2\/comments?post=308"}],"wp:featuredmedia":[{"embeddable":true,"href":"https:\/\/florafinearts.com\/vi\/wp-json\/wp\/v2\/media\/1150"}],"wp:attachment":[{"href":"https:\/\/florafinearts.com\/vi\/wp-json\/wp\/v2\/media?parent=308"}],"wp:term":[{"taxonomy":"product_brand","embeddable":true,"href":"https:\/\/florafinearts.com\/vi\/wp-json\/wp\/v2\/product_brand?post=308"},{"taxonomy":"product_cat","embeddable":true,"href":"https:\/\/florafinearts.com\/vi\/wp-json\/wp\/v2\/product_cat?post=308"},{"taxonomy":"product_tag","embeddable":true,"href":"https:\/\/florafinearts.com\/vi\/wp-json\/wp\/v2\/product_tag?post=308"}],"curies":[{"name":"wp","href":"https:\/\/api.w.org\/{rel}","templated":true}]}}