{"id":307,"date":"2024-11-05T18:13:20","date_gmt":"2024-11-05T18:13:20","guid":{"rendered":"http:\/\/demo.curlythemes.com\/art-gallery-wp\/?post_type=product&#038;p=288"},"modified":"2025-04-17T06:43:16","modified_gmt":"2025-04-17T06:43:16","slug":"garden-reverie","status":"publish","type":"product","link":"https:\/\/florafinearts.com\/vi\/san-pham\/garden-reverie\/","title":{"rendered":"Khu v\u01b0\u1eddn m\u01a1 m\u1ed9ng"},"content":{"rendered":"","protected":false},"excerpt":{"rendered":"<p>B\u1ea1n c\u00f3 hay \u0111i d\u1ea1o trong nh\u1eefng kh\u00f4ng gian m\u00e0u xanh kh\u00f4ng? M\u1ed7i l\u1ea7n nh\u01b0 v\u1eady b\u1ea1n c\u1ea3m nh\u1eadn \u0111\u01b0\u1ee3c \u0111i\u1ec1u g\u00ec? M\u00e0u xanh l\u00e1 ch\u00ednh x\u00e1c l\u00e0 m\u1ed9t m\u00e0u ch\u1eefa l\u00e0nh, cho c\u1ea3 th\u1ecb l\u1ef1c v\u00e0 c\u1ea3m x\u00fac. Ng\u1ed3i gi\u1eefa nh\u1eefng t\u00e1n l\u00e1 r\u1eadm r\u1ea1p, \u0111\u1ed1i l\u1eadp v\u1edbi n\u00f3 l\u00e0 s\u1ef1 r\u1ef1c r\u1ee1 c\u1ee7a nh\u1eefng b\u00f4ng hoa t\u01b0\u01a1i t\u1eafn. Thi\u00ean nhi\u00ean lu\u00f4n c\u00f3 s\u1ef1 s\u1eafp \u0111\u1eb7t k\u1ef3 di\u1ec7u, t\u01b0\u1edfng nh\u01b0 v\u00f4 t\u00ecnh. V\u00e0 nh\u1eefng s\u1ef1 s\u1eafp \u0111\u1eb7t \u1ea5y lu\u00f4n m\u00ea ho\u1eb7c, khi\u1ebfn cho con ng\u01b0\u1eddi khi \u0111\u1ed1i di\u1ec7n n\u00f3, b\u1ed7ng qu\u00ean m\u1ea5t m\u00ecnh, v\u00e0 ch\u00ecm \u0111\u1eafm, m\u1ed9ng m\u01a1 v\u00e0o trong s\u1ef1 h\u1ea5p d\u1eabn kh\u00f3 c\u01b0\u1ee1ng \u0111\u00f3.<\/p>\n<p>\u0110\u00e2y l\u00e0 m\u1ed9t b\u1ee9c tranh hi\u1ebfm hoi t\u00f4i d\u00f9ng m\u00e0u \u0111\u1eadm, nh\u01b0 v\u1ebd th\u1eb3ng tr\u1ef1c ti\u1ebfp t\u1eeb m\u00e0u c\u01a1 b\u1ea3n. S\u1eed d\u1ee5ng m\u00e0u nh\u01b0 v\u1eady kh\u00f4ng d\u1ec5, nh\u01b0ng n\u1ebfu l\u00e0m \u0111\u01b0\u1ee3c, th\u00ec c\u1ea3m x\u00fac n\u00f3 mang l\u1ea1i lu\u00f4n hi\u1ec7u qu\u1ea3. <em>Khu v\u01b0\u1eddn m\u01a1 m\u1ed9ng <\/em>- ch\u00ednh l\u00e0 kh\u00f4ng kh\u00ed m\u00e0 b\u1ee9c tranh n\u00e0y to\u1ea3 ra, khi\u1ebfn ch\u00fang ta kh\u00f4ng th\u1ec3 th\u00f4i m\u1ed9ng m\u01a1.<\/p>","protected":false},"featured_media":1143,"comment_status":"open","ping_status":"closed","template":"","meta":{"jetpack_post_was_ever_published":false},"product_brand":[],"product_cat":[33,37],"product_tag":[97,48,80,50],"class_list":{"0":"post-307","1":"product","2":"type-product","3":"status-publish","4":"has-post-thumbnail","6":"product_cat-floral-paintings","7":"product_cat-landscape-paintings","8":"product_tag-97","9":"product_tag-floral","10":"product_tag-landscape","11":"product_tag-oil-on-canvas","13":"first","14":"instock","15":"shipping-taxable","16":"purchasable","17":"product-type-simple"},"jetpack_sharing_enabled":true,"_links":{"self":[{"href":"https:\/\/florafinearts.com\/vi\/wp-json\/wp\/v2\/product\/307","targetHints":{"allow":["GET"]}}],"collection":[{"href":"https:\/\/florafinearts.com\/vi\/wp-json\/wp\/v2\/product"}],"about":[{"href":"https:\/\/florafinearts.com\/vi\/wp-json\/wp\/v2\/types\/product"}],"replies":[{"embeddable":true,"href":"https:\/\/florafinearts.com\/vi\/wp-json\/wp\/v2\/comments?post=307"}],"wp:featuredmedia":[{"embeddable":true,"href":"https:\/\/florafinearts.com\/vi\/wp-json\/wp\/v2\/media\/1143"}],"wp:attachment":[{"href":"https:\/\/florafinearts.com\/vi\/wp-json\/wp\/v2\/media?parent=307"}],"wp:term":[{"taxonomy":"product_brand","embeddable":true,"href":"https:\/\/florafinearts.com\/vi\/wp-json\/wp\/v2\/product_brand?post=307"},{"taxonomy":"product_cat","embeddable":true,"href":"https:\/\/florafinearts.com\/vi\/wp-json\/wp\/v2\/product_cat?post=307"},{"taxonomy":"product_tag","embeddable":true,"href":"https:\/\/florafinearts.com\/vi\/wp-json\/wp\/v2\/product_tag?post=307"}],"curies":[{"name":"wp","href":"https:\/\/api.w.org\/{rel}","templated":true}]}}