{"id":306,"date":"2024-11-11T18:06:46","date_gmt":"2024-11-11T18:06:46","guid":{"rendered":"http:\/\/demo.curlythemes.com\/art-gallery-wp\/?post_type=product&#038;p=283"},"modified":"2025-04-18T05:05:19","modified_gmt":"2025-04-18T05:05:19","slug":"greek-god-marble","status":"publish","type":"product","link":"https:\/\/florafinearts.com\/vi\/san-pham\/greek-god-marble\/","title":{"rendered":"N\u1eafng s\u1edbm"},"content":{"rendered":"","protected":false},"excerpt":{"rendered":"<p><em>N\u1eafng s\u1edbm<\/em> n\u1eafm b\u1eaft kho\u1ea3nh kh\u1eafc b\u00ecnh y\u00ean khi \u00e1nh s\u00e1ng m\u1eb7t tr\u1eddi xuy\u00ean qua l\u1edbp r\u00e8m m\u1ecfng, chi\u1ebfu r\u1ecdi v\u00e0o chi\u1ebfc b\u00ecnh ch\u1ee9a \u0111\u1ea7y nh\u1eefng b\u00f4ng hoa r\u1ef1c r\u1ee1. \u0110\u01b0\u1ee3c v\u1ebd b\u1eb1ng s\u01a1n d\u1ea7u tr\u00ean toan 80 x 80 cm, t\u00f4i s\u1eed d\u1ee5ng nh\u1eefng n\u00e9t c\u1ecd nh\u1eb9 nh\u00e0ng \u0111\u1ec3 mang l\u1ea1i c\u1ea3m gi\u00e1c t\u0129nh l\u1eb7ng cho b\u1ed1 c\u1ee5c. Nh\u1eefng b\u00f4ng hoa \u0111\u01b0\u1ee3c s\u1eafp x\u1ebfp c\u1ea9n th\u1eadn v\u1edbi c\u00e1c s\u1eafc t\u00edm nh\u1ea1t, h\u1ed3ng v\u00e0 tr\u1eafng, \u0111\u1ed1i l\u1eadp tinh t\u1ebf v\u1edbi s\u1eafc xanh m\u00e1t c\u1ee7a l\u1edbp v\u1ea3i, t\u1ea1o n\u00ean s\u1ef1 c\u00e2n b\u1eb1ng h\u00e0i h\u00f2a gi\u1eefa \u00e1nh s\u00e1ng v\u00e0 b\u00f3ng t\u1ed1i.<\/p>\n<p>T\u00e1c ph\u1ea9m n\u00e0y th\u1ec3 hi\u1ec7n s\u1ef1 k\u1ebft n\u1ed1i s\u00e2u s\u1eafc c\u1ee7a t\u00f4i v\u1edbi tri\u1ebft l\u00fd Thi\u1ec1n, n\u01a1i v\u1ebb \u0111\u1eb9p \u0111\u01b0\u1ee3c t\u00ecm th\u1ea5y v\u00e0 t\u00f4n vinh trong t\u1eebng kho\u1ea3nh kh\u1eafc hi\u1ec7n t\u1ea1i. Khung c\u1eeda s\u1ed5 ph\u00eda sau g\u1ee3i l\u00ean s\u1ef1 tr\u00f4i qua \u00eam \u0111\u1ec1m c\u1ee7a th\u1eddi gian, trong khi b\u00f3 hoa t\u01b0\u01a1i th\u1eafm kh\u01a1i d\u1eady ni\u1ec1m vui l\u1eb7ng l\u1ebd c\u1ee7a thi\u00ean nhi\u00ean. <em>N\u1eafng s\u1edbm<\/em> l\u00e0 c\u00e1ch t\u00f4i truy\u1ec1n t\u1ea3i r\u1eb1ng nh\u1eefng kho\u1ea3nh kh\u1eafc gi\u1ea3n \u0111\u01a1n trong cu\u1ed9c s\u1ed1ng h\u00e0ng ng\u00e0y c\u0169ng c\u00f3 th\u1ec3 mang \u0111\u1ebfn s\u1ef1 b\u00ecnh y\u00ean v\u00e0 s\u00e1ng t\u1ecf s\u00e2u s\u1eafc.<\/p>","protected":false},"featured_media":1142,"comment_status":"open","ping_status":"closed","template":"","meta":{"jetpack_post_was_ever_published":false},"product_brand":[],"product_cat":[33,86],"product_tag":[48,50],"class_list":{"0":"post-306","1":"product","2":"type-product","3":"status-publish","4":"has-post-thumbnail","6":"product_cat-floral-paintings","7":"product_cat-still-life","8":"product_tag-floral","9":"product_tag-oil-on-canvas","11":"first","12":"instock","13":"shipping-taxable","14":"purchasable","15":"product-type-simple"},"jetpack_sharing_enabled":true,"_links":{"self":[{"href":"https:\/\/florafinearts.com\/vi\/wp-json\/wp\/v2\/product\/306","targetHints":{"allow":["GET"]}}],"collection":[{"href":"https:\/\/florafinearts.com\/vi\/wp-json\/wp\/v2\/product"}],"about":[{"href":"https:\/\/florafinearts.com\/vi\/wp-json\/wp\/v2\/types\/product"}],"replies":[{"embeddable":true,"href":"https:\/\/florafinearts.com\/vi\/wp-json\/wp\/v2\/comments?post=306"}],"wp:featuredmedia":[{"embeddable":true,"href":"https:\/\/florafinearts.com\/vi\/wp-json\/wp\/v2\/media\/1142"}],"wp:attachment":[{"href":"https:\/\/florafinearts.com\/vi\/wp-json\/wp\/v2\/media?parent=306"}],"wp:term":[{"taxonomy":"product_brand","embeddable":true,"href":"https:\/\/florafinearts.com\/vi\/wp-json\/wp\/v2\/product_brand?post=306"},{"taxonomy":"product_cat","embeddable":true,"href":"https:\/\/florafinearts.com\/vi\/wp-json\/wp\/v2\/product_cat?post=306"},{"taxonomy":"product_tag","embeddable":true,"href":"https:\/\/florafinearts.com\/vi\/wp-json\/wp\/v2\/product_tag?post=306"}],"curies":[{"name":"wp","href":"https:\/\/api.w.org\/{rel}","templated":true}]}}