{"id":305,"date":"2024-09-05T17:59:11","date_gmt":"2024-09-05T17:59:11","guid":{"rendered":"http:\/\/demo.curlythemes.com\/art-gallery-wp\/?post_type=product&#038;p=278"},"modified":"2025-04-17T03:55:50","modified_gmt":"2025-04-17T03:55:50","slug":"blossom-still","status":"publish","type":"product","link":"https:\/\/florafinearts.com\/vi\/san-pham\/blossom-still\/","title":{"rendered":"N\u1edf trong t\u0129nh l\u1eb7ng"},"content":{"rendered":"<p>T\u00e1c ph\u1ea9m n\u00e0y th\u1ec3 hi\u1ec7n tri\u1ebft l\u00fd c\u1ee7a t\u00f4i v\u1ec1 vi\u1ec7c t\u00ecm ki\u1ebfm v\u1ebb \u0111\u1eb9p trong nh\u1eefng kho\u1ea3nh kh\u1eafc b\u00ecnh d\u1ecb. S\u1ef1 giao thoa gi\u1eefa \u00e1nh s\u00e1ng v\u00e0 b\u00f3ng t\u1ed1i, c\u00f9ng v\u1edbi chuy\u1ec3n \u0111\u1ed9ng nh\u1eb9 nh\u00e0ng c\u1ee7a r\u00e8m c\u1eeda, t\u1ea1o n\u00ean m\u1ed9t kh\u00f4ng gian t\u0129nh l\u1eb7ng v\u00e0 b\u00ecnh y\u00ean, n\u01a1i thi\u00ean nhi\u00ean \u00e2m th\u1ea7m sinh s\u00f4i. <em>N\u1edf trong t\u0129nh l\u1eb7ng<\/em> m\u1eddi b\u1ea1n d\u1eebng l\u1ea1i, chi\u00eam ng\u01b0\u1ee1ng v\u00e0 tr\u00e2n tr\u1ecdng nh\u1eefng v\u1ebb \u0111\u1eb9p tho\u00e1ng qua quanh ta m\u1ed7i ng\u00e0y.<\/p>","protected":false},"excerpt":{"rendered":"<p><em>N\u1edf trong t\u0129nh l\u1eb7ng<\/em> mang \u0111\u1ebfn m\u1ed9t g\u00f3c nh\u00ecn t\u0129nh l\u1eb7ng v\u1ec1 v\u1ebb \u0111\u1eb9p tinh kh\u00f4i c\u1ee7a thi\u00ean nhi\u00ean, \u0111\u01b0\u1ee3c th\u1ec3 hi\u1ec7n b\u1eb1ng ch\u1ea5t li\u1ec7u acrylic tr\u00ean toan k\u00edch th\u01b0\u1edbc 50 x 50 cm. B\u1eb1ng nh\u1eefng nh\u00e1t dao nghi\u00eang v\u1ec1 c\u1ea3m x\u00fac v\u00e0 k\u1ebft c\u1ea5u nh\u1eb9 nh\u00e0ng, t\u00f4i \u0111\u00e3 v\u1ebd m\u1ed9t b\u00f3 hoa d\u1ea1i r\u1ef1c r\u1ee1 \u0111\u1eb7t tr\u00ean b\u1eadu c\u1eeda s\u1ed5, ng\u1eadp trong \u00e1nh s\u00e1ng t\u1ef1 nhi\u00ean d\u1ecbu nh\u1eb9. Nh\u1eefng b\u00f4ng hoa v\u1edbi s\u1eafc xanh, h\u1ed3ng, v\u00e0ng, v\u00e0 tr\u1eafng \u0111\u01b0\u1ee3c s\u1eafp x\u1ebfp kh\u00e9o l\u00e9o trong chi\u1ebfc b\u00ecnh thu\u1ef7 tinh, n\u1ed5i b\u1eadt tr\u00ean n\u1ec1n t\u00f4ng m\u00e0u tr\u1ea7m c\u1ee7a c\u1eeda s\u1ed5 v\u00e0 r\u00e8m che. T\u00f4i th\u00eam v\u00e0o k\u1ebft c\u1ea5u ren cho r\u00e8m \u0111\u1ec3 mang l\u1ea1i n\u00e9t c\u1ed5 \u0111i\u1ec3n, t\u0103ng th\u00eam c\u1ea3m gi\u00e1c b\u00ecnh y\u00ean cho t\u00e1c ph\u1ea9m. <em>N\u1edf trong t\u0129nh l\u1eb7ng<\/em> m\u1eddi b\u1ea1n d\u1eebng l\u1ea1i, chi\u00eam ng\u01b0\u1ee1ng v\u00e0 tr\u00e2n tr\u1ecdng nh\u1eefng v\u1ebb \u0111\u1eb9p tho\u00e1ng qua quanh ta m\u1ed7i ng\u00e0y.<\/p>","protected":false},"featured_media":1153,"comment_status":"open","ping_status":"closed","template":"","meta":{"jetpack_post_was_ever_published":false},"product_brand":[],"product_cat":[33,86],"product_tag":[47,48,49],"class_list":{"0":"post-305","1":"product","2":"type-product","3":"status-publish","4":"has-post-thumbnail","6":"product_cat-floral-paintings","7":"product_cat-still-life","8":"product_tag-acrylic-on-canvas","9":"product_tag-floral","10":"product_tag-knife-palette-painting","12":"first","13":"outofstock","14":"shipping-taxable","15":"purchasable","16":"product-type-simple"},"jetpack_sharing_enabled":true,"_links":{"self":[{"href":"https:\/\/florafinearts.com\/vi\/wp-json\/wp\/v2\/product\/305","targetHints":{"allow":["GET"]}}],"collection":[{"href":"https:\/\/florafinearts.com\/vi\/wp-json\/wp\/v2\/product"}],"about":[{"href":"https:\/\/florafinearts.com\/vi\/wp-json\/wp\/v2\/types\/product"}],"replies":[{"embeddable":true,"href":"https:\/\/florafinearts.com\/vi\/wp-json\/wp\/v2\/comments?post=305"}],"wp:featuredmedia":[{"embeddable":true,"href":"https:\/\/florafinearts.com\/vi\/wp-json\/wp\/v2\/media\/1153"}],"wp:attachment":[{"href":"https:\/\/florafinearts.com\/vi\/wp-json\/wp\/v2\/media?parent=305"}],"wp:term":[{"taxonomy":"product_brand","embeddable":true,"href":"https:\/\/florafinearts.com\/vi\/wp-json\/wp\/v2\/product_brand?post=305"},{"taxonomy":"product_cat","embeddable":true,"href":"https:\/\/florafinearts.com\/vi\/wp-json\/wp\/v2\/product_cat?post=305"},{"taxonomy":"product_tag","embeddable":true,"href":"https:\/\/florafinearts.com\/vi\/wp-json\/wp\/v2\/product_tag?post=305"}],"curies":[{"name":"wp","href":"https:\/\/api.w.org\/{rel}","templated":true}]}}