{"id":304,"date":"2018-04-05T17:48:31","date_gmt":"2018-04-05T17:48:31","guid":{"rendered":"http:\/\/demo.curlythemes.com\/art-gallery-wp\/?post_type=product&#038;p=272"},"modified":"2025-04-17T03:56:29","modified_gmt":"2025-04-17T03:56:29","slug":"morning-dew-bronze","status":"publish","type":"product","link":"https:\/\/florafinearts.com\/vi\/san-pham\/morning-dew-bronze\/","title":{"rendered":"Thanh m\u1ec1m"},"content":{"rendered":"<p class=\"lead translation-block\">Nh\u1eefng c\u00e1nh hoa \u0111\u01b0\u1ee3c s\u1eafp x\u1ebfp nh\u1eb9 nh\u00e0ng tr\u00ean b\u00e0n v\u00e0 c\u00e1c n\u1ebfp g\u1ea5p m\u1ec1m m\u1ea1i c\u1ee7a t\u1ea5m v\u1ea3i c\u00e0ng l\u00e0m t\u0103ng th\u00eam kh\u00f4ng kh\u00ed y\u00ean b\u00ecnh cho b\u1ee9c tranh, ph\u1ea3n \u00e1nh tri\u1ebft l\u00fd ngh\u1ec7 thu\u1eadt l\u1ea5y c\u1ea3m h\u1ee9ng t\u1eeb Thi\u1ec1n c\u1ee7a t\u00f4i - t\u00ecm ki\u1ebfm v\u1ebb \u0111\u1eb9p trong kho\u1ea3nh kh\u1eafc hi\u1ec7n t\u1ea1i. <em>Thanh m\u1ec1m<\/em>  l\u00e0 l\u1eddi nh\u1eafc nh\u1edf nh\u1eb9 nh\u00e0ng \u0111\u1ec3 ch\u00fang ta s\u1ed1ng ch\u1eadm l\u1ea1i, nh\u1eadn ra nh\u1eefng chi ti\u1ebft nh\u1ecf b\u00e9 v\u00e0 y\u00ean b\u00ecnh th\u01b0\u1eddng b\u1ecb l\u00e3ng qu\u00ean trong nh\u1ecbp s\u1ed1ng h\u1ed1i h\u1ea3.<\/p>","protected":false},"excerpt":{"rendered":"<p><em>Thanh m\u1ec1m<\/em> t\u00e1i hi\u1ec7n m\u1ed9t kho\u1ea3nh kh\u1eafc \u0111\u1eb9p d\u1ecbu d\u00e0ng, \u0111\u01b0\u1ee3c t\u00f4i v\u1ebd b\u1eb1ng ch\u1ea5t li\u1ec7u acrylic tr\u00ean toan 50 x 50 cm. T\u00f4i s\u1eed d\u1ee5ng nh\u1eefng n\u00e9t c\u1ecd tinh t\u1ebf \u0111\u1ec3 t\u1ea1o n\u00ean m\u1ed9t b\u1ed1 c\u1ee5c nh\u1eb9 nh\u00e0ng v\u00e0 tho\u00e1ng \u0111\u00e3ng, v\u1edbi nh\u1eefng b\u00f4ng hoa mang s\u1eafc pastel c\u1ee7a v\u00e0ng nh\u1ea1t, h\u1ed3ng, v\u00e0 t\u00edm. Tr\u00ean n\u1ec1n trung t\u00ednh v\u00e0 d\u1ecbu nh\u1eb9, b\u00f3 hoa to\u00e1t l\u00ean s\u1ef1 b\u00ecnh y\u00ean, nh\u01b0 m\u1ed9t l\u1eddi nh\u1eafc nh\u1edf ch\u00fang ta tr\u00e2n tr\u1ecdng v\u1ebb \u0111\u1eb9p gi\u1ea3n d\u1ecb c\u1ee7a thi\u00ean nhi\u00ean.<\/p>","protected":false},"featured_media":1163,"comment_status":"open","ping_status":"closed","template":"","meta":{"jetpack_post_was_ever_published":false},"product_brand":[],"product_cat":[33,86],"product_tag":[100,47,48],"class_list":{"0":"post-304","1":"product","2":"type-product","3":"status-publish","4":"has-post-thumbnail","6":"product_cat-floral-paintings","7":"product_cat-still-life","8":"product_tag-100","9":"product_tag-acrylic-on-canvas","10":"product_tag-floral","12":"first","13":"instock","14":"shipping-taxable","15":"purchasable","16":"product-type-simple"},"jetpack_sharing_enabled":true,"_links":{"self":[{"href":"https:\/\/florafinearts.com\/vi\/wp-json\/wp\/v2\/product\/304","targetHints":{"allow":["GET"]}}],"collection":[{"href":"https:\/\/florafinearts.com\/vi\/wp-json\/wp\/v2\/product"}],"about":[{"href":"https:\/\/florafinearts.com\/vi\/wp-json\/wp\/v2\/types\/product"}],"replies":[{"embeddable":true,"href":"https:\/\/florafinearts.com\/vi\/wp-json\/wp\/v2\/comments?post=304"}],"wp:featuredmedia":[{"embeddable":true,"href":"https:\/\/florafinearts.com\/vi\/wp-json\/wp\/v2\/media\/1163"}],"wp:attachment":[{"href":"https:\/\/florafinearts.com\/vi\/wp-json\/wp\/v2\/media?parent=304"}],"wp:term":[{"taxonomy":"product_brand","embeddable":true,"href":"https:\/\/florafinearts.com\/vi\/wp-json\/wp\/v2\/product_brand?post=304"},{"taxonomy":"product_cat","embeddable":true,"href":"https:\/\/florafinearts.com\/vi\/wp-json\/wp\/v2\/product_cat?post=304"},{"taxonomy":"product_tag","embeddable":true,"href":"https:\/\/florafinearts.com\/vi\/wp-json\/wp\/v2\/product_tag?post=304"}],"curies":[{"name":"wp","href":"https:\/\/api.w.org\/{rel}","templated":true}]}}