{"id":303,"date":"2018-04-05T17:43:48","date_gmt":"2018-04-05T17:43:48","guid":{"rendered":"http:\/\/demo.curlythemes.com\/art-gallery-wp\/?post_type=product&#038;p=267"},"modified":"2025-06-06T18:55:02","modified_gmt":"2025-06-06T18:55:02","slug":"nirvana-1","status":"publish","type":"product","link":"https:\/\/florafinearts.com\/vi\/san-pham\/nirvana-1\/","title":{"rendered":"Ni\u1ebft b\u00e0n 1"},"content":{"rendered":"<p>Nh\u01b0ng c\u0169ng nh\u01b0 ng\u1ecdn n\u1ebfn kh\u00f4ng th\u1ec3 ch\u00e1y m\u00e3i m\u00e3i, c\u00e1i t\u00f4i c\u0169ng kh\u00f4ng v\u0129nh c\u1eedu. Ch\u1ec9 khi ch\u00fang ta b\u1eaft \u0111\u1ea7u h\u00e0nh tr\u00ecnh \u0111\u1ebfn gi\u00e1c ng\u1ed9, ch\u1ea1m v\u00e0o \u00e1nh s\u00e1ng c\u1ee7a nh\u1eadn th\u1ee9c, ng\u1ecdn l\u1eeda m\u1edbi lung lay v\u00e0 t\u1eaft d\u1ea7n. \u0110\u00e2y l\u00e0 kho\u1ea3nh kh\u1eafc quan tr\u1ecdng trong b\u1ee9c tranh - khi ng\u1ecdn n\u1ebfn \u0111\u01b0\u1ee3c d\u1eadp t\u1eaft, khi c\u00e1i t\u00f4i kh\u00f4ng c\u00f2n g\u00e2y ra cho ch\u00fang ta n\u1ed7i \u0111au, lo \u00e2u hay b\u1ea5t an.<\/p>\n<p>Trong t\u00e1c ph\u1ea9m n\u00e0y, t\u00f4i mu\u1ed1n truy\u1ec1n t\u1ea3i s\u1ef1 b\u00ecnh y\u00ean v\u00e0 nh\u1eb9 nh\u00f5m c\u1ee7a kho\u1ea3nh kh\u1eafc \u0111\u00f3. Khi ng\u1ecdn l\u1eeda t\u1eaft, ta kh\u00f4ng c\u00f2n c\u1ea3m nh\u1eadn \u0111\u01b0\u1ee3c s\u1ee9c n\u00f3ng c\u1ee7a n\u00f3 n\u1eefa. S\u00e1p n\u1ebfn t\u1eebng l\u00e0m ta \u0111au \u0111\u1edbn gi\u1edd ch\u1ec9 c\u00f2n l\u00e0 k\u00fd \u1ee9c xa v\u1eddi. Ch\u00ednh t\u1ea1i kho\u1ea3nh kh\u1eafc n\u00e0y, ta nh\u1eafm m\u1eaft l\u1ea1i, bu\u00f4ng b\u1ecf m\u1ecdi th\u1ee9 v\u00e0 ch\u00ecm \u0111\u1eafm trong kh\u00f4ng gian bao la c\u1ee7a ni\u1ebft b\u00e0n - m\u1ed9t n\u01a1i kh\u00f4ng c\u00f2n s\u1ef1 r\u00e0ng bu\u1ed9c c\u1ee7a b\u1ea3n ng\u00e3, n\u01a1i ch\u1ec9 c\u00f2n l\u1ea1i s\u1ef1 b\u00ecnh y\u00ean v\u00e0 t\u0129nh l\u1eb7ng v\u00f4 t\u1eadn.<\/p>\n<p>T\u00f4i hy v\u1ecdng ng\u01b0\u1eddi xem kh\u00f4ng ch\u1ec9 nh\u00ecn th\u1ea5y ng\u1ecdn l\u1eeda d\u1ea7n t\u1eaft m\u00e0 c\u00f2n c\u1ea3m nh\u1eadn \u0111\u01b0\u1ee3c s\u1ef1 chuy\u1ec3n h\u00f3a b\u00ean trong - t\u1eeb nh\u1eefng c\u0103ng th\u1eb3ng v\u00e0 h\u1ed7n lo\u1ea1n c\u1ee7a b\u1ea3n ng\u00e3 \u0111\u1ebfn s\u1ef1 bu\u00f4ng b\u1ecf v\u00e0 t\u1ef1 do khi \u0111\u1ea1t \u0111\u1ebfn gi\u00e1c ng\u1ed9. Khi \u0111\u1ee9ng tr\u01b0\u1edbc b\u1ee9c tranh, t\u00f4i mong m\u1ed7i ng\u01b0\u1eddi c\u00f3 th\u1ec3 t\u00ecm th\u1ea5y m\u1ed9t ph\u1ea7n h\u00e0nh tr\u00ecnh c\u1ee7a ch\u00ednh m\u00ecnh, nh\u1eadn ra s\u1ef1 thay \u0111\u1ed5i trong b\u1ea3n th\u00e2n - t\u1eeb nh\u1eefng ng\u1ecdn l\u1eeda t\u1eebng thi\u00eau \u0111\u1ed1t t\u00e2m h\u1ed3n \u0111\u1ebfn nh\u1eefng kho\u1ea3nh kh\u1eafc t\u0129nh l\u1eb7ng khi m\u1ecdi th\u1ee9 tan bi\u1ebfn, ch\u1ec9 c\u00f2n l\u1ea1i ni\u1ec1m vui c\u1ee7a s\u1ef1 b\u00ecnh y\u00ean v\u00e0 hi\u1ec3u bi\u1ebft.<\/p>","protected":false},"excerpt":{"rendered":"<p>B\u1ee9c tranh \u0111\u1ea7u ti\u00ean trong b\u1ed9 <em>Ni\u1ebft b\u00e0n (Nirvana)<\/em> B\u1ed9 tranh n\u00e0y l\u00e0 s\u1ef1 ph\u1ea3n chi\u1ebfu ch\u00e2n th\u00e0nh v\u1ec1 h\u00e0nh tr\u00ecnh m\u00e0 t\u00f4i tin r\u1eb1ng m\u1ed7i ng\u01b0\u1eddi trong ch\u00fang ta \u0111\u1ec1u tr\u1ea3i qua trong cu\u1ed9c \u0111\u1eddi: con \u0111\u01b0\u1eddng d\u1eabn \u0111\u1ebfn gi\u00e1c ng\u1ed9, n\u01a1i c\u00e1i t\u00f4i \u2013 b\u1ea3n ng\u00e3 \u2013 d\u1ea7n tan bi\u1ebfn, nh\u01b0\u1eddng ch\u1ed7 cho s\u1ef1 b\u00ecnh y\u00ean v\u00f4 t\u1eadn. Ng\u1ecdn n\u1ebfn trong b\u1ee9c tranh, v\u1edbi ng\u1ecdn l\u1eeda nh\u1ecf ban \u0111\u1ea7u, t\u01b0\u1ee3ng tr\u01b0ng cho b\u1ea3n ng\u00e3 khi ta l\u1edbn l\u00ean t\u1eeb th\u1eddi th\u01a1 \u1ea5u. B\u1ea3n ng\u00e3 n\u00e0y theo th\u1eddi gian \u0111\u01b0\u1ee3c nu\u00f4i d\u01b0\u1ee1ng v\u00e0 l\u1edbn d\u1ea7n c\u00f9ng v\u1edbi nh\u1eefng tr\u1ea3i nghi\u1ec7m, kh\u00e1t khao, tham v\u1ecdng, v\u00e0 th\u1eed th\u00e1ch trong cu\u1ed9c s\u1ed1ng. \u0110\u1ebfn m\u1ed9t l\u00fac n\u00e0o \u0111\u00f3, ng\u1ecdn l\u1eeda b\u00f9ng ch\u00e1y m\u00e3nh li\u1ec7t, nh\u01b0 th\u1ec3 nh\u1ea5n ch\u00ecm ch\u00fang ta trong c\u01a1n l\u1ed1c c\u1ee7a t\u00ednh to\u00e1n, \u00e1p l\u1ef1c, v\u00e0 d\u1ee5c v\u1ecdng.<\/p>","protected":false},"featured_media":461,"comment_status":"open","ping_status":"closed","template":"","meta":{"jetpack_post_was_ever_published":false},"product_brand":[],"product_cat":[38],"product_tag":[47,46],"class_list":{"0":"post-303","1":"product","2":"type-product","3":"status-publish","4":"has-post-thumbnail","6":"product_cat-nirvana-collection","7":"product_tag-acrylic-on-canvas","8":"product_tag-nirvana-series","10":"first","11":"instock","12":"shipping-taxable","13":"product-type-simple"},"jetpack_sharing_enabled":true,"_links":{"self":[{"href":"https:\/\/florafinearts.com\/vi\/wp-json\/wp\/v2\/product\/303","targetHints":{"allow":["GET"]}}],"collection":[{"href":"https:\/\/florafinearts.com\/vi\/wp-json\/wp\/v2\/product"}],"about":[{"href":"https:\/\/florafinearts.com\/vi\/wp-json\/wp\/v2\/types\/product"}],"replies":[{"embeddable":true,"href":"https:\/\/florafinearts.com\/vi\/wp-json\/wp\/v2\/comments?post=303"}],"wp:featuredmedia":[{"embeddable":true,"href":"https:\/\/florafinearts.com\/vi\/wp-json\/wp\/v2\/media\/461"}],"wp:attachment":[{"href":"https:\/\/florafinearts.com\/vi\/wp-json\/wp\/v2\/media?parent=303"}],"wp:term":[{"taxonomy":"product_brand","embeddable":true,"href":"https:\/\/florafinearts.com\/vi\/wp-json\/wp\/v2\/product_brand?post=303"},{"taxonomy":"product_cat","embeddable":true,"href":"https:\/\/florafinearts.com\/vi\/wp-json\/wp\/v2\/product_cat?post=303"},{"taxonomy":"product_tag","embeddable":true,"href":"https:\/\/florafinearts.com\/vi\/wp-json\/wp\/v2\/product_tag?post=303"}],"curies":[{"name":"wp","href":"https:\/\/api.w.org\/{rel}","templated":true}]}}