{"id":302,"date":"2024-09-05T17:35:28","date_gmt":"2024-09-05T17:35:28","guid":{"rendered":"http:\/\/demo.curlythemes.com\/art-gallery-wp\/?post_type=product&#038;p=260"},"modified":"2025-04-17T06:58:58","modified_gmt":"2025-04-17T06:58:58","slug":"silent-reflection","status":"publish","type":"product","link":"https:\/\/florafinearts.com\/vi\/san-pham\/silent-reflection\/","title":{"rendered":"L\u1eb7ng soi"},"content":{"rendered":"<p class=\"lead\">S\u1ef1 t\u01b0\u01a1ng ph\u1ea3n s\u1ed1ng \u0111\u1ed9ng n\u00e0y l\u1ea1i l\u00e0m n\u00ean m\u1ed9t hi\u1ec7u qu\u1ea3 t\u1ed1t v\u1ec1 kh\u00f4ng kh\u00ed t\u0129nh l\u1eb7ng v\u00e0 gi\u1ea3n \u0111\u01a1n. Nh\u1eefng b\u00f4ng hoa \u0111\u1ecf, r\u1ef1c r\u1ee1 nh\u01b0ng kh\u00f4ng ph\u00f4 tr\u01b0\u01a1ng, \u0111\u1ee9ng l\u1eb7ng l\u1ebd s\u1ebd khi\u1ebfn ng\u01b0\u1eddi xem d\u1eebng l\u1ea1i v\u00e0 suy ng\u1eabm. L\u1eb7ng soi gi\u1ed1ng nh\u01b0 m\u1ed9t l\u1eddi nh\u1eafc nh\u1edf nh\u1eb9 nh\u00e0ng m\u00e0 l\u00e2u d\u00e0i v\u1ec1 v\u1ebb \u0111\u1eb9p thanh b\u00ecnh trong nh\u1eefng kho\u1ea3nh kh\u1eafc \u0111\u1eddi th\u01b0\u1eddng, n\u01a1i thi\u00ean nhi\u00ean v\u00e0 \u00e1nh s\u00e1ng h\u00f2a quy\u1ec7n m\u1ed9t c\u00e1ch \u00eam \u0111\u1ec1m.<\/p>","protected":false},"excerpt":{"rendered":"<p>M\u1ed9t b\u00ecnh hoa \u0111\u1ecf \u0111\u01a1n gi\u1ea3n \u0111\u01b0\u1ee3c chi\u1ebfu s\u00e1ng b\u1edfi \u00e1nh s\u00e1ng t\u1ef1 nhi\u00ean d\u1ecbu nh\u1eb9 xuy\u00ean qua khung c\u1eeda s\u1ed5. \u0110\u01b0\u1ee3c v\u1ebd b\u1eb1ng ch\u1ea5t li\u1ec7u acrylic tr\u00ean toan 50 x 70 cm, t\u00f4i s\u1eed d\u1ee5ng s\u1ef1 t\u01b0\u01a1ng ph\u1ea3n m\u1ea1nh gi\u1eefa nh\u1eefng b\u00f4ng hoa \u0111\u1ecf r\u1ef1c r\u1ee1 v\u00e0 t\u00f4ng \u0111en tr\u1eafng tr\u1ea7m m\u1eb7c c\u1ee7a b\u00ecnh hoa v\u00e0 khung c\u1eeda. Khung c\u1ea3nh c\u00e2y xanh b\u00ean ngo\u00e0i t\u1ea1o n\u00ean ph\u00f4ng n\u1ec1n y\u00ean b\u00ecnh, trong khi s\u1ef1 \u0111an xen gi\u1eefa \u00e1nh s\u00e1ng v\u00e0 b\u00f3ng t\u1ed1i l\u00e0m t\u0103ng chi\u1ec1u s\u00e2u v\u00e0 s\u1ee9c s\u1ed1ng cho b\u1ed1 c\u1ee5c.<\/p>","protected":false},"featured_media":1165,"comment_status":"open","ping_status":"closed","template":"","meta":{"jetpack_post_was_ever_published":false},"product_brand":[],"product_cat":[33,195],"product_tag":[47,48,49],"class_list":{"0":"post-302","1":"product","2":"type-product","3":"status-publish","4":"has-post-thumbnail","6":"product_cat-floral-paintings","7":"product_cat-small-paintings","8":"product_tag-acrylic-on-canvas","9":"product_tag-floral","10":"product_tag-knife-palette-painting","12":"first","13":"outofstock","14":"shipping-taxable","15":"purchasable","16":"product-type-simple"},"jetpack_sharing_enabled":true,"_links":{"self":[{"href":"https:\/\/florafinearts.com\/vi\/wp-json\/wp\/v2\/product\/302","targetHints":{"allow":["GET"]}}],"collection":[{"href":"https:\/\/florafinearts.com\/vi\/wp-json\/wp\/v2\/product"}],"about":[{"href":"https:\/\/florafinearts.com\/vi\/wp-json\/wp\/v2\/types\/product"}],"replies":[{"embeddable":true,"href":"https:\/\/florafinearts.com\/vi\/wp-json\/wp\/v2\/comments?post=302"}],"wp:featuredmedia":[{"embeddable":true,"href":"https:\/\/florafinearts.com\/vi\/wp-json\/wp\/v2\/media\/1165"}],"wp:attachment":[{"href":"https:\/\/florafinearts.com\/vi\/wp-json\/wp\/v2\/media?parent=302"}],"wp:term":[{"taxonomy":"product_brand","embeddable":true,"href":"https:\/\/florafinearts.com\/vi\/wp-json\/wp\/v2\/product_brand?post=302"},{"taxonomy":"product_cat","embeddable":true,"href":"https:\/\/florafinearts.com\/vi\/wp-json\/wp\/v2\/product_cat?post=302"},{"taxonomy":"product_tag","embeddable":true,"href":"https:\/\/florafinearts.com\/vi\/wp-json\/wp\/v2\/product_tag?post=302"}],"curies":[{"name":"wp","href":"https:\/\/api.w.org\/{rel}","templated":true}]}}