{"id":301,"date":"2024-09-05T17:27:40","date_gmt":"2024-09-05T17:27:40","guid":{"rendered":"http:\/\/demo.curlythemes.com\/art-gallery-wp\/?post_type=product&#038;p=253"},"modified":"2025-04-18T06:07:26","modified_gmt":"2025-04-18T06:07:26","slug":"whispering-greens","status":"publish","type":"product","link":"https:\/\/florafinearts.com\/vi\/san-pham\/whispering-greens\/","title":{"rendered":"Th\u00ec th\u1ea7m m\u00e0u xanh"},"content":{"rendered":"","protected":false},"excerpt":{"rendered":"<p><em>Th\u00ec th\u1ea7m m\u00e0u xanh<\/em> t\u00e1i hi\u1ec7n v\u1ebb \u0111\u1eb9p t\u0129nh l\u1eb7ng c\u1ee7a thi\u00ean nhi\u00ean qua nh\u1eefng n\u00e9t c\u1ecd m\u1ec1m m\u1ea1i v\u00e0 uy\u1ec3n chuy\u1ec3n tr\u00ean toan 50 x 70 cm. T\u00f4i ch\u1ecdn s\u1eafc xanh nh\u1ea1t l\u00e0m n\u1ec1n, \u0111\u1ec3 nh\u1eefng b\u00f4ng hoa tr\u1eafng m\u1ea3nh mai kh\u1ebd lay \u0111\u1ed9ng trong kh\u00f4ng gian. C\u00e1c \u0111\u01b0\u1eddng n\u00e9t nh\u1eb9 nh\u00e0ng c\u1ee7a hoa v\u00e0 th\u00e2n c\u00e2y mang l\u1ea1i c\u1ea3m gi\u00e1c th\u01b0 th\u00e1i, trong khi ph\u00f4ng n\u1ec1n m\u1edd \u1ea3o g\u1ee3i l\u00ean m\u1ed9t ch\u00fat m\u1ed9ng m\u01a1.<\/p>\n<p>T\u00e1c ph\u1ea9m n\u00e0y th\u1ec3 hi\u1ec7n mong mu\u1ed1n c\u1ee7a t\u00f4i trong vi\u1ec7c \u0111\u00f3n nh\u1eadn s\u1ef1 gi\u1ea3n \u0111\u01a1n v\u00e0 k\u1ebft n\u1ed1i v\u1edbi nh\u1eefng kho\u1ea3nh kh\u1eafc nh\u1ecf b\u00e9 mang l\u1ea1i b\u00ecnh y\u00ean. <em>Th\u00ec th\u1ea7m m\u00e0u xanh<\/em> l\u00e0 l\u1eddi nh\u1eafn nh\u1ee7 h\u00e3y d\u1eebng l\u1ea1i, h\u00edt th\u1edf v\u00e0 c\u1ea3m nh\u1eadn ngu\u1ed3n n\u0103ng l\u01b0\u1ee3ng d\u1ecbu d\u00e0ng lu\u00f4n hi\u1ec7n h\u1eefu xung quanh ch\u00fang ta.<\/p>","protected":false},"featured_media":1167,"comment_status":"open","ping_status":"closed","template":"","meta":{"jetpack_post_was_ever_published":false},"product_brand":[],"product_cat":[33,195,86],"product_tag":[47,48],"class_list":{"0":"post-301","1":"product","2":"type-product","3":"status-publish","4":"has-post-thumbnail","6":"product_cat-floral-paintings","7":"product_cat-small-paintings","8":"product_cat-still-life","9":"product_tag-acrylic-on-canvas","10":"product_tag-floral","12":"first","13":"outofstock","14":"shipping-taxable","15":"product-type-simple"},"jetpack_sharing_enabled":true,"_links":{"self":[{"href":"https:\/\/florafinearts.com\/vi\/wp-json\/wp\/v2\/product\/301","targetHints":{"allow":["GET"]}}],"collection":[{"href":"https:\/\/florafinearts.com\/vi\/wp-json\/wp\/v2\/product"}],"about":[{"href":"https:\/\/florafinearts.com\/vi\/wp-json\/wp\/v2\/types\/product"}],"replies":[{"embeddable":true,"href":"https:\/\/florafinearts.com\/vi\/wp-json\/wp\/v2\/comments?post=301"}],"wp:featuredmedia":[{"embeddable":true,"href":"https:\/\/florafinearts.com\/vi\/wp-json\/wp\/v2\/media\/1167"}],"wp:attachment":[{"href":"https:\/\/florafinearts.com\/vi\/wp-json\/wp\/v2\/media?parent=301"}],"wp:term":[{"taxonomy":"product_brand","embeddable":true,"href":"https:\/\/florafinearts.com\/vi\/wp-json\/wp\/v2\/product_brand?post=301"},{"taxonomy":"product_cat","embeddable":true,"href":"https:\/\/florafinearts.com\/vi\/wp-json\/wp\/v2\/product_cat?post=301"},{"taxonomy":"product_tag","embeddable":true,"href":"https:\/\/florafinearts.com\/vi\/wp-json\/wp\/v2\/product_tag?post=301"}],"curies":[{"name":"wp","href":"https:\/\/api.w.org\/{rel}","templated":true}]}}