{"id":300,"date":"2024-09-05T17:24:22","date_gmt":"2024-09-05T17:24:22","guid":{"rendered":"http:\/\/demo.curlythemes.com\/art-gallery-wp\/?post_type=product&#038;p=248"},"modified":"2025-04-18T02:31:50","modified_gmt":"2025-04-18T02:31:50","slug":"japanese-geisha-ceramic","status":"publish","type":"product","link":"https:\/\/florafinearts.com\/vi\/san-pham\/japanese-geisha-ceramic\/","title":{"rendered":"Bu\u1ed5i chi\u1ec1u trong v\u01b0\u1eddn"},"content":{"rendered":"","protected":false},"excerpt":{"rendered":"<p>Nh\u1eefng bu\u1ed5i chi\u1ec1u trong v\u01b0\u1eddn lu\u00f4n c\u00f3 m\u1ed9t c\u1ea3m gi\u00e1c d\u1ecbu d\u00e0ng \u0111\u1eb7c bi\u1ec7t. B\u1ee9c tranh n\u00e0y kh\u00f4ng v\u1ebd v\u1ec1 khu v\u01b0\u1eddn c\u0169 c\u1ee7a t\u00f4i, m\u00e0 n\u00f3 l\u00e0 khu v\u01b0\u1eddn c\u1ee7a m\u1ed9t ai \u0111\u00f3, nh\u01b0ng c\u1ea3m x\u00fac v\u1ec1 n\u00f3 th\u00ec \u0111\u1ec1u h\u01b0\u1edbng v\u1ec1 khu v\u01b0\u1eddn n\u01a1i ng\u00f4i nh\u00e0 c\u0169. T\u00ecnh c\u1ea3m v\u1edbi nh\u1eefng g\u00ec t\u01b0\u1edfng nh\u01b0 v\u00f4 tri nh\u01b0ng l\u1ea1i lu\u00f4n c\u00f3 th\u1eadt. Ch\u00fang ta \u0111\u01b0\u1ee3c l\u00e0m n\u00ean b\u1edfi nh\u1eefng k\u1ebft n\u1ed1i nh\u01b0 v\u1eady v\u1edbi nh\u1eefng \u0111i\u1ec1u b\u00ecnh th\u01b0\u1eddng nh\u1ecf b\u00e9 h\u00e0ng ng\u00e0y xung quanh cu\u1ed9c s\u1ed1ng c\u1ee7a ch\u00fang ta.<\/p>\n<p class=\"lead\">C\u00f3 khi n\u00e0o b\u1ea1n ng\u1ed3i m\u1ed9t m\u00ecnh trong v\u01b0\u1eddn chi\u1ec1u, ng\u1eafm n\u1eafng r\u01a1i l\u1ed1m \u0111\u1ed1m tr\u00ean m\u1eb7t b\u00e0n, m\u00f9i hoa thoang tho\u1ea3ng nh\u00e8 nh\u1eb9, v\u00e0 ti\u1ebfng chim h\u00f3t. C\u1ea3m gi\u00e1c th\u1ea7n ti\u00ean lan to\u1ea3 t\u1eeb \u0111\u1ea7u \u0111\u1ebfn ch\u00e2n, \u0111\u00f3 ch\u00ednh l\u00e0 ph\u00fat gi\u00e2y an l\u1ea1c m\u00e0 kh\u00f4ng g\u00ec c\u00f3 th\u1ec3 mua \u0111\u01b0\u1ee3c. B\u1ea7u kh\u00f4ng kh\u00ed \u1ea5y l\u00e0 v\u0129nh c\u1eedu, khi b\u1ea1n s\u1ed1ng tr\u1ecdn v\u1eb9n trong \u0111\u00f3.<\/p>\n<p class=\"lead\">B\u1ee9c n\u00e0y \u0111\u01b0\u1ee3c v\u1ebd b\u1eb1ng Acrylic tr\u00ean toan 60 x 70 cm. \u0110\u00e2y l\u00e0 m\u1ed9t trong nh\u1eefng b\u1ee9c t\u00f4i ch\u1ec9 mu\u1ed1n k\u00e9o d\u00e0i m\u00e3i th\u1eddi gian v\u1ebd, v\u00ec m\u1ed7i m\u1ed9t n\u00e9t c\u1ecd l\u00e0 m\u1ed9t ni\u1ec1m h\u00e2n hoan, v\u00e0 khi ph\u1ea3i k\u1ebft th\u00fac b\u1ee9c tranh, t\u00f4i c\u1ee9 ng\u1ea9n ng\u01a1.<\/p>","protected":false},"featured_media":1159,"comment_status":"open","ping_status":"closed","template":"","meta":{"jetpack_post_was_ever_published":false},"product_brand":[],"product_cat":[33,86],"product_tag":[101,47,48],"class_list":{"0":"post-300","1":"product","2":"type-product","3":"status-publish","4":"has-post-thumbnail","6":"product_cat-floral-paintings","7":"product_cat-still-life","8":"product_tag-101","9":"product_tag-acrylic-on-canvas","10":"product_tag-floral","12":"first","13":"instock","14":"shipping-taxable","15":"purchasable","16":"product-type-simple"},"jetpack_sharing_enabled":true,"_links":{"self":[{"href":"https:\/\/florafinearts.com\/vi\/wp-json\/wp\/v2\/product\/300","targetHints":{"allow":["GET"]}}],"collection":[{"href":"https:\/\/florafinearts.com\/vi\/wp-json\/wp\/v2\/product"}],"about":[{"href":"https:\/\/florafinearts.com\/vi\/wp-json\/wp\/v2\/types\/product"}],"replies":[{"embeddable":true,"href":"https:\/\/florafinearts.com\/vi\/wp-json\/wp\/v2\/comments?post=300"}],"wp:featuredmedia":[{"embeddable":true,"href":"https:\/\/florafinearts.com\/vi\/wp-json\/wp\/v2\/media\/1159"}],"wp:attachment":[{"href":"https:\/\/florafinearts.com\/vi\/wp-json\/wp\/v2\/media?parent=300"}],"wp:term":[{"taxonomy":"product_brand","embeddable":true,"href":"https:\/\/florafinearts.com\/vi\/wp-json\/wp\/v2\/product_brand?post=300"},{"taxonomy":"product_cat","embeddable":true,"href":"https:\/\/florafinearts.com\/vi\/wp-json\/wp\/v2\/product_cat?post=300"},{"taxonomy":"product_tag","embeddable":true,"href":"https:\/\/florafinearts.com\/vi\/wp-json\/wp\/v2\/product_tag?post=300"}],"curies":[{"name":"wp","href":"https:\/\/api.w.org\/{rel}","templated":true}]}}