{"id":299,"date":"2018-04-05T16:30:31","date_gmt":"2018-04-05T16:30:31","guid":{"rendered":"http:\/\/demo.curlythemes.com\/art-gallery-wp\/?post_type=product&#038;p=237"},"modified":"2025-04-17T07:00:16","modified_gmt":"2025-04-17T07:00:16","slug":"vibrant-harmony","status":"publish","type":"product","link":"https:\/\/florafinearts.com\/vi\/san-pham\/vibrant-harmony\/","title":{"rendered":"H\u00f2a \u00e2m r\u1ef1c r\u1ee1"},"content":{"rendered":"<p class=\"lead\">V\u1ebd s\u1ef1 m\u1ec1m m\u1ea1i tinh t\u1ebf c\u1ee7a hoa, hay nh\u1eefng chi ti\u1ebft m\u1ecfng manh nh\u01b0 r\u00e8m voan c\u1eeda s\u1ed5 b\u1eb1ng dao lu\u00f4n l\u00e0 m\u1ed9t th\u1eed th\u00e1ch v\u00e0 khi v\u1ebd xong lu\u00f4n mang l\u1ea1i m\u1ed9t c\u1ea3m gi\u00e1c th\u00edch th\u00fa kinh ng\u1ea1c. \u0110\u00e2y l\u00e0 m\u1ed9t trong nh\u1eefng b\u1ee9c v\u1ebd y\u00eau th\u00edch nh\u1ea5t c\u1ee7a t\u00f4i.<\/p>","protected":false},"excerpt":{"rendered":"<p class=\"lead\">V\u1ebd b\u1eb1ng dao palette lu\u00f4n l\u00e0 m\u1ed9t tr\u1ea3i nghi\u1ec7m mang l\u1ea1i cho t\u00f4i nhi\u1ec1u c\u1ea3m x\u00fac v\u00e0 h\u1ee9ng kh\u1edfi h\u1ebft l\u1ea7n n\u00e0y \u0111\u1ebfn l\u1ea7n kh\u00e1c. T\u00f4i kh\u00e1m ph\u00e1 ra kh\u1ea3 n\u0103ng v\u1ebd t\u1ed1t b\u1eb1ng dao c\u1ee7a m\u00ecnh ngay t\u1eeb nh\u1eefng b\u1ee9c \u0111\u1ea7u ti\u00ean. V\u1ebd b\u1eb1ng dao lu\u00f4n mang \u0111\u1ebfn c\u1ea3m gi\u00e1c phi\u00eau l\u01b0u, bay b\u1ed5ng nh\u01b0ng c\u0169ng quy\u1ebft \u0111o\u00e1n v\u00e0 gi\u00e0u t\u01b0\u1edfng t\u01b0\u1ee3ng h\u01a1n. \u0110i\u1ec1u n\u00e0y \u0111\u1eb7c bi\u1ec7t ph\u00f9 h\u1ee3p v\u1edbi phong c\u00e1ch v\u00e0 t\u00ednh c\u00e1ch c\u1ee7a t\u00f4i.<\/p>","protected":false},"featured_media":1161,"comment_status":"open","ping_status":"closed","template":"","meta":{"jetpack_post_was_ever_published":false},"product_brand":[],"product_cat":[33,195],"product_tag":[47,48,49],"class_list":{"0":"post-299","1":"product","2":"type-product","3":"status-publish","4":"has-post-thumbnail","6":"product_cat-floral-paintings","7":"product_cat-small-paintings","8":"product_tag-acrylic-on-canvas","9":"product_tag-floral","10":"product_tag-knife-palette-painting","12":"first","13":"outofstock","14":"shipping-taxable","15":"purchasable","16":"product-type-simple"},"jetpack_sharing_enabled":true,"_links":{"self":[{"href":"https:\/\/florafinearts.com\/vi\/wp-json\/wp\/v2\/product\/299","targetHints":{"allow":["GET"]}}],"collection":[{"href":"https:\/\/florafinearts.com\/vi\/wp-json\/wp\/v2\/product"}],"about":[{"href":"https:\/\/florafinearts.com\/vi\/wp-json\/wp\/v2\/types\/product"}],"replies":[{"embeddable":true,"href":"https:\/\/florafinearts.com\/vi\/wp-json\/wp\/v2\/comments?post=299"}],"wp:featuredmedia":[{"embeddable":true,"href":"https:\/\/florafinearts.com\/vi\/wp-json\/wp\/v2\/media\/1161"}],"wp:attachment":[{"href":"https:\/\/florafinearts.com\/vi\/wp-json\/wp\/v2\/media?parent=299"}],"wp:term":[{"taxonomy":"product_brand","embeddable":true,"href":"https:\/\/florafinearts.com\/vi\/wp-json\/wp\/v2\/product_brand?post=299"},{"taxonomy":"product_cat","embeddable":true,"href":"https:\/\/florafinearts.com\/vi\/wp-json\/wp\/v2\/product_cat?post=299"},{"taxonomy":"product_tag","embeddable":true,"href":"https:\/\/florafinearts.com\/vi\/wp-json\/wp\/v2\/product_tag?post=299"}],"curies":[{"name":"wp","href":"https:\/\/api.w.org\/{rel}","templated":true}]}}