{"id":2479,"date":"2025-05-26T11:38:54","date_gmt":"2025-05-26T11:38:54","guid":{"rendered":"https:\/\/florafinearts.com\/?post_type=product&#038;p=2479"},"modified":"2025-05-28T04:49:59","modified_gmt":"2025-05-28T04:49:59","slug":"minh-long-porcelain-cup-dreamy-da-lat-no-1-2","status":"publish","type":"product","link":"https:\/\/florafinearts.com\/vi\/san-pham\/minh-long-porcelain-cup-dreamy-da-lat-no-1-2\/","title":{"rendered":"C\u1ed1c s\u1ee9 Minh Long Cao c\u1ea5p - \u0110\u00e0 L\u1ea1t trong m\u01a1 S\u1ed1 3"},"content":{"rendered":"","protected":false},"excerpt":{"rendered":"<p data-start=\"259\" data-end=\"446\">\u2705 S\u1ea3n ph\u1ea9m ch\u1ea5t l\u01b0\u1ee3ng cao in t\u1eeb ph\u00f4i c\u1ed1c c\u1ee7a th\u01b0\u01a1ng hi\u1ec7u Minh Long \u2013 b\u1ec1n, an to\u00e0n, gi\u1eef nhi\u1ec7t t\u1ed1t<br data-start=\"357\" data-end=\"360\" \/>\ud83c\udf81 H\u1ed9p qu\u00e0 t\u1eb7ng trang nh\u00e3 \u2013 th\u00edch h\u1ee3p l\u00e0m qu\u00e0 sinh nh\u1eadt, qu\u00e0 tri \u00e2n, qu\u00e0 t\u1eb7ng ngh\u1ec7 thu\u1eadt<\/p>\n<p data-start=\"448\" data-end=\"623\">\ud83d\udce6 C\u00f3 th\u1ec3 \u0111\u1eb7t ri\u00eang theo b\u1ed9 <strong data-start=\"471\" data-end=\"493\">Flora Art Gift Set<\/strong> 8 c\u1ed1c ho\u1eb7c mua l\u1ebb.<\/p>\n<p data-start=\"448\" data-end=\"623\">Gi\u00e1 \u0111\u00e3 bao g\u1ed3m ph\u00ed v\u1eadn chuy\u1ec3n n\u1ed9i th\u00e0nh TP HCM. \u0110\u1ed1i v\u1edbi c\u00e1c \u0111\u01a1n h\u00e0ng \u1edf xa, ch\u00fang t\u00f4i s\u1ebd b\u00e1o chi ph\u00ed ch\u00ednh x\u00e1c sau khi x\u00e1c nh\u1eadn \u0111\u1ecba ch\u1ec9.<\/p>\n<p data-start=\"448\" data-end=\"623\">\u0110\u1eb7t h\u00e0ng tr\u1ef1c ti\u1ebfp t\u1ea1i \u0111\u00e2y v\u00e0 mang v\u1ec1 m\u1ed9t g\u00f3c nh\u1ecf \u00eam \u0111\u1ec1m cho t\u00e2m h\u1ed3n b\u1ea1n. Ho\u1eb7c li\u00ean h\u1ec7 v\u1edbi ch\u00fang t\u00f4i qua inbox \u0111\u1ec3 \u0111\u01b0\u1ee3c t\u01b0 v\u1ea5n tr\u1ef1c ti\u1ebfp cho c\u00e1c y\u00eau c\u1ea7u \u0111\u1eb7c bi\u1ec7t t\u1ea1i:<\/p>\n<p data-start=\"448\" data-end=\"623\"><a href=\"https:\/\/www.facebook.com\/floradoarts\/\"><img loading=\"lazy\" decoding=\"async\" class=\"alignnone wp-image-2590\" src=\"https:\/\/florafinearts.com\/wp-content\/uploads\/2025\/05\/Facebook_Logo_2019-300x300.png\" alt=\"\" width=\"41\" height=\"41\" srcset=\"https:\/\/florafinearts.com\/wp-content\/uploads\/2025\/05\/Facebook_Logo_2019-300x300.png 300w, https:\/\/florafinearts.com\/wp-content\/uploads\/2025\/05\/Facebook_Logo_2019-1024x1024.png 1024w, https:\/\/florafinearts.com\/wp-content\/uploads\/2025\/05\/Facebook_Logo_2019-150x150.png 150w, https:\/\/florafinearts.com\/wp-content\/uploads\/2025\/05\/Facebook_Logo_2019-768x768.png 768w, https:\/\/florafinearts.com\/wp-content\/uploads\/2025\/05\/Facebook_Logo_2019-12x12.png 12w, https:\/\/florafinearts.com\/wp-content\/uploads\/2025\/05\/Facebook_Logo_2019-750x750.png 750w, https:\/\/florafinearts.com\/wp-content\/uploads\/2025\/05\/Facebook_Logo_2019.png 1200w\" sizes=\"auto, (max-width: 41px) 100vw, 41px\" \/><\/a>\u00a0<a href=\"https:\/\/www.instagram.com\/flora.do.arts\/\"><img loading=\"lazy\" decoding=\"async\" class=\"alignnone  wp-image-2589\" src=\"https:\/\/florafinearts.com\/wp-content\/uploads\/2025\/05\/Untitled-design-300x300.png\" alt=\"\" width=\"50\" height=\"50\" srcset=\"https:\/\/florafinearts.com\/wp-content\/uploads\/2025\/05\/Untitled-design-300x300.png 300w, https:\/\/florafinearts.com\/wp-content\/uploads\/2025\/05\/Untitled-design-150x150.png 150w, https:\/\/florafinearts.com\/wp-content\/uploads\/2025\/05\/Untitled-design-12x12.png 12w, https:\/\/florafinearts.com\/wp-content\/uploads\/2025\/05\/Untitled-design.png 500w\" sizes=\"auto, (max-width: 50px) 100vw, 50px\" \/><\/a><\/p>","protected":false},"featured_media":2480,"comment_status":"open","ping_status":"closed","template":"","meta":{"jetpack_post_was_ever_published":false},"product_brand":[213],"product_cat":[214,223],"product_tag":[221,218],"class_list":{"0":"post-2479","1":"product","2":"type-product","3":"status-publish","4":"has-post-thumbnail","6":"product_brand-flora-arts-gift","7":"product_cat-art-gifts","8":"product_cat-cups","9":"product_tag-art-gift-set","10":"product_tag-flora-art-cups","12":"first","13":"instock","14":"shipping-taxable","15":"purchasable","16":"product-type-simple"},"jetpack_sharing_enabled":true,"_links":{"self":[{"href":"https:\/\/florafinearts.com\/vi\/wp-json\/wp\/v2\/product\/2479","targetHints":{"allow":["GET"]}}],"collection":[{"href":"https:\/\/florafinearts.com\/vi\/wp-json\/wp\/v2\/product"}],"about":[{"href":"https:\/\/florafinearts.com\/vi\/wp-json\/wp\/v2\/types\/product"}],"replies":[{"embeddable":true,"href":"https:\/\/florafinearts.com\/vi\/wp-json\/wp\/v2\/comments?post=2479"}],"wp:featuredmedia":[{"embeddable":true,"href":"https:\/\/florafinearts.com\/vi\/wp-json\/wp\/v2\/media\/2480"}],"wp:attachment":[{"href":"https:\/\/florafinearts.com\/vi\/wp-json\/wp\/v2\/media?parent=2479"}],"wp:term":[{"taxonomy":"product_brand","embeddable":true,"href":"https:\/\/florafinearts.com\/vi\/wp-json\/wp\/v2\/product_brand?post=2479"},{"taxonomy":"product_cat","embeddable":true,"href":"https:\/\/florafinearts.com\/vi\/wp-json\/wp\/v2\/product_cat?post=2479"},{"taxonomy":"product_tag","embeddable":true,"href":"https:\/\/florafinearts.com\/vi\/wp-json\/wp\/v2\/product_tag?post=2479"}],"curies":[{"name":"wp","href":"https:\/\/api.w.org\/{rel}","templated":true}]}}