{"id":2466,"date":"2025-05-26T12:42:26","date_gmt":"2025-05-26T12:42:26","guid":{"rendered":"https:\/\/florafinearts.com\/?post_type=product&#038;p=2466"},"modified":"2026-02-18T03:21:13","modified_gmt":"2026-02-18T03:21:13","slug":"tulip-trang-so-2","status":"publish","type":"product","link":"https:\/\/florafinearts.com\/vi\/san-pham\/tulip-trang-so-2\/","title":{"rendered":"Tulip Tr\u1eafng - S\u1ed1 2"},"content":{"rendered":"","protected":false},"excerpt":{"rendered":"<p data-start=\"113\" data-end=\"482\">Tr\u01b0\u1edfng th\u00e0nh l\u00e0 h\u00e0nh tr\u00ecnh h\u1ecdc c\u00e1ch th\u00f4i ng\u1ea1c nhi\u00ean v\u1ec1 m\u1ecdi \u0111i\u1ec1u l\u1edbn nh\u1ecf trong cu\u1ed9c s\u1ed1ng, l\u00e0 h\u00e0nh tr\u00ecnh ch\u1ea5p nh\u1eadn v\u00e0 \u0111\u00f3n nh\u1eadn.<br data-start=\"227\" data-end=\"230\" \/>C\u00f3 nh\u1eefng cu\u1ed9c \u0111\u1eddi s\u1ed1ng t\u1edbi t\u1eadn v\u1ea1ch \u0111\u00edch v\u1eabn ch\u01b0a tr\u01b0\u1edfng th\u00e0nh, nh\u01b0ng l\u1ea1i c\u00f3 nh\u1eefng cu\u1ed9c \u0111\u1eddi tr\u01b0\u1edfng th\u00e0nh t\u1eeb nh\u1eefng ng\u00e0y c\u00f2n t\u01b0\u1edfng nh\u01b0 r\u1ea5t xanh non.<\/p>\n<p data-start=\"484\" data-end=\"945\">Tu\u1ea7n v\u1eeba r\u1ed3i m\u00ecnh c\u00f3 c\u01a1 h\u1ed9i \u0111\u01b0\u1ee3c d\u00e0nh v\u00e0i ng\u00e0y b\u00ean c\u1ea1nh nh\u1eefng b\u1ea1n tr\u1ebb ch\u1ec9 m\u1edbi \u1edf nh\u1eefng n\u0103m \u0111\u1ea7u ti\u00ean t\u01b0\u01a1i \u0111\u1eb9p c\u1ee7a tu\u1ed5i 20. Hai b\u1ea1n l\u00e0 ng\u01b0\u1eddi M\u1ef9 v\u00e0 m\u1ed9t b\u1ea1n l\u00e0 ng\u01b0\u1eddi Vi\u1ec7t Nam \u0111\u00e3 s\u1ed1ng \u1edf M\u1ef9 t\u1eeb n\u0103m 14 tu\u1ed5i. M\u00ecnh c\u1ef1c k\u1ef3 h\u1ea1nh ph\u00fac, v\u00ec \u0111\u01b0\u1ee3c n\u00f3i chuy\u1ec7n v\u1edbi nh\u1eefng ng\u01b0\u1eddi tr\u1ebb nh\u01b0ng \u0111\u00e3 c\u00f3 m\u1ed9t s\u1ef1 tr\u01b0\u1edfng th\u00e0nh kinh ng\u1ea1c v\u1ec1 m\u1eb7t t\u00e2m h\u1ed3n (n\u1ebfu d\u00f9ng \u0111\u00fang t\u1eeb l\u00e0 t\u00e2m linh - spiritual, nh\u01b0ng ch\u1eef n\u00e0y hay b\u1ecb hi\u1ec3u nh\u1ea7m n\u00ean m\u00ecnh kh\u00f4ng d\u00f9ng).<\/p>\n<p data-start=\"947\" data-end=\"1307\">M\u1ed9t trong 2 ng\u01b0\u1eddi b\u1ea1n M\u1ef9 \u0111\u00e3 \u0111\u1ecdc g\u1ea7n h\u1ebft c\u00e1c cu\u1ed1n s\u00e1ch c\u1ee7a Th\u00edch Nh\u1ea5t H\u1ea1nh, th\u1eadm ch\u00ed nh\u1eafc \u0111\u1ebfn cu\u1ed1n n\u00e0o b\u1ea1n c\u0169ng thu\u1ed9c, b\u1ea1n c\u00f3 th\u1ec3 \u0111\u1ecdc ch\u00ednh x\u00e1c t\u1eebng c\u00e2u th\u01a1. B\u1ea1n kh\u00f4ng d\u00f9ng m\u1ea1ng x\u00e3 h\u1ed9i, v\u00e0 c\u00f3 th\u1ec3 n\u00f3i chuy\u1ec7n th\u1eadt s\u1ef1 s\u00e2u v\u1edbi m\u00ecnh v\u1ec1 nh\u1eefng chuy\u1ec7n m\u00e0 nhi\u1ec1u khi m\u00ecnh r\u1ea5t kh\u00f3 kh\u0103n \u0111\u1ec3 chia s\u1ebb v\u1edbi m\u1ed9t ng\u01b0\u1eddi b\u1eb1ng tu\u1ed5i m\u00ecnh hay th\u1eadm ch\u00ed gi\u00e0 h\u01a1n. \u1ede ph\u1ea1m vi n\u00e0y, th\u1eadt s\u1ef1 tu\u1ed5i t\u00e1c \u0111\u00fang ch\u1ec9 l\u00e0 nh\u1eefng con s\u1ed1.<\/p>\n<p data-start=\"1309\" data-end=\"1584\">Trong m\u1ed9t cu\u1ed9c h\u1ed9i tho\u1ea1i v\u1edbi m\u1ed9t trong ba b\u1ea1n, m\u00ecnh c\u00f3 n\u00f3i r\u1eb1ng m\u00ecnh qu\u00e1 m\u1eebng v\u00ec kh\u00e1c v\u1edbi nh\u1eefng g\u00ec truy\u1ec1n th\u00f4ng m\u00f4 t\u1ea3 v\u1ec1 m\u1ed9t th\u1ebf h\u1ec7 tr\u1ebb h\u1eddi h\u1ee3t, m\u00ecnh \u0111ang nh\u00ecn th\u1ea5y nh\u1eefng \u0111i\u1ec1u ng\u01b0\u1ee3c l\u1ea1i.<\/p>\n<p data-start=\"1586\" data-end=\"1960\">M\u1eb7c d\u00f9 c\u00e1c b\u1ea1n l\u00e0 nh\u1eefng ng\u01b0\u1eddi tr\u1ebb hi\u1ebfm hoi, con trai m\u00ecnh k\u00e9m c\u00e1c b\u1ea1n v\u00e0i tu\u1ed5i, v\u00e0 v\u1eabn \u0111ang h\u0103m h\u1edf lao v\u00e0o cu\u1ed9c \u0111\u1eddi v\u1edbi t\u1ea5t c\u1ea3 nh\u1eefng ham mu\u1ed1n m\u00e0 m\u1ed9t ng\u01b0\u1eddi tr\u1ebb th\u01b0\u1eddng c\u00f3. D\u00f9 c\u00e1ch \u0111\u00e2y v\u00e0i n\u0103m, khi l\u00e0m m\u1ed9t d\u1ef1 \u00e1n nh\u1ecf \u1edf tr\u01b0\u1eddng, con c\u00f3 th\u1ef1c hi\u1ec7n m\u1ed9t v-log \u0111\u1ec3 review v\u1ec1 m\u1ed9t cu\u1ed1n s\u00e1ch, con ch\u1ecdn cu\u1ed1n <em data-start=\"1807\" data-end=\"1825\">S\u1ee9c m\u1ea1nh c\u1ee7a hi\u1ec7n t\u1ea1i<\/em>. M\u00ecnh kh\u00f4ng \u0111\u01b0\u1ee3c bi\u1ebft ch\u00ednh x\u00e1c cu\u1ed1i c\u00f9ng con \u0111\u00e3 n\u00f3i v\u1ec1 cu\u1ed1n s\u00e1ch \u0111\u00f3 nh\u01b0 th\u1ebf n\u00e0o, nh\u01b0ng d\u00f9 sao, \u0111\u00f3 c\u0169ng nh\u01b0 m\u1ed9t c\u00e1i duy\u00ean.<\/p>\n<p data-start=\"1962\" data-end=\"2341\">C\u00f3 th\u1ec3 ch\u01b0a ph\u1ea3i l\u00e0 ngay b\u00e2y gi\u1edd, c\u00f3 th\u1ec3 c\u0169ng ch\u01b0a ph\u1ea3i trong 10 n\u0103m t\u1edbi, nh\u01b0ng m\u00ecnh tin r\u1eb1ng c\u00e0ng ng\u00e0y, con c\u00e1i m\u00ecnh, l\u1edbp tr\u1ebb, s\u1ebd c\u00e0ng nh\u00ecn cu\u1ed9c \u0111\u1eddi s\u00e2u s\u1eafc v\u00e0 ch\u1ea1m t\u1edbi t\u1ec9nh th\u1ee9c s\u1edbm h\u01a1n. S\u1edbm h\u01a1n nh\u1eefng b\u1eadc cha m\u1eb9 l\u1edbn l\u00ean trong m\u1ed9t giai \u0111o\u1ea1n x\u00e3 h\u1ed9i bi\u1ebfn \u0111\u1ed5i s\u00e2u s\u1eafc, c\u00e1c gi\u00e1 tr\u1ecb s\u1ed1ng v\u00ec th\u1ebf c\u0169ng \u0111\u1ed5i m\u00e0u m\u1ed9t c\u00e1ch ch\u00f3ng m\u1eb7t.<\/p>\n<p data-start=\"2343\" data-end=\"2566\">Khi kh\u00f4ng ph\u1ea3i \u0111\u1ed1i m\u1eb7t v\u1edbi nh\u1eefng chuy\u1ec7n c\u01a1m \u00e1o g\u1ea1o ti\u1ec1n, \u0111\u1eddi s\u1ed1ng t\u00e2m linh c\u00f3 l\u1ebd s\u1ebd m\u1edf ra s\u1edbm h\u01a1n cho ng\u01b0\u1eddi tr\u1ebb, nh\u1eefng ng\u01b0\u1eddi s\u1edbm bi\u1ebft \u0111\u1eb7t c\u00e2u h\u1ecfi v\u1ec1 t\u1ed3n t\u1ea1i.<\/p>\n<p data-start=\"2568\" data-end=\"2810\">Nh\u1eefng b\u1ee9c hoa tr\u1eafng n\u00e0y, m\u00ecnh v\u1ebd v\u00e0o m\u1ed9t ng\u00e0y c\u00e1c b\u1ea1n tr\u1ebb \u0111\u00f3 gh\u00e9 studio c\u1ee7a m\u00ecnh. M\u00ecnh \u0111\u00e3 mang \u00e2m h\u01b0\u1edfng c\u1ee7a nh\u1eefng cu\u1ed9c tr\u00f2 chuy\u1ec7n \u0111\u00f3 v\u00e0o nh\u1eefng b\u1ee9c tranh n\u00e0y.<\/p>","protected":false},"featured_media":2468,"comment_status":"open","ping_status":"closed","template":"","meta":{"jetpack_post_was_ever_published":false},"product_brand":[],"product_cat":[33,195,86],"product_tag":[48,50,103,171],"class_list":{"0":"post-2466","1":"product","2":"type-product","3":"status-publish","4":"has-post-thumbnail","6":"product_cat-floral-paintings","7":"product_cat-small-paintings","8":"product_cat-still-life","9":"product_tag-floral","10":"product_tag-oil-on-canvas","11":"product_tag-still-life","12":"product_tag-tranh-hoa","14":"first","15":"instock","16":"shipping-taxable","17":"purchasable","18":"product-type-simple"},"jetpack_sharing_enabled":true,"_links":{"self":[{"href":"https:\/\/florafinearts.com\/vi\/wp-json\/wp\/v2\/product\/2466","targetHints":{"allow":["GET"]}}],"collection":[{"href":"https:\/\/florafinearts.com\/vi\/wp-json\/wp\/v2\/product"}],"about":[{"href":"https:\/\/florafinearts.com\/vi\/wp-json\/wp\/v2\/types\/product"}],"replies":[{"embeddable":true,"href":"https:\/\/florafinearts.com\/vi\/wp-json\/wp\/v2\/comments?post=2466"}],"wp:featuredmedia":[{"embeddable":true,"href":"https:\/\/florafinearts.com\/vi\/wp-json\/wp\/v2\/media\/2468"}],"wp:attachment":[{"href":"https:\/\/florafinearts.com\/vi\/wp-json\/wp\/v2\/media?parent=2466"}],"wp:term":[{"taxonomy":"product_brand","embeddable":true,"href":"https:\/\/florafinearts.com\/vi\/wp-json\/wp\/v2\/product_brand?post=2466"},{"taxonomy":"product_cat","embeddable":true,"href":"https:\/\/florafinearts.com\/vi\/wp-json\/wp\/v2\/product_cat?post=2466"},{"taxonomy":"product_tag","embeddable":true,"href":"https:\/\/florafinearts.com\/vi\/wp-json\/wp\/v2\/product_tag?post=2466"}],"curies":[{"name":"wp","href":"https:\/\/api.w.org\/{rel}","templated":true}]}}