{"id":2459,"date":"2025-05-26T12:40:55","date_gmt":"2025-05-26T12:40:55","guid":{"rendered":"https:\/\/florafinearts.com\/?post_type=product&#038;p=2459"},"modified":"2026-04-08T02:28:45","modified_gmt":"2026-04-08T02:28:45","slug":"white-tulip","status":"publish","type":"product","link":"https:\/\/florafinearts.com\/vi\/san-pham\/white-tulip\/","title":{"rendered":"Tulip tr\u1eafng"},"content":{"rendered":"","protected":false},"excerpt":{"rendered":"<p data-start=\"122\" data-end=\"387\">Khi v\u1ebd xong nh\u1eefng b\u00f4ng hoa n\u00e0y, \u0111\u1ea9y gh\u1ebf l\u00f9i l\u1ea1i v\u00e0 ng\u1eafm, m\u00ecnh ch\u1ee3t h\u1ecfi: n\u1ebfu t\u00e2m h\u1ed3n c\u00f3 m\u00e0u, th\u00ec s\u1ebd l\u00e0 m\u00e0u g\u00ec? Ch\u1eafc ch\u1eafn kh\u00f4ng ph\u1ea3i l\u00e0 m\u00e0u tr\u1eafng trong su\u1ed1t n\u00e0y r\u1ed3i - m\u1eb7c d\u00f9 nh\u1ebd ra ph\u1ea3i v\u1eady, v\u00e0 t\u1eeb \u0111\u1ea7u <em data-start=\"357\" data-end=\"362\">v\u1ed1n l\u00e0<\/em> nh\u01b0 v\u1eady.<\/p>\n<p data-start=\"389\" data-end=\"847\">Nh\u1eefng ng\u00e0y v\u1eeba qua, m\u00ecnh r\u01a1i v\u00e0o m\u1ed9t c\u1ea3m x\u00fac ph\u1ee9c t\u1ea1p. L\u00e2u r\u1ed3i m\u1edbi th\u1ea5y m\u00ecnh mong manh nh\u01b0 th\u1ebf. R\u1ed3i nh\u1eadn ra, c\u00f3 l\u1ebd v\u00ec th\u1ea5y qu\u00e1 r\u00f5 b\u1ea3n ch\u1ea5t c\u1ee7a m\u1ed9t vi\u1ec7c\u2026 \u0111\u00f4i khi \u0111au l\u00f2ng h\u01a1n l\u00e0 th\u1ea5y m\u01a1 h\u1ed3. M\u00ecnh ch\u1ec9 ti\u1ebfc. Ti\u1ebfc l\u00e0 sao hoa kh\u00f4ng tr\u1eafng trong. Ti\u1ebfc l\u00e0 n\u1ebfu nh\u00ecn t\u1eadn m\u1eb7t cu\u1ed9c \u0111\u1eddi, m\u00ecnh s\u1ebd \u01b0\u1edbc n\u00f3 \u0111\u1eebng x\u1ea5u x\u00ed nh\u01b0 th\u1ebf.<\/p>\n<p data-start=\"849\" data-end=\"1040\">Nh\u01b0ng hoa, c\u0169ng nh\u01b0 ng\u01b0\u1eddi - sinh ra v\u1ed1n thu\u1ea7n khi\u1ebft. Ch\u00ednh nh\u1eefng m\u01b0a gi\u00f3 cu\u1ed9c \u0111\u1eddi m\u1edbi khi\u1ebfn n\u00f3 \u0111\u1ed5i m\u00e0u. T\u00e2m h\u1ed3n, m\u1ed9t khi \u0111\u00e3 b\u1ecb nhu\u1ed9m, r\u1ea5t kh\u00f3 tr\u1edf l\u1ea1i trong tr\u1ebbo ban \u0111\u1ea7u. V\u00e0 r\u1ed3i... h\u1ebft m\u1ed9t ki\u1ebfp hoa.<\/p>\n<p data-start=\"1042\" data-end=\"1169\">T\u1eeb nay, c\u00f3 l\u1ebd m\u00ecnh s\u1ebd v\u1ebd nhi\u1ec1u h\u01a1n nh\u1eefng b\u1ee9c hoa tr\u1eafng - nh\u01b0 m\u1ed9t l\u1eddi nh\u1eafc, v\u1ec1 vi\u1ec7c gi\u1eef c\u00e1i m\u00e0u tinh kh\u00f4i \u1ea5y cho t\u00e2m h\u1ed3n.<\/p>","protected":false},"featured_media":2460,"comment_status":"open","ping_status":"closed","template":"","meta":{"jetpack_post_was_ever_published":false},"product_brand":[],"product_cat":[33,195,86],"product_tag":[48,50,103,171],"class_list":{"0":"post-2459","1":"product","2":"type-product","3":"status-publish","4":"has-post-thumbnail","6":"product_cat-floral-paintings","7":"product_cat-small-paintings","8":"product_cat-still-life","9":"product_tag-floral","10":"product_tag-oil-on-canvas","11":"product_tag-still-life","12":"product_tag-tranh-hoa","14":"first","15":"instock","16":"shipping-taxable","17":"purchasable","18":"product-type-simple"},"jetpack_sharing_enabled":true,"_links":{"self":[{"href":"https:\/\/florafinearts.com\/vi\/wp-json\/wp\/v2\/product\/2459","targetHints":{"allow":["GET"]}}],"collection":[{"href":"https:\/\/florafinearts.com\/vi\/wp-json\/wp\/v2\/product"}],"about":[{"href":"https:\/\/florafinearts.com\/vi\/wp-json\/wp\/v2\/types\/product"}],"replies":[{"embeddable":true,"href":"https:\/\/florafinearts.com\/vi\/wp-json\/wp\/v2\/comments?post=2459"}],"wp:featuredmedia":[{"embeddable":true,"href":"https:\/\/florafinearts.com\/vi\/wp-json\/wp\/v2\/media\/2460"}],"wp:attachment":[{"href":"https:\/\/florafinearts.com\/vi\/wp-json\/wp\/v2\/media?parent=2459"}],"wp:term":[{"taxonomy":"product_brand","embeddable":true,"href":"https:\/\/florafinearts.com\/vi\/wp-json\/wp\/v2\/product_brand?post=2459"},{"taxonomy":"product_cat","embeddable":true,"href":"https:\/\/florafinearts.com\/vi\/wp-json\/wp\/v2\/product_cat?post=2459"},{"taxonomy":"product_tag","embeddable":true,"href":"https:\/\/florafinearts.com\/vi\/wp-json\/wp\/v2\/product_tag?post=2459"}],"curies":[{"name":"wp","href":"https:\/\/api.w.org\/{rel}","templated":true}]}}