{"id":2452,"date":"2025-05-26T12:39:09","date_gmt":"2025-05-26T12:39:09","guid":{"rendered":"https:\/\/florafinearts.com\/?post_type=product&#038;p=2452"},"modified":"2026-04-08T02:28:03","modified_gmt":"2026-04-08T02:28:03","slug":"siam-tulip-on-a-black-background","status":"publish","type":"product","link":"https:\/\/florafinearts.com\/vi\/san-pham\/siam-tulip-on-a-black-background\/","title":{"rendered":"Kh\u01b0\u01a1ng Ho\u00e0ng Hoa tr\u00ean n\u1ec1n \u0111en"},"content":{"rendered":"","protected":false},"excerpt":{"rendered":"<p class=\"\" data-start=\"159\" data-end=\"611\">\u0110\u00e2y l\u00e0 b\u1ee9c Kh\u01b0\u01a1ng Ho\u00e0ng Hoa th\u1ee9 3, m\u00ecnh v\u1ebd tr\u01b0\u1edbc khi to\u00e0n b\u1ed9 ch\u1ed7 hoa mua v\u1ec1 k\u1ecbp t\u00e0n. Khi v\u1ebd xong b\u1ee9c n\u00e0y, nh\u1eefng b\u00f4ng hoa cu\u1ed1i c\u00f9ng th\u1eadt ra v\u1eabn c\u00f3 th\u1ec3 ch\u01a1i th\u00eam \u0111\u01b0\u1ee3c v\u00e0i ng\u00e0y n\u1eefa. Ngay k\u1ec3 c\u1ea3 khi \u0111\u00e3 h\u00e9o, lo\u00e0i hoa n\u00e0y v\u1eabn c\u00f3 m\u1ed9t v\u1ebb \u0111\u1eb9p ri\u00eang, khi\u1ebfn m\u00ecnh kh\u00f4ng n\u1ee1 b\u1ecf \u0111i, v\u1eabn c\u00f2n luy\u1ebfn ti\u1ebfc ng\u1eafm m\u00e3i. N\u00f3 gi\u1ed1ng nh\u01b0 ch\u1ec9 chuy\u1ec3n tr\u1ea1ng th\u00e1i, kh\u00f4 \u0111i, v\u00e0 mang m\u1ed9t v\u1ebb \u0111\u1eb9p kh\u00e1c.<\/p>\n<p class=\"\" data-start=\"613\" data-end=\"994\">B\u1ee9c tranh n\u00e0y l\u00e0 nh\u1eefng b\u00f4ng Kh\u01b0\u01a1ng Ho\u00e0ng c\u00f2n t\u01b0\u01a1i nguy\u00ean, n\u1ed5i b\u1eadt tr\u00ean n\u1ec1n \u0111en s\u00e2u th\u1eb3m, \u0111\u1ec3 cho hoa nh\u01b0 th\u1ec3 v\u1eeba ch\u00ecm trong b\u1ee9c n\u1ec1n t\u0129nh l\u1eb7ng, v\u1eeba nh\u01b0 t\u1ef1 to\u1ea3 s\u00e1ng. N\u00f3 r\u1ea5t h\u1ee3p v\u1edbi t\u00e2m tr\u1ea1ng c\u1ee7a m\u00ecnh l\u00fac n\u00e0y, khi \u0111ang c\u1ea7n t\u1edbi m\u1ed9t s\u1ee9c m\u1ea1nh th\u1ea7m l\u1eb7ng \u0111\u1ec3 \u0111i xuy\u00ean qua b\u00f3ng t\u1ed1i. C\u00f3 l\u1ebd n\u00f3 c\u0169ng s\u1ebd ph\u00f9 h\u1ee3p v\u1edbi nh\u1eefng ng\u01b0\u1eddi y\u00eau th\u00edch s\u1ef1 t\u1ed1i gi\u1ea3n v\u00e0 s\u00e2u l\u1eafng.<\/p>","protected":false},"featured_media":2453,"comment_status":"open","ping_status":"closed","template":"","meta":{"jetpack_post_was_ever_published":false},"product_brand":[],"product_cat":[33,86],"product_tag":[48,211,50,103,171],"class_list":{"0":"post-2452","1":"product","2":"type-product","3":"status-publish","4":"has-post-thumbnail","6":"product_cat-floral-paintings","7":"product_cat-still-life","8":"product_tag-floral","9":"product_tag-khuong-hoang-hoa","10":"product_tag-oil-on-canvas","11":"product_tag-still-life","12":"product_tag-tranh-hoa","14":"first","15":"instock","16":"shipping-taxable","17":"purchasable","18":"product-type-simple"},"jetpack_sharing_enabled":true,"_links":{"self":[{"href":"https:\/\/florafinearts.com\/vi\/wp-json\/wp\/v2\/product\/2452","targetHints":{"allow":["GET"]}}],"collection":[{"href":"https:\/\/florafinearts.com\/vi\/wp-json\/wp\/v2\/product"}],"about":[{"href":"https:\/\/florafinearts.com\/vi\/wp-json\/wp\/v2\/types\/product"}],"replies":[{"embeddable":true,"href":"https:\/\/florafinearts.com\/vi\/wp-json\/wp\/v2\/comments?post=2452"}],"wp:featuredmedia":[{"embeddable":true,"href":"https:\/\/florafinearts.com\/vi\/wp-json\/wp\/v2\/media\/2453"}],"wp:attachment":[{"href":"https:\/\/florafinearts.com\/vi\/wp-json\/wp\/v2\/media?parent=2452"}],"wp:term":[{"taxonomy":"product_brand","embeddable":true,"href":"https:\/\/florafinearts.com\/vi\/wp-json\/wp\/v2\/product_brand?post=2452"},{"taxonomy":"product_cat","embeddable":true,"href":"https:\/\/florafinearts.com\/vi\/wp-json\/wp\/v2\/product_cat?post=2452"},{"taxonomy":"product_tag","embeddable":true,"href":"https:\/\/florafinearts.com\/vi\/wp-json\/wp\/v2\/product_tag?post=2452"}],"curies":[{"name":"wp","href":"https:\/\/api.w.org\/{rel}","templated":true}]}}