{"id":2438,"date":"2025-05-26T12:24:41","date_gmt":"2025-05-26T12:24:41","guid":{"rendered":"https:\/\/florafinearts.com\/?post_type=product&#038;p=2438"},"modified":"2026-04-08T02:25:43","modified_gmt":"2026-04-08T02:25:43","slug":"2438","status":"publish","type":"product","link":"https:\/\/florafinearts.com\/vi\/san-pham\/2438\/","title":{"rendered":"T\u0129nh v\u1eadt nh\u1ecf"},"content":{"rendered":"","protected":false},"excerpt":{"rendered":"<p>M\u1ed9t b\u1ee9c t\u0129nh v\u1eadt nh\u1ecf - m\u00e0 kh\u00f4ng \u201ct\u0129nh\u201d.<\/p>\n<p>M\u00ecnh nh\u1eadn \u0111\u01b0\u1ee3c l\u1eddi m\u1eddi qua inbox t\u1eeb m\u1ed9t ho\u1ea1 s\u0129 n\u01b0\u1edbc ngo\u00e0i tham gia th\u1eed th\u00e1ch v\u1ebd qu\u1ea3 t\u00e1o t\u1eeb m\u1ea5y h\u00f4m tr\u01b0\u1edbc, su\u00fdt th\u00ec qu\u00ean. T\u1ed1i nay, sau khi ho\u00e0n th\u00e0nh m\u1ed9t b\u1ee9c tranh l\u1edbn, m\u00ecnh v\u1eabn th\u1ea5y\u2026 ch\u01b0a \u0111\u1ee7.<\/p>\n<p>Trong l\u00fac \u00f4ng x\u00e3 \u0111ang xem phim kinh d\u1ecb (m\u1ed9t th\u1ebf gi\u1edbi ho\u00e0n to\u00e0n kh\u00f4ng ph\u1ea3i c\u1ee7a m\u00ecnh \ud83d\ude05), m\u00ecnh ch\u1ecdn ng\u1ed3i v\u1ebd th\u1ee9 gi\u1ea3n d\u1ecb n\u00e0y: m\u1ed9t qu\u1ea3 t\u00e1o si\u00eau th\u1ecb c\u00f2n nguy\u00ean tem.<\/p>\n<p>Th\u00e0nh th\u1eadt m\u00e0 n\u00f3i, m\u00ecnh kh\u00f4ng c\u1ed1 g\u1eafng \u201cbi\u1ebfn ho\u00e1\u201d g\u00ec c\u1ea3 - ch\u1ec9 l\u00e0 ghi l\u1ea1i m\u1ed9t kho\u1ea3nh kh\u1eafc \u0111\u1eddi th\u01b0\u1eddng v\u1edbi t\u1ea5t c\u1ea3 s\u1ef1 y\u00eau m\u1ebfn d\u00e0nh cho m\u00e0u s\u1eafc, \u00e1nh s\u00e1ng v\u00e0 h\u00ecnh kh\u1ed1i. V\u00e0 ch\u00ednh \u0111i\u1ec1u \u0111\u00f3 l\u1ea1i khi\u1ebfn b\u1ee9c tranh n\u00e0y c\u00f3 m\u1ed9t n\u0103ng l\u01b0\u1ee3ng ri\u00eang: t\u01b0\u01a1i t\u1eafn, hi\u1ec7n \u0111\u1ea1i, g\u1ea7n g\u0169i m\u00e0 v\u1eabn th\u01a1.<\/p>\n<p>N\u1ebfu b\u1ea1n \u0111ang t\u00ecm m\u1ed9t t\u00e1c ph\u1ea9m nh\u1ecf g\u1ecdn, \u0111\u1ec3 \u0111\u1eb7t v\u00e0o kh\u00f4ng gian y\u00eau th\u00edch - g\u00f3c b\u1ebfp, k\u1ec7 s\u00e1ch, hay n\u01a1i pha c\u00e0 ph\u00ea m\u1ed7i s\u00e1ng - th\u00ec c\u00f3 l\u1ebd \u0111\u00e2y s\u1ebd l\u00e0 \u0111i\u1ec3m nh\u1ea5n \u1ea5m \u00e1p v\u00e0 th\u00fa v\u1ecb cho t\u1ed5 \u1ea5m c\u1ee7a b\u1ea1n.<\/p>","protected":false},"featured_media":2439,"comment_status":"open","ping_status":"closed","template":"","meta":{"jetpack_post_was_ever_published":false},"product_brand":[],"product_cat":[195,86],"product_tag":[208,207,103],"class_list":{"0":"post-2438","1":"product","2":"type-product","3":"status-publish","4":"has-post-thumbnail","6":"product_cat-small-paintings","7":"product_cat-still-life","8":"product_tag-art-for-kitchen","9":"product_tag-kitchen-decor","10":"product_tag-still-life","12":"first","13":"instock","14":"shipping-taxable","15":"purchasable","16":"product-type-simple"},"jetpack_sharing_enabled":true,"_links":{"self":[{"href":"https:\/\/florafinearts.com\/vi\/wp-json\/wp\/v2\/product\/2438","targetHints":{"allow":["GET"]}}],"collection":[{"href":"https:\/\/florafinearts.com\/vi\/wp-json\/wp\/v2\/product"}],"about":[{"href":"https:\/\/florafinearts.com\/vi\/wp-json\/wp\/v2\/types\/product"}],"replies":[{"embeddable":true,"href":"https:\/\/florafinearts.com\/vi\/wp-json\/wp\/v2\/comments?post=2438"}],"wp:featuredmedia":[{"embeddable":true,"href":"https:\/\/florafinearts.com\/vi\/wp-json\/wp\/v2\/media\/2439"}],"wp:attachment":[{"href":"https:\/\/florafinearts.com\/vi\/wp-json\/wp\/v2\/media?parent=2438"}],"wp:term":[{"taxonomy":"product_brand","embeddable":true,"href":"https:\/\/florafinearts.com\/vi\/wp-json\/wp\/v2\/product_brand?post=2438"},{"taxonomy":"product_cat","embeddable":true,"href":"https:\/\/florafinearts.com\/vi\/wp-json\/wp\/v2\/product_cat?post=2438"},{"taxonomy":"product_tag","embeddable":true,"href":"https:\/\/florafinearts.com\/vi\/wp-json\/wp\/v2\/product_tag?post=2438"}],"curies":[{"name":"wp","href":"https:\/\/api.w.org\/{rel}","templated":true}]}}