{"id":2431,"date":"2025-05-26T12:37:00","date_gmt":"2025-05-26T12:37:00","guid":{"rendered":"https:\/\/florafinearts.com\/?post_type=product&#038;p=2431"},"modified":"2026-04-08T11:20:51","modified_gmt":"2026-04-08T11:20:51","slug":"fuji-peony","status":"publish","type":"product","link":"https:\/\/florafinearts.com\/vi\/san-pham\/fuji-peony\/","title":{"rendered":"M\u1eabu \u0111\u01a1n Ph\u00fa S\u0129"},"content":{"rendered":"","protected":false},"excerpt":{"rendered":"<p class=\"\" data-start=\"189\" data-end=\"570\"><strong data-start=\"189\" data-end=\"238\">M\u1eabu \u0111\u01a1n \u2013 kh\u00f4ng y\u00eau sao \u0111\u01b0\u1ee3c!<\/strong><br data-start=\"238\" data-end=\"241\" \/>Lo\u00e0i hoa n\u00e0y c\u00f3 g\u00ec \u0111\u00f3 r\u1ea5t \u201cph\u00e0m t\u1ee5c\u201d theo c\u00e1ch \u0111\u1eb9p nh\u1ea5t: n\u1edf r\u1ed9 h\u1ebft m\u00ecnh, bung x\u00f2e ki\u00eau h\u00e3nh, kh\u00f4ng h\u1ec1 ng\u1ea1i ng\u1ea7n vi\u1ec7c m\u00ecnh qu\u00e1 l\u1ed9ng l\u1eaby. V\u1eady n\u00ean kh\u00f4ng c\u00f3 g\u00ec l\u1ea1 khi su\u1ed1t bao th\u1ebf k\u1ef7, m\u1eabu \u0111\u01a1n lu\u00f4n \u0111\u01b0\u1ee3c xem l\u00e0 bi\u1ec3u t\u01b0\u1ee3ng <strong data-start=\"444\" data-end=\"495\">c\u1ee7a gi\u00e0u sang, may m\u1eafn v\u00e0 t\u00ecnh y\u00eau vi\u00ean m\u00e3n<\/strong> \u2013 v\u00e0 c\u0169ng r\u1ea5t th\u01b0\u1eddng \u0111\u01b0\u1ee3c d\u00f9ng \u0111\u1ec3 trang ho\u00e0ng cho trong nh\u1eefng ng\u00f4i nh\u00e0 v\u00e0 kh\u00f4ng gian th\u1ec3 hi\u1ec7n m\u1ed9t mong mu\u1ed1n \u0111\u1ee7 \u0111\u1ea7y h\u1ea1nh ph\u00fac.<\/p>\n<p class=\"\" data-start=\"572\" data-end=\"803\">B\u1ee9c tranh n\u00e0y thu\u1ed9c kh\u1ed5 nh\u1ecf 20x30 cm, nh\u01b0ng tinh th\u1ea7n c\u1ee7a n\u00f3 th\u00ec kh\u00f4ng nh\u1ecf. N\u1ebfu b\u1ea1n \u0111ang t\u00ecm m\u1ed9t \u0111i\u1ec3m nh\u1ea5n <strong data-start=\"696\" data-end=\"719\">v\u1eeba sang tr\u1ecdng, v\u1eeba c\u00f3 chi\u1ec1u s\u00e2u<\/strong>, nh\u01b0ng v\u1eabn mang l\u1ea1i n\u0103ng l\u01b0\u1ee3ng t\u00edch c\u1ef1c cho kh\u00f4ng gian c\u1ee7a b\u1ea1n th\u00ec \u0111o\u00e1 m\u1eabu \u0111\u01a1n n\u00e0y c\u00f3 th\u1ec3 l\u00e0 ng\u01b0\u1eddi b\u1ea1n l\u00fd t\u01b0\u1edfng.<\/p>","protected":false},"featured_media":2432,"comment_status":"open","ping_status":"closed","template":"","meta":{"jetpack_post_was_ever_published":false},"product_brand":[],"product_cat":[33,195,86],"product_tag":[],"class_list":{"0":"post-2431","1":"product","2":"type-product","3":"status-publish","4":"has-post-thumbnail","6":"product_cat-floral-paintings","7":"product_cat-small-paintings","8":"product_cat-still-life","10":"first","11":"instock","12":"shipping-taxable","13":"purchasable","14":"product-type-simple"},"jetpack_sharing_enabled":true,"_links":{"self":[{"href":"https:\/\/florafinearts.com\/vi\/wp-json\/wp\/v2\/product\/2431","targetHints":{"allow":["GET"]}}],"collection":[{"href":"https:\/\/florafinearts.com\/vi\/wp-json\/wp\/v2\/product"}],"about":[{"href":"https:\/\/florafinearts.com\/vi\/wp-json\/wp\/v2\/types\/product"}],"replies":[{"embeddable":true,"href":"https:\/\/florafinearts.com\/vi\/wp-json\/wp\/v2\/comments?post=2431"}],"wp:featuredmedia":[{"embeddable":true,"href":"https:\/\/florafinearts.com\/vi\/wp-json\/wp\/v2\/media\/2432"}],"wp:attachment":[{"href":"https:\/\/florafinearts.com\/vi\/wp-json\/wp\/v2\/media?parent=2431"}],"wp:term":[{"taxonomy":"product_brand","embeddable":true,"href":"https:\/\/florafinearts.com\/vi\/wp-json\/wp\/v2\/product_brand?post=2431"},{"taxonomy":"product_cat","embeddable":true,"href":"https:\/\/florafinearts.com\/vi\/wp-json\/wp\/v2\/product_cat?post=2431"},{"taxonomy":"product_tag","embeddable":true,"href":"https:\/\/florafinearts.com\/vi\/wp-json\/wp\/v2\/product_tag?post=2431"}],"curies":[{"name":"wp","href":"https:\/\/api.w.org\/{rel}","templated":true}]}}