{"id":2429,"date":"2025-05-26T12:38:16","date_gmt":"2025-05-26T12:38:16","guid":{"rendered":"https:\/\/florafinearts.com\/?post_type=product&#038;p=2429"},"modified":"2026-04-08T02:28:19","modified_gmt":"2026-04-08T02:28:19","slug":"tiny-siam-tulip","status":"publish","type":"product","link":"https:\/\/florafinearts.com\/vi\/san-pham\/tiny-siam-tulip\/","title":{"rendered":"Kh\u01b0\u01a1ng Ho\u00e0ng Hoa nh\u1ecf"},"content":{"rendered":"","protected":false},"excerpt":{"rendered":"<p class=\"\" data-start=\"0\" data-end=\"220\">B\u1ee9c Kh\u01b0\u01a1ng Ho\u00e0ng Hoa th\u1ee9 hai.<br data-start=\"32\" data-end=\"35\" \/>N\u1ebfu b\u1ea1n y\u00eau th\u00edch tinh th\u1ea7n c\u1ee7a lo\u00e0i hoa n\u00e0y v\u00e0 mu\u1ed1n mang m\u1ed9t ch\u00fat b\u00ecnh an, \u1ea5m \u00e1p v\u00e0 may m\u1eafn v\u00e0o kh\u00f4ng gian s\u1ed1ng c\u1ee7a m\u00ecnh, b\u1ee9c v\u1ebd nh\u1ecf xinh n\u00e0y s\u1ebd l\u00e0 c\u1ee7a b\u1ea1n.<\/p>\n<p data-start=\"222\" data-end=\"265\">Xem gi\u1edbi thi\u1ec7u v\u1ec1 Kh\u01b0\u01a1ng Ho\u00e0ng Hoa <strong><a href=\"https:\/\/florafinearts.com\/vi\/san-pham\/siam-tulip\/\" target=\"_blank\" rel=\"noopener\">t\u1ea1i \u0111\u00e2y<\/a><\/strong>.<\/p>","protected":false},"featured_media":2430,"comment_status":"open","ping_status":"closed","template":"","meta":{"jetpack_post_was_ever_published":false},"product_brand":[],"product_cat":[33,195,86],"product_tag":[48,50,103,171],"class_list":{"0":"post-2429","1":"product","2":"type-product","3":"status-publish","4":"has-post-thumbnail","6":"product_cat-floral-paintings","7":"product_cat-small-paintings","8":"product_cat-still-life","9":"product_tag-floral","10":"product_tag-oil-on-canvas","11":"product_tag-still-life","12":"product_tag-tranh-hoa","14":"first","15":"instock","16":"shipping-taxable","17":"purchasable","18":"product-type-simple"},"jetpack_sharing_enabled":true,"_links":{"self":[{"href":"https:\/\/florafinearts.com\/vi\/wp-json\/wp\/v2\/product\/2429","targetHints":{"allow":["GET"]}}],"collection":[{"href":"https:\/\/florafinearts.com\/vi\/wp-json\/wp\/v2\/product"}],"about":[{"href":"https:\/\/florafinearts.com\/vi\/wp-json\/wp\/v2\/types\/product"}],"replies":[{"embeddable":true,"href":"https:\/\/florafinearts.com\/vi\/wp-json\/wp\/v2\/comments?post=2429"}],"wp:featuredmedia":[{"embeddable":true,"href":"https:\/\/florafinearts.com\/vi\/wp-json\/wp\/v2\/media\/2430"}],"wp:attachment":[{"href":"https:\/\/florafinearts.com\/vi\/wp-json\/wp\/v2\/media?parent=2429"}],"wp:term":[{"taxonomy":"product_brand","embeddable":true,"href":"https:\/\/florafinearts.com\/vi\/wp-json\/wp\/v2\/product_brand?post=2429"},{"taxonomy":"product_cat","embeddable":true,"href":"https:\/\/florafinearts.com\/vi\/wp-json\/wp\/v2\/product_cat?post=2429"},{"taxonomy":"product_tag","embeddable":true,"href":"https:\/\/florafinearts.com\/vi\/wp-json\/wp\/v2\/product_tag?post=2429"}],"curies":[{"name":"wp","href":"https:\/\/api.w.org\/{rel}","templated":true}]}}