{"id":2426,"date":"2025-05-26T12:26:49","date_gmt":"2025-05-26T12:26:49","guid":{"rendered":"https:\/\/florafinearts.com\/?post_type=product&#038;p=2426"},"modified":"2026-03-04T11:41:47","modified_gmt":"2026-03-04T11:41:47","slug":"siam-tulip","status":"publish","type":"product","link":"https:\/\/florafinearts.com\/vi\/san-pham\/siam-tulip\/","title":{"rendered":"Kh\u01b0\u01a1ng Ho\u00e0ng Hoa"},"content":{"rendered":"","protected":false},"excerpt":{"rendered":"<p class=\"\" data-start=\"251\" data-end=\"467\">Kh\u00f4ng ph\u1ea3i sen, c\u0169ng ch\u1eb3ng ph\u1ea3i tulip. \u0110\u00e2y l\u00e0 Kh\u01b0\u01a1ng Ho\u00e0ng Hoa \u2013 m\u1ed9t lo\u00e0i hoa c\u1ee7a s\u1ee9c s\u1ed1ng v\u00e0 n\u1ed9i l\u1ef1c.<br data-start=\"341\" data-end=\"344\" \/>Sau v\u00e0i ng\u00e0y t\u00ecm hi\u1ec3u, m\u00ecnh m\u1edbi bi\u1ebft lo\u00e0i hoa l\u1ea1 m\u00e0 m\u00ecnh t\u00ecnh c\u1edd v\u1ebd ch\u00ednh l\u00e0 Ngh\u1ec7 T\u00e2y Th\u00e1i Lan (<em data-start=\"400\" data-end=\"423\">Curcuma alismatifolia<\/em>) \u2013 m\u1ed9t gi\u1ed1ng hoa nhi\u1ec7t \u0111\u1edbi thu\u1ed9c h\u1ecd g\u1eebng.<\/p>\n<p class=\"\" data-start=\"469\" data-end=\"750\">Kh\u01b0\u01a1ng Ho\u00e0ng Hoa kh\u00f4ng c\u00f3 v\u1ebb ngo\u00e0i r\u1ef1c r\u1ee1 hay ki\u00eau k\u1ef3. Nh\u01b0ng ch\u00ednh s\u1ef1 l\u1eb7ng l\u1ebd \u1ea5y l\u1ea1i khi\u1ebfn ng\u01b0\u1eddi ta ph\u1ea3i d\u1eebng l\u1ea1i. Hoa n\u1edf b\u1ec1n, quanh n\u0103m, s\u1ed1ng t\u1ed1t trong kh\u00ed h\u1eadu kh\u1eafc nghi\u1ec7t - v\u00e0 b\u1edfi th\u1ebf, n\u00f3 tr\u1edf th\u00e0nh bi\u1ec3u t\u01b0\u1ee3ng c\u1ee7a ni\u1ec1m vui, s\u1ef1 b\u1ec1n b\u1ec9, tinh th\u1ea7n l\u1ea1c quan v\u00e0 m\u1ed9t ki\u1ec3u \u0111\u1eb9p kh\u00f4ng c\u1ea7n ph\u00f4 di\u1ec5n.<\/p>\n<p class=\"\" data-start=\"752\" data-end=\"886\">Trong b\u1ee9c tranh n\u00e0y, m\u00ecnh ch\u1ecdn gi\u1eef l\u1ea1i \u00e1nh s\u00e1ng d\u1ecbu, b\u1ed1 c\u1ee5c nghi\u00eang v\u00e0 c\u1ea3 b\u00f3ng \u0111\u1ed5 m\u01a1 h\u1ed3 \u2013 \u0111\u1ec3 th\u1ec3 hi\u1ec7n s\u1ef1 t\u0129nh t\u1ea1i v\u00e0 ni\u1ec1m vui th\u1ea7m l\u1eb7ng m\u00e0 lo\u00e0i hoa n\u00e0y mang l\u1ea1i.<\/p>\n<p class=\"\" data-start=\"888\" data-end=\"1030\">N\u1ebfu b\u1ea1n \u0111ang t\u00ecm ki\u1ebfm m\u1ed9t t\u00e1c ph\u1ea9m kh\u00f4ng qu\u00e1 \u1ed3n \u00e0o nh\u01b0ng \u0111\u1ee7 \u0111\u1ec3 mang \u0111\u1ebfn n\u0103ng l\u01b0\u1ee3ng t\u00edch c\u1ef1c, trong tr\u1ebbo cho kh\u00f4ng gian s\u1ed1ng th\u00ec \u0111\u00e2y c\u00f3 th\u1ec3 ch\u00ednh l\u00e0 \u0111o\u00e1 hoa b\u1ea1n \u0111ang ch\u1edd \u0111\u1ee3i.<\/p>","protected":false},"featured_media":2428,"comment_status":"open","ping_status":"closed","template":"","meta":{"jetpack_post_was_ever_published":false},"product_brand":[],"product_cat":[33,195,86],"product_tag":[210,48,209,50,103],"class_list":{"0":"post-2426","1":"product","2":"type-product","3":"status-publish","4":"has-post-thumbnail","6":"product_cat-floral-paintings","7":"product_cat-small-paintings","8":"product_cat-still-life","9":"product_tag-art-for-livingroom","10":"product_tag-floral","11":"product_tag-home-decor","12":"product_tag-oil-on-canvas","13":"product_tag-still-life","15":"first","16":"instock","17":"shipping-taxable","18":"purchasable","19":"product-type-simple"},"jetpack_sharing_enabled":true,"_links":{"self":[{"href":"https:\/\/florafinearts.com\/vi\/wp-json\/wp\/v2\/product\/2426","targetHints":{"allow":["GET"]}}],"collection":[{"href":"https:\/\/florafinearts.com\/vi\/wp-json\/wp\/v2\/product"}],"about":[{"href":"https:\/\/florafinearts.com\/vi\/wp-json\/wp\/v2\/types\/product"}],"replies":[{"embeddable":true,"href":"https:\/\/florafinearts.com\/vi\/wp-json\/wp\/v2\/comments?post=2426"}],"wp:featuredmedia":[{"embeddable":true,"href":"https:\/\/florafinearts.com\/vi\/wp-json\/wp\/v2\/media\/2428"}],"wp:attachment":[{"href":"https:\/\/florafinearts.com\/vi\/wp-json\/wp\/v2\/media?parent=2426"}],"wp:term":[{"taxonomy":"product_brand","embeddable":true,"href":"https:\/\/florafinearts.com\/vi\/wp-json\/wp\/v2\/product_brand?post=2426"},{"taxonomy":"product_cat","embeddable":true,"href":"https:\/\/florafinearts.com\/vi\/wp-json\/wp\/v2\/product_cat?post=2426"},{"taxonomy":"product_tag","embeddable":true,"href":"https:\/\/florafinearts.com\/vi\/wp-json\/wp\/v2\/product_tag?post=2426"}],"curies":[{"name":"wp","href":"https:\/\/api.w.org\/{rel}","templated":true}]}}