{"id":2406,"date":"2025-05-08T08:17:18","date_gmt":"2025-05-08T08:17:18","guid":{"rendered":"https:\/\/florafinearts.com\/?post_type=product&#038;p=2406"},"modified":"2025-05-08T08:31:24","modified_gmt":"2025-05-08T08:31:24","slug":"peony","status":"publish","type":"product","link":"https:\/\/florafinearts.com\/vi\/san-pham\/peony\/","title":{"rendered":"Hoa m\u1eabu \u0111\u01a1n"},"content":{"rendered":"","protected":false},"excerpt":{"rendered":"<p>Tu\u1ea7n tr\u01b0\u1edbc l\u01b0\u1edbt Threats m\u00ecnh b\u1eaft g\u1eb7p b\u1ee9c \u1ea3nh n\u00e0y v\u00e0 b\u1ecb nh\u1eefng b\u00f4ng hoa xinh \u0111\u1eb9p n\u00e0y h\u00fat m\u1eaft. Ti\u1ebfc l\u00e0 n\u00f3 l\u1ea1i \u0111\u01b0\u1ee3c \u0111\u0103ng b\u1edfi m\u1ed9t b\u1ea1n \u0111ang bu\u1ed3n b\u1ef1c, (v\u00ec c\u0169ng gi\u1ed1ng m\u00ecnh nh\u00ecn th\u1ea5y \u1ea3nh hoa \u0111\u1eb9p), n\u00ean \u0111\u1eb7t mua c\u1ee7a m\u1ed9t shop hoa nh\u01b0ng khi nh\u1eadn \u0111\u01b0\u1ee3c l\u1ea1i kh\u00f4ng nh\u01b0 \u00fd.  M\u00ecnh ch\u01b0a k\u1ecbp \u0111\u1ecdc h\u1ebft n\u1ed9i dung c\u00e2u chuy\u1ec7n, kh\u00f4ng r\u00f5 \u0111\u00fang sai th\u1ebf n\u00e0o, ch\u1ec9 k\u1ecbp ch\u1ee5p m\u00e0n h\u00ecnh l\u1ea1i v\u1edbi \u00fd \u0111\u1ecbnh s\u1ebd v\u1ebd n\u00f3 \u0111\u1ec3 t\u1eb7ng cho b\u1ea1n mua hoa.<\/p>\n<p>M\u00ecnh \u0111\u1ecbnh t\u00ecm b\u1ea1n \u1ea5y nh\u01b0ng ch\u1eb3ng may c\u00e1i post bi\u1ebfn m\u1ea5t tr\u01b0\u1edbc khi m\u00ecnh k\u1ecbp theo d\u00f5i ti\u1ebfp. Trong k\u1ef3 l\u1ec5 v\u1eeba r\u1ed3i, m\u00ecnh \u0111\u00e3 nh\u1ea9n nha v\u1ebd b\u1ee9c n\u00e0y. V\u00e0 h\u00f4m qua, nh\u1edd c\u1ed9ng \u0111\u1ed3ng \u0111\u00e1ng y\u00eau n\u00e0y - m\u00ecnh \u0111\u00e3 t\u00ecm th\u1ea5y b\u1ea1n \u1ea5y. M\u00ecnh v\u00e0 b\u1ea1n \u1ea5y \u0111\u00e3 nh\u1eafn tin \u0111\u1ec3 h\u1eb9n g\u1eb7p.<\/p>\n<p>Nh\u01b0ng c\u00f3 m\u1ed9t vi\u1ec7c kh\u00f4ng l\u01b0\u1eddng tr\u01b0\u1edbc: m\u1ed9t v\u00e0i b\u1ea1n n\u00f3i r\u1eb1ng b\u1ea1n mua hoa \u0111\u00e3 ph\u1ea3n \u1ee9ng h\u01a1i qu\u00e1 v\u1ec1 s\u1ef1 vi\u1ec7c n\u00e0y v\u00e0 m\u00ecnh n\u00ean t\u1eb7ng b\u1ee9c tranh n\u00e0y cho ch\u1ee7 shop hoa th\u00ec h\u01a1n. M\u1eb7c d\u00f9 ch\u1ee7 shop hoa c\u0169ng b\u00ecnh lu\u1eadn kh\u00e1  nh\u00e3 nh\u1eb7n tr\u00ean post c\u1ee7a m\u00ecnh.<\/p>\n<p>M\u00ecnh \u0111\u00e3 c\u00e2n nh\u1eafc vi\u1ec7c \u0111\u00f3.<\/p>\n<p>V\u00e0 \u0111\u00e2y l\u00e0 quy\u1ebft \u0111\u1ecbnh c\u1ee7a m\u00ecnh: b\u1ee9c tranh n\u00e0y \u0111\u01b0\u1ee3c v\u1ebd t\u1eeb mong mu\u1ed1n bi\u1ebfn m\u1ed9t \u0111i\u1ec1u kh\u00f3 ch\u1ecbu th\u00e0nh m\u1ed9t \u0111i\u1ec1u th\u00fa v\u1ecb - kh\u00f4ng ph\u1ea3i \u0111\u1ec3 b\u00eanh v\u1ef1c cho b\u00ean n\u00e0o hay ph\u00e2n \u0111\u1ecbnh \u0111\u00fang sai. \u0110\u00e2y ch\u1ec9 l\u00e0 m\u1ed9t s\u1ef1 trao t\u1eb7ng nh\u1eb9 nh\u00e0ng nh\u01b0 m\u1ed9t s\u1ef1 nh\u1eafc nh\u1edf r\u1eb1ng \u0111\u00f4i khi ch\u00fang ta c\u1ea7n l\u00f9i l\u1ea1i m\u1ed9t b\u01b0\u1edbc \u0111\u1ec3 kh\u00f4ng l\u00e0m t\u1ed5n th\u01b0\u01a1ng m\u00ecnh m\u00e0 c\u0169ng kh\u00f4ng l\u00e0m t\u1ed5n th\u01b0\u01a1ng ai.<\/p>\n<p>N\u1ebfu b\u1ea1n mua hoa c\u1ea3m th\u1ea5y b\u1ee9c tranh n\u00e0y ch\u1ec9 g\u1ee3i l\u00ean k\u1ef7 ni\u1ec7m kh\u00f3 ch\u1ecbu b\u1ea1n \u0111\u00e3 tr\u1ea3i qua th\u00ec m\u00ecnh s\u1ebd s\u1eb5n l\u00f2ng t\u1eb7ng b\u1ee9c n\u00e0y cho b\u1ea1n b\u00e1n hoa. Nh\u01b0ng \u0111\u1ebfn gi\u1edd, b\u1ee9c tranh \u0111ang ch\u1edd \u0111\u1ec3 \u0111\u01b0\u1ee3c giao \u0111\u1ebfn \u0111\u00fang ng\u01b0\u1eddi m\u00e0 ngay t\u1eeb ban \u0111\u1ea7u n\u00f3 h\u01b0\u1edbng \u0111\u1ebfn.<\/p>\n<p>Read more stories related to this painting here.<\/p>","protected":false},"featured_media":2408,"comment_status":"open","ping_status":"closed","template":"","meta":{"jetpack_post_was_ever_published":false},"product_brand":[],"product_cat":[33,86],"product_tag":[],"class_list":{"0":"post-2406","1":"product","2":"type-product","3":"status-publish","4":"has-post-thumbnail","6":"product_cat-floral-paintings","7":"product_cat-still-life","9":"first","10":"outofstock","11":"shipping-taxable","12":"product-type-simple"},"jetpack_sharing_enabled":true,"_links":{"self":[{"href":"https:\/\/florafinearts.com\/vi\/wp-json\/wp\/v2\/product\/2406","targetHints":{"allow":["GET"]}}],"collection":[{"href":"https:\/\/florafinearts.com\/vi\/wp-json\/wp\/v2\/product"}],"about":[{"href":"https:\/\/florafinearts.com\/vi\/wp-json\/wp\/v2\/types\/product"}],"replies":[{"embeddable":true,"href":"https:\/\/florafinearts.com\/vi\/wp-json\/wp\/v2\/comments?post=2406"}],"wp:featuredmedia":[{"embeddable":true,"href":"https:\/\/florafinearts.com\/vi\/wp-json\/wp\/v2\/media\/2408"}],"wp:attachment":[{"href":"https:\/\/florafinearts.com\/vi\/wp-json\/wp\/v2\/media?parent=2406"}],"wp:term":[{"taxonomy":"product_brand","embeddable":true,"href":"https:\/\/florafinearts.com\/vi\/wp-json\/wp\/v2\/product_brand?post=2406"},{"taxonomy":"product_cat","embeddable":true,"href":"https:\/\/florafinearts.com\/vi\/wp-json\/wp\/v2\/product_cat?post=2406"},{"taxonomy":"product_tag","embeddable":true,"href":"https:\/\/florafinearts.com\/vi\/wp-json\/wp\/v2\/product_tag?post=2406"}],"curies":[{"name":"wp","href":"https:\/\/api.w.org\/{rel}","templated":true}]}}