{"id":2385,"date":"2025-05-08T06:02:18","date_gmt":"2025-05-08T06:02:18","guid":{"rendered":"https:\/\/florafinearts.com\/?post_type=product&#038;p=2385"},"modified":"2025-05-08T06:57:26","modified_gmt":"2025-05-08T06:57:26","slug":"the-daydream-hills-2","status":"publish","type":"product","link":"https:\/\/florafinearts.com\/vi\/san-pham\/the-daydream-hills-2\/","title":{"rendered":"Ng\u00e0y m\u01a1 tr\u00ean \u0111\u1ed3i"},"content":{"rendered":"","protected":false},"excerpt":{"rendered":"<p>Phong c\u1ea3nh n\u00e0y\u2026 kh\u00f4ng thu\u1ed9c v\u1ec1 b\u1ea5t k\u1ef3 n\u01a1i n\u00e0o, nh\u01b0ng l\u1ea1i g\u1ee3i nh\u1edb \u0111\u1ebfn r\u1ea5t nhi\u1ec1u n\u01a1i. T\u1eebng n\u00e9t v\u1ebd, t\u1eebng m\u1ea3ng m\u00e0u nh\u01b0 gi\u00f3 th\u1ed5i qua tr\u00ed t\u01b0\u1edfng t\u01b0\u1ee3ng \u2014 n\u01a1i \u00c1 v\u00e0 \u00c2u g\u1eb7p nhau, n\u01a1i thi\u00ean nhi\u00ean h\u00f9ng v\u0129 m\u00e0 v\u1eabn m\u1ec1m m\u1ea1i m\u1ed9t c\u00e1ch b\u1ea5t ng\u1edd.<\/p>\n<p>M\u00ecnh v\u1ebd b\u1ee9c n\u00e0y cho m\u1ed9t nh\u00e0 s\u01b0u t\u1eadp n\u01b0\u1edbc ngo\u00e0i s\u1ed1ng t\u1ea1i Vi\u1ec7t Nam, ng\u01b0\u1eddi y\u00eau c\u1ea7u ch\u1ec9 m\u1ed9t \u0111i\u1ec1u duy nh\u1ea5t: h\u00f9ng v\u0129, v\u00e0 kh\u00f4ng qu\u00e1 n\u1eef t\u00ednh. V\u00e0 m\u1ed9t v\u00f9ng \u0111\u1ea5t ch\u01b0a t\u1eebng t\u1ed3n t\u1ea1i \u0111\u00e3 ra \u0111\u1eddi \u2014 t\u01b0\u01a1i s\u00e1ng, th\u01a1 m\u1ed9ng v\u00e0 y\u00ean b\u00ecnh.<\/p>\n<p>B\u1ea1n c\u00f3 th\u1ea5y n\u01a1i n\u00e0o m\u00ecnh t\u1eebng \u0111\u1ebfn trong b\u1ee9c tranh n\u00e0y kh\u00f4ng? \u0110\u1ecdc to\u00e0n b\u1ed9 c\u00e2u chuy\u1ec7n v\u1ec1 b\u1ee9c tranh n\u00e0y <a class=\"btn btn-link\" href=\"https:\/\/florafinearts.com\/vi\/the-daydream-hills\/\">t\u1ea1i \u0111\u00e2y<\/a>.<\/p>","protected":false},"featured_media":2387,"comment_status":"open","ping_status":"closed","template":"","meta":{"jetpack_post_was_ever_published":false},"product_brand":[],"product_cat":[37],"product_tag":[80,50,81],"class_list":{"0":"post-2385","1":"product","2":"type-product","3":"status-publish","4":"has-post-thumbnail","6":"product_cat-landscape-paintings","7":"product_tag-landscape","8":"product_tag-oil-on-canvas","9":"product_tag-travel-the-world","11":"first","12":"outofstock","13":"shipping-taxable","14":"purchasable","15":"product-type-simple"},"jetpack_sharing_enabled":true,"_links":{"self":[{"href":"https:\/\/florafinearts.com\/vi\/wp-json\/wp\/v2\/product\/2385","targetHints":{"allow":["GET"]}}],"collection":[{"href":"https:\/\/florafinearts.com\/vi\/wp-json\/wp\/v2\/product"}],"about":[{"href":"https:\/\/florafinearts.com\/vi\/wp-json\/wp\/v2\/types\/product"}],"replies":[{"embeddable":true,"href":"https:\/\/florafinearts.com\/vi\/wp-json\/wp\/v2\/comments?post=2385"}],"wp:featuredmedia":[{"embeddable":true,"href":"https:\/\/florafinearts.com\/vi\/wp-json\/wp\/v2\/media\/2387"}],"wp:attachment":[{"href":"https:\/\/florafinearts.com\/vi\/wp-json\/wp\/v2\/media?parent=2385"}],"wp:term":[{"taxonomy":"product_brand","embeddable":true,"href":"https:\/\/florafinearts.com\/vi\/wp-json\/wp\/v2\/product_brand?post=2385"},{"taxonomy":"product_cat","embeddable":true,"href":"https:\/\/florafinearts.com\/vi\/wp-json\/wp\/v2\/product_cat?post=2385"},{"taxonomy":"product_tag","embeddable":true,"href":"https:\/\/florafinearts.com\/vi\/wp-json\/wp\/v2\/product_tag?post=2385"}],"curies":[{"name":"wp","href":"https:\/\/api.w.org\/{rel}","templated":true}]}}