{"id":2313,"date":"2025-04-17T05:01:28","date_gmt":"2025-04-17T05:01:28","guid":{"rendered":"https:\/\/florafinearts.com\/?post_type=product&#038;p=2313"},"modified":"2025-04-23T05:22:00","modified_gmt":"2025-04-23T05:22:00","slug":"wild-harmony","status":"publish","type":"product","link":"https:\/\/florafinearts.com\/vi\/san-pham\/wild-harmony\/","title":{"rendered":"Wild harmony"},"content":{"rendered":"","protected":false},"excerpt":{"rendered":"<p>V\u1edbi m\u00ecnh v\u1ebd tranh kh\u00f4ng ch\u1ec9 l\u00e0 vi\u1ec7c s\u00e1ng t\u1ea1o ra m\u1ed9t c\u00e1i g\u00ec \u0111\u00f3 \u0111\u1eb9p, m\u00e0 c\u00f2n l\u00e0 vi\u1ec7c n\u1eafm b\u1eaft \u0111\u01b0\u1ee3c nh\u1eefng g\u00ec tho\u00e1ng ch\u1ed1c, ph\u00f9 du - gi\u1ed1ng nh\u01b0 m\u00f9a xu\u00e2n v\u1eady.<\/p>\n<p>B\u1ee9c tranh nh\u1ecf n\u00e0y l\u00e0 m\u1ed9t kho\u1ea3nh kh\u1eafc tho\u00e1ng qua nh\u01b0 v\u1eady, nh\u1eefng kho\u1ea3nh kh\u1eafc lu\u00f4n nh\u1eafc ch\u00fang ta r\u1eb1ng, cu\u1ed9c s\u1ed1ng, ngay c\u1ea3 v\u00e0o nh\u1eefng th\u1eddi \u0111i\u1ec3m b\u1eadn r\u1ed9n v\u00e0 h\u1ed7n lo\u1ea1n nh\u1ea5t, c\u0169ng lu\u00f4n c\u00f3 s\u1ef1 c\u00e2n b\u1eb1ng v\u00e0 duy\u00ean d\u00e1ng ri\u00eang. Nh\u1eefng b\u00f4ng hoa n\u00e0y l\u00e0 s\u1ef1 ph\u1ea3n chi\u1ebfu \u0111i\u1ec1u \u0111\u00f3 - hoang d\u00e3 nh\u01b0ng h\u00e0i ho\u00e0, m\u1ec1m m\u1ea1i nh\u01b0ng r\u1ef1c r\u1ee1.<\/p>\n<p>N\u1ebfu t\u00e1c ph\u1ea9m n\u00e0y khi\u1ebfn b\u1ea1n \u0111\u1ed3ng c\u1ea3m, h\u00e3y m\u1edf c\u1eeda ch\u00e0o \u0111\u00f3n n\u00f3 nh\u00e9. H\u00e3y mang n\u0103ng l\u01b0\u1ee3ng v\u00e0 s\u1ef1 \u0111\u1ed5i m\u1edbi c\u1ee7a m\u00f9a xu\u00e2n v\u00e0o kh\u00f4ng gian c\u1ee7a b\u1ea1n b\u1eb1ng nh\u1eefng b\u00f4ng hoa xinh \u0111\u1eb9p n\u00e0y. \ud83c\udf38\u2728<\/p>","protected":false},"featured_media":2314,"comment_status":"open","ping_status":"closed","template":"","meta":{"jetpack_post_was_ever_published":false},"product_brand":[],"product_cat":[33,37,195],"product_tag":[],"class_list":{"0":"post-2313","1":"product","2":"type-product","3":"status-publish","4":"has-post-thumbnail","6":"product_cat-floral-paintings","7":"product_cat-landscape-paintings","8":"product_cat-small-paintings","10":"first","11":"instock","12":"shipping-taxable","13":"purchasable","14":"product-type-simple"},"jetpack_sharing_enabled":true,"_links":{"self":[{"href":"https:\/\/florafinearts.com\/vi\/wp-json\/wp\/v2\/product\/2313","targetHints":{"allow":["GET"]}}],"collection":[{"href":"https:\/\/florafinearts.com\/vi\/wp-json\/wp\/v2\/product"}],"about":[{"href":"https:\/\/florafinearts.com\/vi\/wp-json\/wp\/v2\/types\/product"}],"replies":[{"embeddable":true,"href":"https:\/\/florafinearts.com\/vi\/wp-json\/wp\/v2\/comments?post=2313"}],"wp:featuredmedia":[{"embeddable":true,"href":"https:\/\/florafinearts.com\/vi\/wp-json\/wp\/v2\/media\/2314"}],"wp:attachment":[{"href":"https:\/\/florafinearts.com\/vi\/wp-json\/wp\/v2\/media?parent=2313"}],"wp:term":[{"taxonomy":"product_brand","embeddable":true,"href":"https:\/\/florafinearts.com\/vi\/wp-json\/wp\/v2\/product_brand?post=2313"},{"taxonomy":"product_cat","embeddable":true,"href":"https:\/\/florafinearts.com\/vi\/wp-json\/wp\/v2\/product_cat?post=2313"},{"taxonomy":"product_tag","embeddable":true,"href":"https:\/\/florafinearts.com\/vi\/wp-json\/wp\/v2\/product_tag?post=2313"}],"curies":[{"name":"wp","href":"https:\/\/api.w.org\/{rel}","templated":true}]}}