{"id":2309,"date":"2025-04-17T04:39:12","date_gmt":"2025-04-17T04:39:12","guid":{"rendered":"https:\/\/florafinearts.com\/?post_type=product&#038;p=2309"},"modified":"2025-05-08T06:16:08","modified_gmt":"2025-05-08T06:16:08","slug":"the-daydream-hills","status":"publish","type":"product","link":"https:\/\/florafinearts.com\/vi\/san-pham\/the-daydream-hills\/","title":{"rendered":"Ng\u00e0y m\u01a1 tr\u00ean \u0111\u1ed3i (b\u1ea3n th\u1eed)"},"content":{"rendered":"","protected":false},"excerpt":{"rendered":"<p>B\u1ee9c tranh nh\u1ecf n\u00e0y l\u00e0 b\u1ea3n v\u1ebd th\u1eed c\u1ee7a m\u1ed9t tranh \u0111\u1eb7t h\u00e0ng b\u1edfi m\u1ed9t nh\u00e0 s\u01b0u t\u1eadp th\u00e2n thi\u1ebft c\u1ee7a m\u00ecnh. Anh cho m\u00ecnh to\u00e0n quy\u1ec1n quy\u1ebft \u0111\u1ecbnh \u0111\u1ed1i v\u1edbi t\u00e1c ph\u1ea9m, ch\u1ec9 v\u1edbi m\u1ed9t l\u01b0u \u00fd \"kh\u00f4ng n\u1eef t\u00ednh qu\u00e1!\" haha. Anh \u1ea5y hi\u1ec3u r\u00f5 phong c\u00e1ch c\u1ee7a m\u00ecnh qu\u00e1 m\u00e0. Anh \u1ea5y kh\u00f4ng y\u00eau c\u1ea7u nh\u01b0ng m\u00ecnh v\u00f4 c\u00f9ng h\u1ea1nh ph\u00fac khi \u0111\u01b0\u1ee3c v\u1ebd b\u1ee9c tranh nh\u1ecf n\u00e0y \u0111\u1ec3 l\u00e0m qu\u00e0 sinh nh\u1eadt cho anh \u1ea5y tr\u01b0\u1edbc khi b\u1eaft tay v\u00e0o v\u1ebd b\u1ea3n ch\u00ednh th\u1ee9c.<\/p>\n<p>Tranh ch\u00ednh th\u1ee9c - kh\u1ed5 80 x 120 cm - \u0111\u00e3 \u0111\u01b0\u1ee3c l\u00ean l\u1ecbch v\u00e0 d\u1ef1 ki\u1ebfn ho\u00e0n thi\u1ec7n trong th\u00e1ng t\u1edbi.<\/p>\n<p><strong><a class=\"btn btn-link\" href=\"https:\/\/florafinearts.com\/vi\/san-pham\/the-daydream-hills-2\/\" target=\"_blank\" rel=\"noopener\">The final one.<\/a><\/strong><\/p>","protected":false},"featured_media":2310,"comment_status":"open","ping_status":"closed","template":"","meta":{"jetpack_post_was_ever_published":false},"product_brand":[],"product_cat":[37,195],"product_tag":[],"class_list":{"0":"post-2309","1":"product","2":"type-product","3":"status-publish","4":"has-post-thumbnail","6":"product_cat-landscape-paintings","7":"product_cat-small-paintings","9":"first","10":"outofstock","11":"shipping-taxable","12":"product-type-simple"},"jetpack_sharing_enabled":true,"_links":{"self":[{"href":"https:\/\/florafinearts.com\/vi\/wp-json\/wp\/v2\/product\/2309","targetHints":{"allow":["GET"]}}],"collection":[{"href":"https:\/\/florafinearts.com\/vi\/wp-json\/wp\/v2\/product"}],"about":[{"href":"https:\/\/florafinearts.com\/vi\/wp-json\/wp\/v2\/types\/product"}],"replies":[{"embeddable":true,"href":"https:\/\/florafinearts.com\/vi\/wp-json\/wp\/v2\/comments?post=2309"}],"wp:featuredmedia":[{"embeddable":true,"href":"https:\/\/florafinearts.com\/vi\/wp-json\/wp\/v2\/media\/2310"}],"wp:attachment":[{"href":"https:\/\/florafinearts.com\/vi\/wp-json\/wp\/v2\/media?parent=2309"}],"wp:term":[{"taxonomy":"product_brand","embeddable":true,"href":"https:\/\/florafinearts.com\/vi\/wp-json\/wp\/v2\/product_brand?post=2309"},{"taxonomy":"product_cat","embeddable":true,"href":"https:\/\/florafinearts.com\/vi\/wp-json\/wp\/v2\/product_cat?post=2309"},{"taxonomy":"product_tag","embeddable":true,"href":"https:\/\/florafinearts.com\/vi\/wp-json\/wp\/v2\/product_tag?post=2309"}],"curies":[{"name":"wp","href":"https:\/\/api.w.org\/{rel}","templated":true}]}}