{"id":2307,"date":"2025-04-17T04:26:36","date_gmt":"2025-04-17T04:26:36","guid":{"rendered":"https:\/\/florafinearts.com\/?post_type=product&#038;p=2307"},"modified":"2025-04-18T06:03:28","modified_gmt":"2025-04-18T06:03:28","slug":"five-fruits-double-petaled-lilies","status":"publish","type":"product","link":"https:\/\/florafinearts.com\/vi\/san-pham\/five-fruits-double-petaled-lilies\/","title":{"rendered":"Ng\u0169 qu\u1ea3 v\u00e0 hoa ly c\u00e1nh k\u00e9p"},"content":{"rendered":"","protected":false},"excerpt":{"rendered":"<p>Hoa ly l\u00e0 lo\u1ea1i hoa y\u00eau th\u00edch nh\u1ea5t c\u1ee7a m\u00ecnh. C\u1ee9 ng\u1eedi th\u1ea5y m\u00f9i h\u01b0\u01a1ng c\u1ee7a n\u00f3 l\u00e0 m\u00ecnh th\u1ea5y kho\u1ebb t\u1eeb trong ra ngo\u00e0i, v\u00e0 c\u0169ng th\u00edch ng\u1eafm n\u00f3. Nh\u01b0ng n\u00f3 l\u00e0 m\u1ed9t lo\u00e0i hoa \u0111\u1eb9p\u2026 v\u1ea1m v\u1ee1, n\u1ebfu v\u1ebd m\u00e0 kh\u00f4ng kh\u00e9o, r\u1ea5t d\u1ec5 th\u00f4 thi\u1ec3n. Ngh\u0129 v\u1eady n\u00ean m\u00ecnh t\u00ednh s\u1ebd\u2026 kh\u00f4ng v\u1ebd, nh\u01b0 th\u1ec3 kh\u00f4ng mu\u1ed1n l\u00e0m m\u1ea5t thi\u00eang n\u00e0ng th\u01a1. V\u1ebd ly \u0111\u01a1n \u0111\u00e3 kh\u00f3 bay b\u1ed5ng, m\u00e0 v\u1ebd ly k\u00e9p th\u00ec c\u00e0ng kh\u00f4ng mu\u1ed1n ngh\u0129, nh\u1ea5t l\u00e0 v\u1ebd t\u1ea3 th\u1ef1c.<\/p>\n<p>Th\u1ebf nh\u01b0ng khi th\u1ea5y n\u00f3 tr\u00e0n tr\u1ec1 \u1edf tr\u00ean b\u00e0n, b\u00ean c\u1ea1nh nh\u1eefng tr\u00e1i c\u00e2y c\u0169ng m\u1ecdng nh\u01b0 v\u1eady, c\u1ea7m l\u00f2ng ch\u1eb3ng \u0111\u1eb7ng. V\u1ebd th\u00f4i, s\u1ee3 g\u00ec.<\/p>\n<p>Khi v\u1ebd g\u1ea7n xong b\u1ee9c n\u00e0y, l\u00fac \u0111\u1ea7u m\u00ecnh v\u1ebd nguy\u00ean m\u1eabu, r\u1ed3i t\u1edbi l\u00fac nguy\u00ean m\u1eabu ph\u1ea3i \u0103n th\u00f4i, kh\u00f4ng th\u00ec h\u01b0, m\u00ecnh c\u1ea3m nh\u1eadn r\u00f5 c\u00e2u n\u00f3i c\u1ee7a Frida Kahlo: \u201cT\u00f4i v\u1ebd nh\u1eefng b\u00f4ng hoa \u0111\u1ec3 ch\u00fang kh\u00f4ng bao gi\u1edd l\u1ee5i t\u00e0n\u201d. C\u00f4ng nh\u1eadn, v\u1ebd ch\u01b0a xong m\u00e0 n\u00f3 \u0111\u00e3 t\u00e0n xong r\u1ed3i.<\/p>\n<p>Nh\u01b0ng ngay c\u1ea3 hoa c\u1ee7a Frida hay hoa c\u1ee7a b\u1ea5t k\u1ef3 ai, d\u00f9 c\u00f3 l\u01b0u l\u1ea1i trong tranh, r\u1ed3i t\u1edbi m\u1ed9t ng\u00e0y n\u00f3 c\u0169ng t\u00e0n th\u00f4i, so v\u1edbi c\u00e1i v\u00f4 h\u1ea1n c\u1ee7a \u0111\u1ea5t tr\u1eddi. Cho n\u00ean l\u01b0u l\u1ea1i th\u00ec c\u1ee9 l\u01b0u, nh\u01b0ng \u0111\u1eebng b\u00e1m v\u00e0o n\u00f3. N\u1ebfu bi\u1ebft s\u1edbm mu\u1ed9n n\u00f3 c\u0169ng t\u00e0n, \u0111\u1eebng ch\u1ea5p, \u0111\u1eebng bu\u1ed3n, m\u00e0 c\u1ee9 s\u1ed1ng c\u00e1i ph\u00fat gi\u00e2y b\u1ea5t di\u1ec7t khi m\u00ecnh \u0111ang ng\u1eafm \u0111\u00f3, khi m\u00ecnh \u0111ang v\u1ebd n\u00f3. \u0110\u00f3 l\u00e0 l\u00fac kh\u00f4ng g\u00ec, kh\u00f4ng ai c\u01b0\u1edbp n\u00f3 \u0111i \u0111\u01b0\u1ee3c kh\u1ecfi m\u00ecnh, n\u00f3 l\u00e0 v\u0129nh c\u1eedu th\u1eadt s\u1ef1. V\u1eady nh\u1ec9!<\/p>\n<p>Ch\u00fac m\u1ecdi ng\u01b0\u1eddi m\u1ed9t th\u00e1ng m\u1edbi sung m\u00e3n nh\u01b0 b\u1ee9c tranh n\u00e0y nh\u00e9.<\/p>","protected":false},"featured_media":2308,"comment_status":"open","ping_status":"closed","template":"","meta":{"jetpack_post_was_ever_published":false},"product_brand":[],"product_cat":[33,86],"product_tag":[],"class_list":{"0":"post-2307","1":"product","2":"type-product","3":"status-publish","4":"has-post-thumbnail","6":"product_cat-floral-paintings","7":"product_cat-still-life","9":"first","10":"instock","11":"shipping-taxable","12":"purchasable","13":"product-type-simple"},"jetpack_sharing_enabled":true,"_links":{"self":[{"href":"https:\/\/florafinearts.com\/vi\/wp-json\/wp\/v2\/product\/2307","targetHints":{"allow":["GET"]}}],"collection":[{"href":"https:\/\/florafinearts.com\/vi\/wp-json\/wp\/v2\/product"}],"about":[{"href":"https:\/\/florafinearts.com\/vi\/wp-json\/wp\/v2\/types\/product"}],"replies":[{"embeddable":true,"href":"https:\/\/florafinearts.com\/vi\/wp-json\/wp\/v2\/comments?post=2307"}],"wp:featuredmedia":[{"embeddable":true,"href":"https:\/\/florafinearts.com\/vi\/wp-json\/wp\/v2\/media\/2308"}],"wp:attachment":[{"href":"https:\/\/florafinearts.com\/vi\/wp-json\/wp\/v2\/media?parent=2307"}],"wp:term":[{"taxonomy":"product_brand","embeddable":true,"href":"https:\/\/florafinearts.com\/vi\/wp-json\/wp\/v2\/product_brand?post=2307"},{"taxonomy":"product_cat","embeddable":true,"href":"https:\/\/florafinearts.com\/vi\/wp-json\/wp\/v2\/product_cat?post=2307"},{"taxonomy":"product_tag","embeddable":true,"href":"https:\/\/florafinearts.com\/vi\/wp-json\/wp\/v2\/product_tag?post=2307"}],"curies":[{"name":"wp","href":"https:\/\/api.w.org\/{rel}","templated":true}]}}