{"id":2000,"date":"2025-02-15T06:42:00","date_gmt":"2025-02-15T06:42:00","guid":{"rendered":"https:\/\/florafinearts.com\/?post_type=product&#038;p=2000"},"modified":"2025-04-17T06:52:31","modified_gmt":"2025-04-17T06:52:31","slug":"heliconia-in-phan-thiet","status":"publish","type":"product","link":"https:\/\/florafinearts.com\/vi\/san-pham\/heliconia-in-phan-thiet\/","title":{"rendered":"Hoa m\u1ecf k\u00e9t \u1edf Phan Thi\u1ebft"},"content":{"rendered":"<p>Hoa chu\u1ed1i c\u1ea3nh thu\u1ed9c h\u1ecd Heliconiaceae, c\u00f3 \u0111\u1eb7c \u0111i\u1ec3m n\u1ed5i b\u1eadt l\u00e0 l\u00e1 d\u00e0i xanh m\u01b0\u1edbt v\u00e0 hoa c\u00f3 m\u00e0u v\u00e0ng, cam ho\u1eb7c \u0111\u1ecf v\u1edbi h\u00ecnh d\u00e1ng \u0111\u1eb7c tr\u01b0ng, th\u01b0\u1eddng m\u1ecdc th\u00e0nh c\u1ee5m gi\u1ed1ng nh\u01b0 m\u1ecf chim. Lo\u00e0i hoa n\u00e0y th\u01b0\u1eddng \u0111\u01b0\u1ee3c t\u00ecm th\u1ea5y \u1edf v\u00f9ng nhi\u1ec7t \u0111\u1edbi, \u0111\u1eb7c bi\u1ec7t l\u00e0 trong c\u00e1c khu v\u01b0\u1eddn nhi\u1ec7t \u0111\u1edbi ho\u1eb7c khu v\u1ef1c r\u1eebng r\u1eadm.<\/p>\n<p>Hoa m\u1ecf k\u00e9t mang nhi\u1ec1u \u00fd ngh\u0129a trong v\u0103n h\u00f3a v\u00e0 bi\u1ec3u t\u01b0\u1ee3ng, \u0111\u1eb7c bi\u1ec7t l\u00e0 trong ngh\u1ec7 thu\u1eadt, phong th\u1ee7y v\u00e0 \u0111\u1eddi s\u1ed1ng. Lo\u00e0i hoa n\u00e0y t\u01b0\u1ee3ng tr\u01b0ng cho s\u1ef1 t\u01b0\u01a1i m\u1edbi v\u00e0 n\u0103ng l\u01b0\u1ee3ng s\u1ed1ng. M\u00e0u s\u1eafc v\u00e0ng, cam, \u0111\u1ecf r\u1ef1c r\u00f5 l\u00e0 s\u1eafc th\u00e1i c\u1ee7a s\u1ef1 s\u1ed1ng \u0111\u1ed9ng, n\u0103ng l\u01b0\u1ee3ng t\u00edch c\u1ef1c v\u00e0 tinh th\u1ea7n m\u1ea1nh m\u1ebd. Gam m\u00e0u n\u00e0y g\u1ee3i l\u00ean c\u1ea3m gi\u00e1c h\u1ea1nh ph\u00fac, nhi\u1ec7t huy\u1ebft v\u00e0 ni\u1ec1m vui s\u1ed1ng.<\/p>\n<p>V\u00ec c\u00f3 xu h\u01b0\u1edbng v\u01b0\u01a1n l\u00ean m\u1ea1nh m\u1ebd, gi\u1ed1ng nh\u01b0 \u00fd ch\u00ed ph\u00e1t tri\u1ec3n kh\u00f4ng ng\u1eebng, lo\u00e0i hoa n\u00e0y c\u00f2n l\u00e0 bi\u1ec3u t\u01b0\u1ee3ng c\u1ee7a s\u1ef1 ph\u00e1t tri\u1ec3n th\u1ecbnh v\u01b0\u1ee3ng, may m\u1eafn, gi\u00fap thu h\u00fat n\u0103ng l\u01b0\u1ee3ng t\u1ed1t v\u00e0 s\u1ef1 ph\u00e1t tri\u1ec3n. V\u00ec hoa m\u1ecdc th\u00e0nh c\u1ee5m v\u1edbi c\u00e1c c\u00e1nh hoa \u0111an xem v\u00e0o nhau, Heliconia c\u00f2n \u0111\u1ea1i di\u1ec7n cho s\u1ef1 g\u1eafn k\u1ebft trong gia \u0111\u00ecnh, t\u00ecnh y\u00eau ho\u1eb7c t\u00ecnh b\u1ea1n b\u1ec1n ch\u1eb7t. \u1ede m\u1ed9t s\u1ed1 n\u1ec1n v\u0103n ho\u00e1, n\u00f3 c\u0169ng \u0111\u01b0\u1ee3c coi l\u00e0 bi\u1ec3u t\u01b0\u1ee3ng c\u1ee7a s\u1ef1 trung th\u00e0nh trong c\u00e1c m\u1ed1i quan h\u1ec7.<\/p>\n<p>V\u1edbi h\u00ecnh d\u00e1ng \u0111\u1ed9c \u0111\u00e1o, hoa chu\u1ed1i c\u1ea3nh th\u01b0\u1eddng g\u1ee3i l\u00ean c\u1ea3m gi\u00e1c v\u1ec1 s\u1ef1 s\u00e1ng t\u1ea1o ngh\u1ec7 thu\u1eadt v\u00e0 c\u00e1 t\u00ednh ri\u00eang bi\u1ec7t. Nh\u1eefng ng\u01b0\u1eddi y\u00eau th\u00edch lo\u00e0i hoa n\u00e0y th\u01b0\u1eddng l\u00e0 nh\u1eefng ng\u01b0\u1eddi c\u00f3 t\u00ednh c\u00e1ch m\u1ea1nh m\u1ebd, nhi\u1ec1u c\u1ea3m h\u1ee9ng v\u00e0 kh\u00f4ng ng\u1ea1i th\u1ec3 hi\u1ec7n b\u1ea3n th\u00e2n. V\u00ec sinh tr\u01b0\u1edfng m\u1ea1nh trong c\u00e1c v\u00f9ng r\u1eebng m\u01b0a nhi\u1ec7t \u0111\u1edbi, n\u01a1i th\u01b0\u1eddng g\u1eafn li\u1ec1n v\u1edbi thi\u00ean nhi\u00ean hoang d\u00e3 v\u00e0 v\u1ebb \u0111\u1eb9p k\u1ef3 b\u00ed, lo\u00e0i hoa n\u00e0y mang l\u1ea1i c\u1ea3m gi\u00e1c th\u01b0 th\u00e1i, b\u00ecnh y\u00ean v\u00e0 k\u1ebft n\u1ed1i v\u1edbi thi\u00ean nhi\u00ean, \u0111\u1eb7c bi\u1ec7t khi \u0111\u01b0\u1ee3c tr\u1ed3ng trong v\u01b0\u1eddn ho\u1eb7c l\u00e0m hoa trang tr\u00ed.<\/p>\n<p>M\u1eb7c d\u00f9 th\u01b0\u1eddng b\u1ecb nh\u1ea7m l\u1eabn v\u1edbi nhau, hai lo\u00e0i hoa n\u00e0y c\u00f3 nh\u1eefng \u0111i\u1ec3m kh\u00e1c bi\u1ec7t ch\u00ednh. M\u1ecf k\u00e9t c\u00f3 c\u1ea5u tr\u00fac nhi\u1ec1u l\u1edbp, gi\u1ed1ng nh\u01b0 m\u1ecf chim, trong khi Thi\u00ean \u0111i\u1ec3u c\u00f3 c\u00e1nh hoa d\u00e0i, nh\u1ecdn gi\u1ed1ng nh\u01b0 m\u1ed9t con chim \u0111ang bay. Hoa M\u1ecf k\u00e9t m\u1ecdc th\u00e0nh t\u1eebng ch\u00f9m d\u1ecdc theo th\u00e2n, trong khi hoa Thi\u00ean \u0111i\u1ec3u n\u1edf theo chi\u1ec1u ngang v\u00e0 ri\u00eang l\u1ebb. L\u00e1 c\u1ee7a M\u1ecf k\u00e9t d\u00e0i v\u00e0 gi\u1ed1ng nh\u01b0 qu\u1ea3 chu\u1ed1i, trong khi Thi\u00ean \u0111i\u1ec3u c\u00f3 l\u00e1 d\u00e0y h\u01a1n, h\u00ecnh b\u1ea7u d\u1ee5c v\u1edbi c\u00e1c \u0111\u01b0\u1eddng g\u00e2n n\u1ed5i b\u1eadt. V\u1ec1 m\u00f4i tr\u01b0\u1eddng s\u1ed1ng, M\u1ecf k\u00e9t  th\u00edch r\u1eebng m\u01b0a nhi\u1ec7t \u0111\u1edbi \u1ea9m \u01b0\u1edbt, r\u00e2m m\u00e1t, trong khi Thi\u00ean \u0111i\u1ec3u ph\u00e1t tri\u1ec3n m\u1ea1nh \u1edf v\u00f9ng kh\u00ed h\u1eadu \u1ea5m \u00e1p v\u00e0 nhi\u1ec1u n\u1eafng h\u01a1n.<\/p>\n<p>B\u1ee9c tranh n\u00e0y ph\u00f9 h\u1ee3p \u0111\u1ec3 tr\u01b0ng b\u00e0y t\u1ea1i ph\u00f2ng kh\u00e1ch, kh\u00f4ng gian thi\u1ec1n, qu\u00e1n caf\u00e9 ho\u1eb7c nh\u1eefng n\u01a1i c\u1ea7n s\u1ef1 th\u01b0 gi\u00e3n v\u00e0 ngu\u1ed3n n\u0103ng l\u01b0\u1ee3ng t\u00edch c\u1ef1c.<\/p>","protected":false},"excerpt":{"rendered":"<p>V\u1ebd xong b\u1ee9c n\u00e0y v\u00e0 b\u1eaft \u0111\u1ea7u vi\u1ebft caption cho n\u00f3 m\u00ecnh m\u1edbi th\u1ea5y c\u00f3 g\u00ec \u0111\u00f3 sai sai. H\u00ecnh nh\u01b0 \u0111\u00e2y kh\u00f4ng ph\u1ea3i <strong>hoa thi\u00ean \u0111i\u1ec3u<\/strong> . L\u00e2u qu\u00e1 r\u1ed3i kh\u00f4ng c\u00f2n v\u01b0\u1eddn t\u01b0\u1ee3c g\u00ec n\u00ean k\u00fd \u1ee9c v\u1ec1 hoa l\u00e1 c\u00e2y c\u1ed1i c\u0169ng t\u1ef1 \u0111\u1ed9ng xo\u00e1 nhanh ch\u00f3ng. H\u1ecfi chat GPT xong r\u1ed3i \u0111\u1ebfn search, th\u00ec \u0111\u00fang l\u00e0 sai th\u1eadt. \u0110\u00e2y l\u00e0 <strong>hoa chu\u1ed1i c\u1ea3nh<\/strong>, ho\u1eb7c l\u00e0 \u201choa thi\u00ean \u0111i\u1ec3u gi\u1ea3\u201d v\u00ec qu\u00e1 nhi\u1ec1u ng\u01b0\u1eddi nh\u1ea7m \u0111\u00e2y l\u00e0 hoa thi\u00ean \u0111i\u1ec3u. C\u00f2n t\u00ean thu\u1ea7n Vi\u1ec7t c\u1ee7a n\u00f3 l\u00e0 <strong>hoa m\u1ecf k\u00e9t<\/strong>, t\u00ean khoa h\u1ecdc l\u00e0 Heliconia. <strong>hoa chu\u1ed1i c\u1ea3nh<\/strong>.<\/p>","protected":false},"featured_media":2001,"comment_status":"open","ping_status":"closed","template":"","meta":{"jetpack_post_was_ever_published":false},"product_brand":[],"product_cat":[192,33,37,195],"product_tag":[157,167,168,80,50,170,171,81,161],"class_list":{"0":"post-2000","1":"product","2":"type-product","3":"status-publish","4":"has-post-thumbnail","6":"product_cat-plein-air","7":"product_cat-floral-paintings","8":"product_cat-landscape-paintings","9":"product_cat-small-paintings","10":"product_tag-art-on-the-way","11":"product_tag-du-lich-tet","12":"product_tag-du-lich-viet-nam","13":"product_tag-landscape","14":"product_tag-oil-on-canvas","15":"product_tag-phan-thiet","16":"product_tag-tranh-hoa","17":"product_tag-travel-the-world","18":"product_tag-xuyen-viet","20":"first","21":"instock","22":"shipping-taxable","23":"purchasable","24":"product-type-simple"},"jetpack_sharing_enabled":true,"_links":{"self":[{"href":"https:\/\/florafinearts.com\/vi\/wp-json\/wp\/v2\/product\/2000","targetHints":{"allow":["GET"]}}],"collection":[{"href":"https:\/\/florafinearts.com\/vi\/wp-json\/wp\/v2\/product"}],"about":[{"href":"https:\/\/florafinearts.com\/vi\/wp-json\/wp\/v2\/types\/product"}],"replies":[{"embeddable":true,"href":"https:\/\/florafinearts.com\/vi\/wp-json\/wp\/v2\/comments?post=2000"}],"wp:featuredmedia":[{"embeddable":true,"href":"https:\/\/florafinearts.com\/vi\/wp-json\/wp\/v2\/media\/2001"}],"wp:attachment":[{"href":"https:\/\/florafinearts.com\/vi\/wp-json\/wp\/v2\/media?parent=2000"}],"wp:term":[{"taxonomy":"product_brand","embeddable":true,"href":"https:\/\/florafinearts.com\/vi\/wp-json\/wp\/v2\/product_brand?post=2000"},{"taxonomy":"product_cat","embeddable":true,"href":"https:\/\/florafinearts.com\/vi\/wp-json\/wp\/v2\/product_cat?post=2000"},{"taxonomy":"product_tag","embeddable":true,"href":"https:\/\/florafinearts.com\/vi\/wp-json\/wp\/v2\/product_tag?post=2000"}],"curies":[{"name":"wp","href":"https:\/\/api.w.org\/{rel}","templated":true}]}}