{"id":1990,"date":"2025-02-13T06:11:57","date_gmt":"2025-02-13T06:11:57","guid":{"rendered":"https:\/\/florafinearts.com\/?post_type=product&#038;p=1990"},"modified":"2025-04-17T06:55:24","modified_gmt":"2025-04-17T06:55:24","slug":"flowers-in-little-village","status":"publish","type":"product","link":"https:\/\/florafinearts.com\/vi\/san-pham\/flowers-in-little-village\/","title":{"rendered":"Hoa \u1edf L\u00e0ng Nh\u1ecf"},"content":{"rendered":"<p>4h chi\u1ec1u s\u1eafp t\u1eaft n\u1eafng m\u1edbi n\u1ed5i h\u1ee9ng v\u1ebd, ng\u1ed3i ban c\u00f4ng bungalow b\u00ean h\u1ed3, v\u1ebd mu\u1ed7i \u0111\u1ed1t m\u1ecdng tr\u00ean tr\u00e1n m\u00e0 kh\u00f4ng bi\u1ebft.<\/p>\n<p>\u0110ang v\u1ebd ch\u01b0a \u0111\u01b0\u1ee3c bao l\u00e2u th\u00ec b\u00e1c San g\u1ecdi xu\u1ed1ng b\u00e8 \u0111i nh\u1eadu, theo ti\u00eau chu\u1ea9n th\u1ea3 tr\u00f4i s\u00f4ng nh\u01b0ng kh\u00f4ng g\u1ecdt \u0111\u1ea7u b\u00f4i v\u00f4i. Khuya v\u1ec1 say b\u00ed t\u1ec9, th\u00e8m m\u00e0 kh\u00f4ng v\u1ebd n\u1ed5i.<\/p>\n<p>S\u00e1ng 17 \u0111\u1ed9 ra ban c\u00f4ng v\u1ebd ti\u1ebfp. \u0110\u01b0\u1ee3c m\u1ed9t l\u00fac m\u1eb7t tr\u1eddi l\u00ean, n\u00f3ng, b\u00ea c\u1ea3 toan l\u1eabn m\u1eabu ra v\u01b0\u1eddn v\u1ebd. V\u1eabn ch\u01b0a xong nh\u01b0ng \u0111\u1ebfn gi\u1edd l\u00ean \u0111\u01b0\u1eddng r\u1ed3i. T\u00f4i ti\u1ebfp t\u1ee5c ho\u00e0n thi\u1ec7n b\u1ee9c tranh khi tr\u1edf v\u1ec1 S\u00e0i G\u00f2n.<\/p>\n<p>T\u1ea1m bi\u1ec7t b\u00e1c San v\u00e0 L\u00e0ng Nh\u1ecf, h\u1eb9n ng\u00e0y g\u1eb7p l\u1ea1i.<\/p>","protected":false},"excerpt":{"rendered":"<p>L\u00e0ng Nh\u1ecf c\u00f3 th\u1ec3 l\u00e0 m\u1ed9t c\u00e1i t\u00ean l\u1ea1 v\u1edbi nhi\u1ec1u ng\u01b0\u1eddi nh\u01b0ng l\u1ea1i r\u1ea5t quen thu\u1ed9c v\u1edbi nh\u1eefng ng\u01b0\u1eddi l\u00e0m ki\u1ebfn tr\u00fac. N\u0103m 2022, ngay sau covid, t\u1ee5i m\u00ecnh \u0111\u01b0\u1ee3c tham gia c\u00f9ng t\u1ed5 ch\u1ee9c Marchifest \u1edf \u0111\u00e2y, m\u1ed9t \"ng\u00f4i l\u00e0ng\" r\u1ed9ng t\u1edbi 165 ha, tuy\u1ec7t \u0111\u1eb9p t\u1ea1i Di\u00ean Kh\u00e1nh, Kh\u00e1nh Ho\u00e0. Ti\u1ebfc l\u00e0 d\u1ecbp \u0111\u00f3 m\u00ecnh kh\u00f4ng \u0111i \u0111\u01b0\u1ee3c, ch\u1ec9 c\u00f3 \u00f4ng x\u00e3 v\u00e0 team bay ra.<\/p>\n<p>N\u0103m nay, \u0111\u01b0\u1ee3c b\u00e1c San \"tr\u01b0\u1edfng l\u00e0ng\" t\u00e0i tr\u1ee3 m\u1ed9t tour ngh\u1ec9 ng\u01a1i th\u0103m th\u00fa kh\u00f4ng th\u1ec3 tuy\u1ec7t v\u1eddi h\u01a1n. Lang thang trong l\u00e0ng c\u1ee7a b\u00e1c, h\u00e1i m\u1ed9t b\u00f4ng th\u01b0\u1ee3c d\u01b0\u1ee3c duy nh\u1ea5t (b\u00e1c tr\u1ed3ng ch\u1ee7 y\u1ebfu l\u00e0 c\u00fac) v\u00e0 hoa d\u1ea1i, m\u01b0\u1ee3n l\u1ec5 t\u00e2n c\u00e1i b\u00ecnh n\u01b0\u1edbc, v\u1eady l\u00e0 c\u00f3 m\u1eabu v\u1ebd.<\/p>","protected":false},"featured_media":1992,"comment_status":"open","ping_status":"closed","template":"","meta":{"jetpack_post_was_ever_published":false},"product_brand":[],"product_cat":[192,33,195,86],"product_tag":[165,167,168,48,163,166,162,164,50,103,81,161],"class_list":{"0":"post-1990","1":"product","2":"type-product","3":"status-publish","4":"has-post-thumbnail","6":"product_cat-plein-air","7":"product_cat-floral-paintings","8":"product_cat-small-paintings","9":"product_cat-still-life","10":"product_tag-dien-khanh","11":"product_tag-du-lich-tet","12":"product_tag-du-lich-viet-nam","13":"product_tag-floral","14":"product_tag-ho-lang-nhot","15":"product_tag-khanh-hoa","16":"product_tag-lang-nho","17":"product_tag-nha-trang","18":"product_tag-oil-on-canvas","19":"product_tag-still-life","20":"product_tag-travel-the-world","21":"product_tag-xuyen-viet","23":"first","24":"outofstock","25":"shipping-taxable","26":"product-type-simple"},"jetpack_sharing_enabled":true,"_links":{"self":[{"href":"https:\/\/florafinearts.com\/vi\/wp-json\/wp\/v2\/product\/1990","targetHints":{"allow":["GET"]}}],"collection":[{"href":"https:\/\/florafinearts.com\/vi\/wp-json\/wp\/v2\/product"}],"about":[{"href":"https:\/\/florafinearts.com\/vi\/wp-json\/wp\/v2\/types\/product"}],"replies":[{"embeddable":true,"href":"https:\/\/florafinearts.com\/vi\/wp-json\/wp\/v2\/comments?post=1990"}],"wp:featuredmedia":[{"embeddable":true,"href":"https:\/\/florafinearts.com\/vi\/wp-json\/wp\/v2\/media\/1992"}],"wp:attachment":[{"href":"https:\/\/florafinearts.com\/vi\/wp-json\/wp\/v2\/media?parent=1990"}],"wp:term":[{"taxonomy":"product_brand","embeddable":true,"href":"https:\/\/florafinearts.com\/vi\/wp-json\/wp\/v2\/product_brand?post=1990"},{"taxonomy":"product_cat","embeddable":true,"href":"https:\/\/florafinearts.com\/vi\/wp-json\/wp\/v2\/product_cat?post=1990"},{"taxonomy":"product_tag","embeddable":true,"href":"https:\/\/florafinearts.com\/vi\/wp-json\/wp\/v2\/product_tag?post=1990"}],"curies":[{"name":"wp","href":"https:\/\/api.w.org\/{rel}","templated":true}]}}