{"id":1983,"date":"2025-02-13T05:14:38","date_gmt":"2025-02-13T05:14:38","guid":{"rendered":"https:\/\/florafinearts.com\/?post_type=product&#038;p=1983"},"modified":"2025-04-17T06:55:40","modified_gmt":"2025-04-17T06:55:40","slug":"spring-noon-in-hoi-an-ancient-town","status":"publish","type":"product","link":"https:\/\/florafinearts.com\/vi\/san-pham\/spring-noon-in-hoi-an-ancient-town\/","title":{"rendered":"Tr\u01b0a m\u00f9a xu\u00e2n H\u1ed9i An"},"content":{"rendered":"","protected":false},"excerpt":{"rendered":"<p>Tr\u00ean h\u00e0nh tr\u00ecnh tr\u1edf v\u1ec1 Th\u00e0nh ph\u1ed1 H\u1ed3 Ch\u00ed Minh, \u0111i\u1ec3m d\u1eebng ch\u00e2n \u0111\u1ea7u ti\u00ean c\u1ee7a ch\u00fang t\u00f4i l\u00e0 H\u1ed9i An. Ch\u00fang t\u00f4i \u0111\u00e3 \u0111\u1ebfn H\u1ed9i An nhi\u1ec1u l\u1ea7n, nh\u01b0ng \u0111\u00e2y l\u00e0 l\u1ea7n \u0111\u1ea7u ti\u00ean ch\u00fang t\u00f4i \u1edf l\u1ea1i \u0111\u1ee7 l\u00e2u \u0111\u1ec3 th\u1ef1c s\u1ef1 t\u1eadn h\u01b0\u1edfng th\u00e0nh ph\u1ed1 c\u1ed5 k\u00ednh n\u00e0y. Ch\u00fang t\u00f4i t\u00ecm th\u1ea5y m\u1ed9t qu\u00e1n c\u00e0 ph\u00ea trong l\u00fac lang thang t\u00ecm m\u1ed9t ch\u1ed7 m\u00e1t m\u1ebb \u0111\u1ec3 ngh\u1ec9 tr\u01b0a. Qu\u00e1n c\u00f3 t\u1ea7m nh\u00ecn tuy\u1ec7t \u0111\u1eb9p t\u1eeb tr\u00ean s\u00e2n th\u01b0\u1ee3ng, nh\u01b0ng tr\u1eddi qu\u00e1 n\u00f3ng v\u00e0 qu\u00e1 ch\u00f3i \u0111\u1ec3 ng\u1ed3i v\u1ebd ngo\u00e0i tr\u1eddi. T\u00f4i quy\u1ebft \u0111\u1ecbnh v\u1ebd t\u1eeb t\u1ea7m nh\u00ecn ch\u1ed7 ng\u1ed3i c\u1ee7a m\u00ecnh. R\u1ea5t th\u00fa v\u1ecb, ch\u1ee7 c\u0169 c\u1ee7a qu\u00e1n c\u00e0 ph\u00ea n\u00e0y c\u0169ng l\u00e0 m\u1ed9t ho\u1ea1 s\u0129 v\u00e0 m\u1ed9t s\u1ed1 b\u1ee9c tranh c\u1ee7a anh \u1ea5y v\u1eabn c\u00f2n treo tr\u00ean t\u01b0\u1eddng.<\/p>\n<p>\u0110\u00e2y l\u00e0 b\u1ee9c tranh \u0111\u1ea7u ti\u00ean t\u00f4i v\u1ebd sau T\u1ebft. T\u1ebft l\u00e0 th\u1eddi \u0111i\u1ec3m b\u1eadn r\u1ed9n nh\u1ea5t cho c\u00e1c gia \u0111\u00ecnh t\u1ea1i Vi\u1ec7t Nam. M\u1eb7c d\u00f9 \u0111\u00e3 c\u00f9ng ch\u1ed3ng l\u00e1i xe xuy\u00ean Ch\u00e2u \u00c2u, M\u1ef9, H\u00e0n Qu\u1ed1c... nh\u01b0ng \u0111\u00e2y l\u00e0 l\u1ea7n \u0111\u1ea7u ti\u00ean ch\u00fang t\u00f4i l\u00e1i xe xuy\u00ean Vi\u1ec7t. D\u1ecdc \u0111\u01b0\u1eddng, ch\u00fang t\u00f4i \u0111\u00e3 ch\u1ee5p r\u1ea5t nhi\u1ec1u phong c\u1ea3nh \u0111\u1eb9p \"n\u00e1 th\u1edf\", nh\u01b0ng tr\u00ean \u0111\u01b0\u1eddng l\u00e1i xe ra H\u00e0 N\u1ed9i, ch\u00fang t\u00f4i ch\u1ec9 d\u1eebng \u0111\u1ec3 ngh\u1ec9 ng\u1eafn.<\/p>\n<p>N\u0103m nay t\u00f4i kh\u00f4ng \u0111\u1eb7t m\u1ee5c ti\u00eau cho n\u0103m m\u1edbi. N\u1ebfu nh\u01b0 c\u00f3 m\u1ee5c ti\u00eau g\u00ec \u0111\u00f3, th\u00ec n\u00f3 ch\u1ec9 \u0111\u01a1n gi\u1ea3n l\u00e0 c\u1ee9 \u0111\u1ec3 cho m\u1ecdi th\u1ee9 di\u1ec5n ra t\u1ef1 nhi\u00ean nh\u01b0 n\u00f3 c\u1ea7n ph\u1ea3i th\u1ebf, v\u00e0 t\u00ecm th\u1ea5y ni\u1ec1m vui trong vi\u1ec7c kh\u00e1m ph\u00e1 m\u1ecdi \u0111i\u1ec1u s\u1ebd \u0111\u1ebfn.<\/p>\n<p>Ch\u00fac t\u1ea5t c\u00e1c c\u00e1c nh\u00e0 s\u01b0u t\u1eadp v\u00e0 b\u1ea1n b\u00e8 ngh\u1ec7 s\u0129 m\u1ed9t n\u0103m th\u1eadt tuy\u1ec7t v\u1eddi ph\u00eda tr\u01b0\u1edbc!<\/p>","protected":false},"featured_media":1984,"comment_status":"open","ping_status":"closed","template":"","meta":{"jetpack_post_was_ever_published":false},"product_brand":[],"product_cat":[192,156,195],"product_tag":[160,157,158,50,159,103,81],"class_list":{"0":"post-1983","1":"product","2":"type-product","3":"status-publish","4":"has-post-thumbnail","6":"product_cat-plein-air","7":"product_cat-interior-painting","8":"product_cat-small-paintings","9":"product_tag-ancient-town","10":"product_tag-art-on-the-way","11":"product_tag-hoi-an","12":"product_tag-oil-on-canvas","13":"product_tag-pho-co","14":"product_tag-still-life","15":"product_tag-travel-the-world","17":"first","18":"outofstock","19":"shipping-taxable","20":"purchasable","21":"product-type-simple"},"jetpack_sharing_enabled":true,"_links":{"self":[{"href":"https:\/\/florafinearts.com\/vi\/wp-json\/wp\/v2\/product\/1983","targetHints":{"allow":["GET"]}}],"collection":[{"href":"https:\/\/florafinearts.com\/vi\/wp-json\/wp\/v2\/product"}],"about":[{"href":"https:\/\/florafinearts.com\/vi\/wp-json\/wp\/v2\/types\/product"}],"replies":[{"embeddable":true,"href":"https:\/\/florafinearts.com\/vi\/wp-json\/wp\/v2\/comments?post=1983"}],"wp:featuredmedia":[{"embeddable":true,"href":"https:\/\/florafinearts.com\/vi\/wp-json\/wp\/v2\/media\/1984"}],"wp:attachment":[{"href":"https:\/\/florafinearts.com\/vi\/wp-json\/wp\/v2\/media?parent=1983"}],"wp:term":[{"taxonomy":"product_brand","embeddable":true,"href":"https:\/\/florafinearts.com\/vi\/wp-json\/wp\/v2\/product_brand?post=1983"},{"taxonomy":"product_cat","embeddable":true,"href":"https:\/\/florafinearts.com\/vi\/wp-json\/wp\/v2\/product_cat?post=1983"},{"taxonomy":"product_tag","embeddable":true,"href":"https:\/\/florafinearts.com\/vi\/wp-json\/wp\/v2\/product_tag?post=1983"}],"curies":[{"name":"wp","href":"https:\/\/api.w.org\/{rel}","templated":true}]}}