{"id":1976,"date":"2025-01-13T08:41:21","date_gmt":"2025-01-13T08:41:21","guid":{"rendered":"https:\/\/florafinearts.com\/?post_type=product&#038;p=1976"},"modified":"2025-04-17T06:52:48","modified_gmt":"2025-04-17T06:52:48","slug":"spring-flowers","status":"publish","type":"product","link":"https:\/\/florafinearts.com\/vi\/san-pham\/spring-flowers\/","title":{"rendered":"Hoa m\u00f9a xu\u00e2n"},"content":{"rendered":"","protected":false},"excerpt":{"rendered":"<p>Nh\u01b0 hoa kh\u00f4ng n\u00edu gi\u1eef<br \/>\nM\u00e0u xanh v\u00e0 m\u00f9a xu\u00e2n<br \/>\n\u0110\u00f4i tay kh\u00f4ng n\u00edu gi\u1eef<br \/>\nGi\u1eefa nh\u00e2n gian ph\u00f9 v\u00e2n<\/p>","protected":false},"featured_media":1977,"comment_status":"open","ping_status":"closed","template":"","meta":{"jetpack_post_was_ever_published":false},"product_brand":[],"product_cat":[33,195,86],"product_tag":[48,50,103],"class_list":{"0":"post-1976","1":"product","2":"type-product","3":"status-publish","4":"has-post-thumbnail","6":"product_cat-floral-paintings","7":"product_cat-small-paintings","8":"product_cat-still-life","9":"product_tag-floral","10":"product_tag-oil-on-canvas","11":"product_tag-still-life","13":"first","14":"instock","15":"shipping-taxable","16":"purchasable","17":"product-type-simple"},"jetpack_sharing_enabled":true,"_links":{"self":[{"href":"https:\/\/florafinearts.com\/vi\/wp-json\/wp\/v2\/product\/1976","targetHints":{"allow":["GET"]}}],"collection":[{"href":"https:\/\/florafinearts.com\/vi\/wp-json\/wp\/v2\/product"}],"about":[{"href":"https:\/\/florafinearts.com\/vi\/wp-json\/wp\/v2\/types\/product"}],"replies":[{"embeddable":true,"href":"https:\/\/florafinearts.com\/vi\/wp-json\/wp\/v2\/comments?post=1976"}],"wp:featuredmedia":[{"embeddable":true,"href":"https:\/\/florafinearts.com\/vi\/wp-json\/wp\/v2\/media\/1977"}],"wp:attachment":[{"href":"https:\/\/florafinearts.com\/vi\/wp-json\/wp\/v2\/media?parent=1976"}],"wp:term":[{"taxonomy":"product_brand","embeddable":true,"href":"https:\/\/florafinearts.com\/vi\/wp-json\/wp\/v2\/product_brand?post=1976"},{"taxonomy":"product_cat","embeddable":true,"href":"https:\/\/florafinearts.com\/vi\/wp-json\/wp\/v2\/product_cat?post=1976"},{"taxonomy":"product_tag","embeddable":true,"href":"https:\/\/florafinearts.com\/vi\/wp-json\/wp\/v2\/product_tag?post=1976"}],"curies":[{"name":"wp","href":"https:\/\/api.w.org\/{rel}","templated":true}]}}