{"id":1862,"date":"2024-12-17T04:12:58","date_gmt":"2024-12-17T04:12:58","guid":{"rendered":"https:\/\/florafinearts.com\/?post_type=product&#038;p=1862"},"modified":"2025-04-17T06:51:04","modified_gmt":"2025-04-17T06:51:04","slug":"the-poinsettia","status":"publish","type":"product","link":"https:\/\/florafinearts.com\/vi\/san-pham\/the-poinsettia\/","title":{"rendered":"Hoa Tr\u1ea1ng Nguy\u00ean"},"content":{"rendered":"<p>T\u00f4i th\u00edch \u00fd ngh\u0129 r\u1eb1ng m\u1ed7i b\u1ee9c tranh m\u00ecnh v\u1ebd l\u00e0 m\u1ed9t m\u00f3n qu\u00e0 nh\u1ecf g\u1eedi \u0111\u1ebfn cu\u1ed9c s\u1ed1ng, nh\u01b0 ch\u00ednh c\u00e2u chuy\u1ec7n truy\u1ec1n thuy\u1ebft v\u1ec1 hoa tr\u1ea1ng nguy\u00ean v\u1eady. Trong c\u00e2u chuy\u1ec7n \u1ea5y, m\u1ed9t c\u00f4 b\u00e9 ngh\u00e8o mang nh\u1eefng c\u00e0nh c\u1ecf d\u1ea1i \u0111\u01a1n s\u01a1 d\u00e2ng l\u00ean Ch\u00faa H\u00e0i \u0110\u1ed3ng v\u00e0 ph\u00e9p m\u00e0u \u0111\u00e3 bi\u1ebfn ch\u00fang th\u00e0nh nh\u1eefng b\u00f4ng hoa \u0111\u1ecf r\u1ef1c r\u1ee1. V\u1edbi t\u00f4i, \u0111\u00f3 l\u00e0 s\u1ee9c m\u1ea1nh c\u1ee7a s\u1ef1 ch\u00e2n th\u00e0nh \u2013 \u0111\u00f4i khi ch\u1ec9 c\u1ea7n nh\u1eefng \u0111i\u1ec1u gi\u1ea3n d\u1ecb nh\u01b0ng \u0111\u1ea7y t\u00ecnh y\u00eau th\u01b0\u01a1ng c\u0169ng c\u00f3 th\u1ec3 t\u1ea1o n\u00ean \u0111i\u1ec1u k\u1ef3 di\u1ec7u. N\u1ebfu b\u1ea1n c\u0169ng c\u1ea3m nh\u1eadn \u0111\u01b0\u1ee3c \u0111i\u1ec1u \u0111\u00f3 qua b\u1ee9c tranh n\u00e0y, th\u00ec c\u00f3 l\u1ebd ch\u00fang ta \u0111\u00e3 g\u1eb7p nhau \u1edf \u0111\u00e2u \u0111\u00f3 gi\u1eefa s\u1eafc \u0111\u1ecf \u1ea5m \u00e1p v\u00e0 nh\u1eefng l\u1eddi ch\u00fac b\u00ecnh an. T\u00f4i hy v\u1ecdng b\u1ee9c hoa tr\u1ea1ng nguy\u00ean nh\u1ecf b\u00e9 n\u00e0y s\u1ebd mang m\u1ed9t ch\u00fat ph\u00e9p m\u00e0u Gi\u00e1ng sinh \u0111\u1ebfn v\u1edbi ng\u00f4i nh\u00e0 c\u1ee7a b\u1ea1n.<\/p>\n<p>T\u00f4i \u0111\u00e3 vi\u1ebft m\u1ed9t b\u00e0i d\u00e0i to\u00e0n b\u1ed9 c\u00e2u chuy\u1ec7n v\u1ec1 hoa tr\u1ea1ng nguy\u00ean - ngu\u1ed3n g\u1ed1c, \u00fd ngh\u0129a v\u00e0 c\u00e1ch n\u00f3 tr\u1edf th\u00e0nh bi\u1ec3u t\u01b0\u1ee3ng \u0111\u01b0\u1ee3c y\u00eau th\u00edch c\u1ee7a Gi\u00e1ng sinh nh\u01b0 th\u1ebf n\u00e0o \u2014 <strong>t\u1ea1i \u0111\u00e2y<\/strong>. B\u1ea1n ngh\u0129 g\u00ec v\u1ec1 lo\u00e0i hoa k\u1ef3 di\u1ec7u n\u00e0y?<\/p>","protected":false},"excerpt":{"rendered":"<p>T\u00f4i ch\u01b0a bao gi\u1edd ngh\u0129 nhi\u1ec1u v\u1ec1 \u00fd ngh\u0129a c\u1ee7a hoa tr\u1ea1ng nguy\u00ean cho \u0111\u1ebfn khi ng\u1ed3i xu\u1ed1ng v\u00e0 b\u1eaft \u0111\u1ea7u v\u1ebd n\u00f3. Nh\u1eefng c\u00e1nh hoa \u0111\u1ecf r\u1ef1c, th\u1ef1c ra l\u00e0 l\u00e1 b\u1eafc, tr\u1ea3i ra nh\u01b0 nh\u1eefng ng\u00f4i sao m\u1ec1m m\u1ea1i, v\u00e2y quanh nh\u1ee5y hoa v\u00e0ng r\u1ef1c r\u1ee1 \u1edf ch\u00ednh gi\u1eefa. M\u1ed7i n\u00e9t c\u1ecd tr\u00ean b\u1ee9c tranh n\u00e0y l\u00e0 m\u1ed9t h\u00e0nh tr\u00ecnh kh\u00e1m ph\u00e1 \u2013 kh\u00f4ng ch\u1ec9 l\u00e0 m\u00e0u s\u1eafc v\u00e0 h\u00ecnh d\u00e1ng, m\u00e0 c\u00f2n l\u00e0 c\u00e2u chuy\u1ec7n v\u00e0 c\u1ea3m x\u00fac v\u1ec1 lo\u00e0i hoa n\u00e0y. Hoa tr\u1ea1ng nguy\u00ean kh\u00f4ng ch\u1ec9 \u0111\u1eb9p, n\u00f3 c\u00f2n ch\u1ee9a \u0111\u1ef1ng h\u01a1i th\u1edf c\u1ee7a m\u00f9a Gi\u00e1ng sinh, m\u1ed9t m\u00f9a c\u1ee7a ni\u1ec1m vui, hy v\u1ecdng v\u00e0 nh\u1eefng l\u1eddi ch\u00fac t\u1ed1t \u0111\u1eb9p. Khi v\u1ebd b\u1ee9c tranh n\u00e0y, t\u00f4i c\u1ea3m nh\u1eadn \u0111\u01b0\u1ee3c s\u1ef1 \u1ea5m \u00e1p len l\u1ecfi qua t\u1eebng s\u1eafc \u0111\u1ecf, nh\u01b0 c\u00f3 th\u1ec3 xua \u0111i c\u00e1i l\u1ea1nh c\u1ee7a m\u00f9a \u0111\u00f4ng, mang theo ch\u00fat h\u01b0\u01a1ng v\u1ecb c\u1ee7a k\u1ef3 l\u1ec5 an l\u00e0nh.<\/p>","protected":false},"featured_media":1863,"comment_status":"open","ping_status":"closed","template":"","meta":{"jetpack_post_was_ever_published":false},"product_brand":[],"product_cat":[33,195,86],"product_tag":[95,48,50,103],"class_list":{"0":"post-1862","1":"product","2":"type-product","3":"status-publish","4":"has-post-thumbnail","6":"product_cat-floral-paintings","7":"product_cat-small-paintings","8":"product_cat-still-life","9":"product_tag-95","10":"product_tag-floral","11":"product_tag-oil-on-canvas","12":"product_tag-still-life","14":"first","15":"instock","16":"shipping-taxable","17":"purchasable","18":"product-type-simple"},"jetpack_sharing_enabled":true,"_links":{"self":[{"href":"https:\/\/florafinearts.com\/vi\/wp-json\/wp\/v2\/product\/1862","targetHints":{"allow":["GET"]}}],"collection":[{"href":"https:\/\/florafinearts.com\/vi\/wp-json\/wp\/v2\/product"}],"about":[{"href":"https:\/\/florafinearts.com\/vi\/wp-json\/wp\/v2\/types\/product"}],"replies":[{"embeddable":true,"href":"https:\/\/florafinearts.com\/vi\/wp-json\/wp\/v2\/comments?post=1862"}],"wp:featuredmedia":[{"embeddable":true,"href":"https:\/\/florafinearts.com\/vi\/wp-json\/wp\/v2\/media\/1863"}],"wp:attachment":[{"href":"https:\/\/florafinearts.com\/vi\/wp-json\/wp\/v2\/media?parent=1862"}],"wp:term":[{"taxonomy":"product_brand","embeddable":true,"href":"https:\/\/florafinearts.com\/vi\/wp-json\/wp\/v2\/product_brand?post=1862"},{"taxonomy":"product_cat","embeddable":true,"href":"https:\/\/florafinearts.com\/vi\/wp-json\/wp\/v2\/product_cat?post=1862"},{"taxonomy":"product_tag","embeddable":true,"href":"https:\/\/florafinearts.com\/vi\/wp-json\/wp\/v2\/product_tag?post=1862"}],"curies":[{"name":"wp","href":"https:\/\/api.w.org\/{rel}","templated":true}]}}