{"id":1847,"date":"2024-12-14T05:18:05","date_gmt":"2024-12-14T05:18:05","guid":{"rendered":"https:\/\/florafinearts.com\/?post_type=product&#038;p=1847"},"modified":"2025-05-16T03:34:03","modified_gmt":"2025-05-16T03:34:03","slug":"love-by-accident","status":"publish","type":"product","link":"https:\/\/florafinearts.com\/vi\/san-pham\/love-by-accident\/","title":{"rendered":"Y\u00eau t\u00ecnh c\u1edd"},"content":{"rendered":"","protected":false},"excerpt":{"rendered":"<p>M\u00ecnh \u0111\u1eb7t t\u00ean t\u00e1c ph\u1ea9m n\u00e0y l\u00e0 \"Y\u00eau t\u00ecnh c\u1edd\". C\u00e1c c\u1ee5 n\u00f3i \"b\u00e1t \u0111\u0169a c\u00f2n c\u00f3 l\u00fac va\", nh\u01b0ng c\u00f3 khi n\u00e0o l\u00e0 ch\u00fang \u0111ang c\u1ea3m th\u1ea5y h\u1ea1nh ph\u00fac, \u00eam \u0111\u1eb9p v\u00ec \u0111\u01b0\u1ee3c.. va v\u00e0o nhau hay kh\u00f4ng? Cu\u1ed9c \u0111\u1eddi ch\u00fang ta c\u0169ng v\u1eady, nhi\u1ec1u c\u00e1i tr\u00f4ng v\u1eady m\u00e0 kh\u00f4ng ph\u1ea3i v\u1eady. C\u00f3 nh\u1eefng \"va ch\u1ea1m\" th\u1eadt \u0111\u1eb9p \u0111\u1ebd.<\/p>\n<p>Junie, con g\u00e1i m\u00ecnh, \u0111\u00f4i khi l\u00e0 ng\u01b0\u1eddi quy\u1ebft \u0111\u1ecbnh m\u00ecnh s\u1ebd v\u1ebd g\u00ec. Con c\u0169ng l\u00e0 nh\u00e0 ph\u00ea b\u00ecnh \u0111\u1ea7u ti\u00ean v\u00e0 \u0111\u00f4i khi l\u00e0 nh\u00e0 s\u01b0u t\u1eadp. C\u00f3 m\u1ed9t s\u1ed1 b\u1ee9c tranh Junie nh\u1ea5t \u0111\u1ecbnh kh\u00f4ng cho m\u1eb9 b\u00e1n, v\u00e0 gi\u1edd con \u0111\u00e3 c\u00f3 m\u1ed9t b\u1ed9 s\u01b0u t\u1eadp ri\u00eang c\u1ee7a m\u00ecnh. B\u1ee9c tranh n\u00e0y nh\u1eadn \u0111\u01b0\u1ee3c r\u1ea5t nhi\u1ec1u s\u1ef1 t\u00e1n th\u01b0\u1edfng c\u1ee7a Junie. Con c\u00f3 m\u1ed9t nh\u00e3n quan tuy\u1ec7t v\u1eddi, n\u00ean m\u00ecnh th\u01b0\u1eddng xuy\u00ean m\u1eddi con ng\u1eafm v\u00e0 b\u00ecnh lu\u1eadn. C\u1ea3m nh\u1eadn trong tr\u1ebbo, t\u1ef1 nhi\u00ean v\u00e0 th\u1eb3ng th\u1eafn c\u1ee7a m\u1ed9t \u0111\u1ee9a tr\u1ebb l\u00e0 m\u1ed9t \u0111i\u1ec1u qu\u00fd b\u00e1u m\u00e0 m\u00ecnh ngh\u0129 ho\u1ea1 s\u0129 n\u00e0o c\u0169ng may m\u1eafn khi \u0111\u01b0\u1ee3c l\u1eafng nghe.<\/p>","protected":false},"featured_media":1855,"comment_status":"open","ping_status":"closed","template":"","meta":{"jetpack_post_was_ever_published":false},"product_brand":[],"product_cat":[195,86],"product_tag":[116,49,50,103],"class_list":{"0":"post-1847","1":"product","2":"type-product","3":"status-publish","4":"has-post-thumbnail","6":"product_cat-small-paintings","7":"product_cat-still-life","8":"product_tag-abstract","9":"product_tag-knife-palette-painting","10":"product_tag-oil-on-canvas","11":"product_tag-still-life","13":"first","14":"instock","15":"shipping-taxable","16":"purchasable","17":"product-type-simple"},"jetpack_sharing_enabled":true,"_links":{"self":[{"href":"https:\/\/florafinearts.com\/vi\/wp-json\/wp\/v2\/product\/1847","targetHints":{"allow":["GET"]}}],"collection":[{"href":"https:\/\/florafinearts.com\/vi\/wp-json\/wp\/v2\/product"}],"about":[{"href":"https:\/\/florafinearts.com\/vi\/wp-json\/wp\/v2\/types\/product"}],"replies":[{"embeddable":true,"href":"https:\/\/florafinearts.com\/vi\/wp-json\/wp\/v2\/comments?post=1847"}],"wp:featuredmedia":[{"embeddable":true,"href":"https:\/\/florafinearts.com\/vi\/wp-json\/wp\/v2\/media\/1855"}],"wp:attachment":[{"href":"https:\/\/florafinearts.com\/vi\/wp-json\/wp\/v2\/media?parent=1847"}],"wp:term":[{"taxonomy":"product_brand","embeddable":true,"href":"https:\/\/florafinearts.com\/vi\/wp-json\/wp\/v2\/product_brand?post=1847"},{"taxonomy":"product_cat","embeddable":true,"href":"https:\/\/florafinearts.com\/vi\/wp-json\/wp\/v2\/product_cat?post=1847"},{"taxonomy":"product_tag","embeddable":true,"href":"https:\/\/florafinearts.com\/vi\/wp-json\/wp\/v2\/product_tag?post=1847"}],"curies":[{"name":"wp","href":"https:\/\/api.w.org\/{rel}","templated":true}]}}