{"id":1833,"date":"2024-12-12T15:43:15","date_gmt":"2024-12-12T15:43:15","guid":{"rendered":"https:\/\/florafinearts.com\/?post_type=product&#038;p=1833"},"modified":"2025-04-17T06:53:30","modified_gmt":"2025-04-17T06:53:30","slug":"festive-glow","status":"publish","type":"product","link":"https:\/\/florafinearts.com\/vi\/san-pham\/festive-glow\/","title":{"rendered":"Gi\u00e1ng sinh nh\u1ecf"},"content":{"rendered":"<p class=\"lead\">K\u00edch th\u01b0\u1edbc nh\u1ecf g\u1ecdn c\u1ee7a n\u00f3 r\u1ea5t l\u00fd t\u01b0\u1edfng \u0111\u1ec3 trang tr\u00ed m\u1ed9t g\u00f3c \u0111\u1eb7c bi\u1ec7t trong nh\u00e0 b\u1ea1n ho\u1eb7c l\u00e0m m\u00f3n qu\u00e0 \u00fd ngh\u0129a t\u1eb7ng ng\u01b0\u1eddi th\u00e2n y\u00eau. M\u00ecnh r\u1ea5t vui n\u1ebfu t\u00e1c ph\u1ea9m n\u00e0y c\u00f3 th\u1ec3 mang \u0111\u1ebfn ni\u1ec1m vui v\u00e0 s\u1ef1 \u1ea5m \u00e1p cho b\u1ea1n trong m\u00f9a Gi\u00e1ng sinh n\u00e0y.<\/p>\n<p class=\"lead\">G\u1ee3i \u00fd s\u1eed d\u1ee5ng:<\/p>\n<ul>\n<li class=\"lead\">T\u1ea1o \u0111i\u1ec3m nh\u1ea5n \u1ea5m \u00e1p tr\u00ean k\u1ec7 s\u00e1ch, b\u00e0n l\u00e0m vi\u1ec7c, ho\u1eb7c b\u1ea5t k\u1ef3 kh\u00f4ng gian nh\u1ecf n\u00e0o.<\/li>\n<li class=\"lead\">A heartfelt gift for someone who appreciates unique, handmade artRead more about the meaning of Christmas Tree Baubles <span style=\"color: #800080;\"><strong><a style=\"color: #800080;\" href=\"https:\/\/florafinearts.com\/vi\/what-do-christmas-tree-baubles-symbolize-and-the-meaning-behind-christmas-tree-decorations\/\">t\u1ea1i \u0111\u00e2y<\/a><\/strong><\/span>.<\/li>\n<\/ul>","protected":false},"excerpt":{"rendered":"<div class=\"flex max-w-full flex-col flex-grow\">\n<div class=\"min-h-8 text-message flex w-full flex-col items-end gap-2 whitespace-normal break-words text-start [.text-message+&amp;]:mt-5\" dir=\"auto\" data-message-author-role=\"assistant\" data-message-id=\"1f701987-8880-4205-975d-540d907f8933\" data-message-model-slug=\"gpt-4o\">\n<div class=\"flex w-full flex-col gap-1 empty:hidden first:pt-[3px]\">\n<div class=\"markdown prose w-full break-words dark:prose-invert light\">\n<p>I created &#8220;Gi\u00e1ng Sinh Nh\u1ecf&#8221; (A Little Christmas) to capture the warm and cozy feeling of the holiday season. With the soft glow of a pink-striped bauble, a shiny blue ornament, and the rustic charm of a pinecone, this painting feels like a little piece of Christmas magic.<\/p>\n<\/div>\n<\/div>\n<\/div>\n<\/div>\n","protected":false},"featured_media":1839,"comment_status":"open","ping_status":"closed","template":"","meta":{"jetpack_post_was_ever_published":false},"product_brand":[],"product_cat":[195,86],"product_tag":[50,137,103],"class_list":{"0":"post-1833","1":"product","2":"type-product","3":"status-publish","4":"has-post-thumbnail","6":"product_cat-small-paintings","7":"product_cat-still-life","8":"product_tag-oil-on-canvas","9":"product_tag-oil-on-canvas-panel","10":"product_tag-still-life","12":"first","13":"instock","14":"shipping-taxable","15":"purchasable","16":"product-type-simple"},"jetpack_sharing_enabled":true,"_links":{"self":[{"href":"https:\/\/florafinearts.com\/vi\/wp-json\/wp\/v2\/product\/1833","targetHints":{"allow":["GET"]}}],"collection":[{"href":"https:\/\/florafinearts.com\/vi\/wp-json\/wp\/v2\/product"}],"about":[{"href":"https:\/\/florafinearts.com\/vi\/wp-json\/wp\/v2\/types\/product"}],"replies":[{"embeddable":true,"href":"https:\/\/florafinearts.com\/vi\/wp-json\/wp\/v2\/comments?post=1833"}],"wp:featuredmedia":[{"embeddable":true,"href":"https:\/\/florafinearts.com\/vi\/wp-json\/wp\/v2\/media\/1839"}],"wp:attachment":[{"href":"https:\/\/florafinearts.com\/vi\/wp-json\/wp\/v2\/media?parent=1833"}],"wp:term":[{"taxonomy":"product_brand","embeddable":true,"href":"https:\/\/florafinearts.com\/vi\/wp-json\/wp\/v2\/product_brand?post=1833"},{"taxonomy":"product_cat","embeddable":true,"href":"https:\/\/florafinearts.com\/vi\/wp-json\/wp\/v2\/product_cat?post=1833"},{"taxonomy":"product_tag","embeddable":true,"href":"https:\/\/florafinearts.com\/vi\/wp-json\/wp\/v2\/product_tag?post=1833"}],"curies":[{"name":"wp","href":"https:\/\/api.w.org\/{rel}","templated":true}]}}