{"id":1699,"date":"2024-11-15T15:23:08","date_gmt":"2024-11-15T15:23:08","guid":{"rendered":"https:\/\/florafinearts.com\/?post_type=product&#038;p=1699"},"modified":"2025-04-17T06:55:57","modified_gmt":"2025-04-17T06:55:57","slug":"sweet-morning","status":"publish","type":"product","link":"https:\/\/florafinearts.com\/vi\/san-pham\/sweet-morning\/","title":{"rendered":"Bu\u1ed5i s\u00e1ng ng\u1ecdt ng\u00e0o"},"content":{"rendered":"<p class=\"lead\">C\u00e0 ng\u1ed3i l\u1eb7ng l\u1ebd b\u00ean b\u1eadu c\u1eeda, m\u1eaft d\u00f5i theo t\u1eebng c\u1eed \u0111\u1ed9ng c\u1ee7a t\u00f4i. N\u00f3 ch\u1eb3ng k\u00eau, c\u0169ng kh\u00f4ng qu\u1ea5y r\u1ea7y, ch\u1ec9 im l\u1eb7ng l\u00e0m m\u1ed9t kh\u00e1n gi\u1ea3 nghi\u00eam t\u00fac, \u0111\u00f4i khi kh\u1ebd ch\u1edbp m\u1eaft. S\u1ef1 \u0111i\u1ec1m \u0111\u1ea1m c\u1ee7a C\u00e0 l\u00e0 \u0111i\u1ec1u t\u00f4i y\u00eau th\u00edch s\u1ed1 m\u1ed9t, trong studio c\u1ee7a m\u00ecnh.<\/p>\n<p>S\u1eefa th\u00ec kh\u00e1c h\u1eb3n. N\u00f3 l\u01b0\u1ee3n quanh ch\u00e2n t\u00f4i, th\u1ec9nh tho\u1ea3ng nh\u1ea3y l\u00ean b\u00e0n, ngh\u1ecbch ng\u1ee3m ch\u1ea1m v\u00e0o b\u1ea3ng m\u00e0u r\u1ed3i b\u1ecf ch\u1ea1y. T\u00f4i ch\u1ec9 k\u1ecbp ng\u0103n n\u00f3 tr\u01b0\u1edbc khi b\u00e0n ch\u00e2n b\u00e9 b\u00e9 m\u1ec1m m\u1ec1m in v\u00e0o l\u1edbp s\u01a1n c\u00f2n \u01b0\u1edbt. S\u1eefa l\u00e0m t\u00f4i ph\u1ea3i c\u01b0\u1eddi, nh\u01b0ng c\u0169ng khi\u1ebfn t\u00f4i ph\u1ea3i canh ch\u1eebng, v\u00ec kh\u00f4ng bi\u1ebft khi n\u00e0o n\u00f3 l\u1ea1i ngh\u1ecbch ti\u1ebfp.<\/p>\n<p>T\u00f4i th\u00eam ch\u00fat s\u00e1ng cho nh\u1eefng c\u00e1nh hoa, t\u00f4 \u0111\u1eadm b\u00f3ng \u1edf m\u00e9p b\u00ecnh. M\u00e0u s\u1eafc hi\u1ec7n d\u1ea7n l\u00ean, t\u1eebng l\u1edbp, \u0111\u00fang c\u1ea3m gi\u00e1c t\u00f4i mu\u1ed1n. C\u00e0 v\u1eabn ng\u1ed3i y\u00ean, c\u00f2n S\u1eefa cu\u1ed1i c\u00f9ng c\u0169ng ch\u1ecbu n\u1eb1m b\u00ean ch\u00e2n t\u00f4i, y\u00ean t\u0129nh l\u1ea1 th\u01b0\u1eddng.<\/p>\n<p>B\u1ee9c tranh d\u1ea7n ho\u00e0n thi\u1ec7n, hoa v\u00e0 \u00e1nh s\u00e1ng giao thoa nh\u01b0 c\u00e1ch t\u00f4i h\u00ecnh dung t\u1eeb \u0111\u1ea7u. M\u1ed9t bu\u1ed5i s\u00e1ng, v\u1edbi nh\u1eefng n\u00e9t c\u1ecd thanh th\u1ea3n v\u00e0 s\u1ef1 c\u00f3 m\u1eb7t c\u1ee7a hai ng\u01b0\u1eddi b\u1ea1n b\u1ed1n ch\u00e2n, \u0111\u00e3 th\u00e0nh m\u1ed9t ph\u1ea7n c\u1ee7a b\u1ee9c tranh n\u00e0y.<\/p>","protected":false},"excerpt":{"rendered":"<p>Bu\u1ed5i s\u00e1ng, n\u1eafng chi\u1ebfu qua r\u00e8m c\u1eeda th\u1eadt d\u1ecbu d\u00e0ng, r\u1ecdi l\u00ean nh\u1eefng b\u00f4ng hoa t\u00f4i v\u1eeba s\u1eafp x\u1ebfp v\u00e0o b\u00ecnh g\u1ed1m m\u00e0u xanh. Nh\u01b0 m\u1ecdi ng\u00e0y, t\u00f4i l\u1ea1i \u0111eo g\u0103ng tay v\u00e0o v\u00e0 c\u1ea7m c\u1ecd l\u00ean v\u1ebd. T\u00f4i chu\u1ea9n b\u1ecb m\u1ed9t ly c\u00e0 ph\u00ea, m\u00e0u, c\u1ea7m c\u1ecd l\u00ean. V\u1eabn l\u00e0 nh\u1eefng gam m\u00e0u b\u00ecnh y\u00ean v\u00e0 tu\u01a1i t\u1eafn m\u00e0 t\u00f4i say \u0111\u1eafm. T\u00f4i mu\u1ed1n nh\u1eefng b\u00f4ng hoa trong tranh c\u1ee7a m\u00ecnh lu\u00f4n hi\u1ec7n ra t\u1ef1 nhi\u00ean, gi\u1ed1ng nh\u01b0 c\u00e1ch ch\u00fang bung n\u1edf ngo\u00e0i v\u01b0\u1eddn.<\/p>","protected":false},"featured_media":1708,"comment_status":"open","ping_status":"closed","template":"","meta":{"jetpack_post_was_ever_published":false},"product_brand":[],"product_cat":[33,195,86],"product_tag":[48,50,103],"class_list":{"0":"post-1699","1":"product","2":"type-product","3":"status-publish","4":"has-post-thumbnail","6":"product_cat-floral-paintings","7":"product_cat-small-paintings","8":"product_cat-still-life","9":"product_tag-floral","10":"product_tag-oil-on-canvas","11":"product_tag-still-life","13":"first","14":"outofstock","15":"shipping-taxable","16":"purchasable","17":"product-type-simple"},"jetpack_sharing_enabled":true,"_links":{"self":[{"href":"https:\/\/florafinearts.com\/vi\/wp-json\/wp\/v2\/product\/1699","targetHints":{"allow":["GET"]}}],"collection":[{"href":"https:\/\/florafinearts.com\/vi\/wp-json\/wp\/v2\/product"}],"about":[{"href":"https:\/\/florafinearts.com\/vi\/wp-json\/wp\/v2\/types\/product"}],"replies":[{"embeddable":true,"href":"https:\/\/florafinearts.com\/vi\/wp-json\/wp\/v2\/comments?post=1699"}],"wp:featuredmedia":[{"embeddable":true,"href":"https:\/\/florafinearts.com\/vi\/wp-json\/wp\/v2\/media\/1708"}],"wp:attachment":[{"href":"https:\/\/florafinearts.com\/vi\/wp-json\/wp\/v2\/media?parent=1699"}],"wp:term":[{"taxonomy":"product_brand","embeddable":true,"href":"https:\/\/florafinearts.com\/vi\/wp-json\/wp\/v2\/product_brand?post=1699"},{"taxonomy":"product_cat","embeddable":true,"href":"https:\/\/florafinearts.com\/vi\/wp-json\/wp\/v2\/product_cat?post=1699"},{"taxonomy":"product_tag","embeddable":true,"href":"https:\/\/florafinearts.com\/vi\/wp-json\/wp\/v2\/product_tag?post=1699"}],"curies":[{"name":"wp","href":"https:\/\/api.w.org\/{rel}","templated":true}]}}