{"id":1692,"date":"2024-11-15T14:27:07","date_gmt":"2024-11-15T14:27:07","guid":{"rendered":"https:\/\/florafinearts.com\/?post_type=product&#038;p=1692"},"modified":"2025-04-17T06:54:46","modified_gmt":"2025-04-17T06:54:46","slug":"1692","status":"publish","type":"product","link":"https:\/\/florafinearts.com\/vi\/san-pham\/1692\/","title":{"rendered":"Trong n\u1eafng t\u01b0\u01a1i"},"content":{"rendered":"<p class=\"lead\">T\u00f4i c\u1ea9n th\u1eadn s\u1eafp x\u1ebfp nh\u1eefng b\u1ee9c tranh nh\u1ecf t\u00f4i \u0111\u00e3 v\u1ebd ra kh\u1eafp v\u01b0\u1eddn, treo l\u00ean c\u00e0nh c\u00e2y, d\u1ef1a l\u00ean tr\u00ean m\u1ea5y chi\u1ebfc gh\u1ebf g\u1ed7 c\u0169, v\u00e0 c\u00e0i v\u00e0o h\u00e0ng r\u00e0o c\u0169ng l\u00e0m b\u1eb1ng g\u1ed7. C\u00e1c b\u1ee9c tranh trong tri\u1ec3n l\u00e3m h\u00f4m \u0111\u00f3 \u0111\u1ec1u l\u00e0 s\u1ef1 pha tr\u1ed9n ng\u1eabu h\u1ee9ng c\u1ee7a m\u00e0u s\u1eafc m\u00e0 t\u00f4i cho r\u1eb1ng b\u1ecdn g\u00e0 ch\u1eafc ch\u1eafn s\u1ebd th\u00edch th\u00fa: m\u00e0u \u0111\u1ecf ch\u00f3i c\u1ee7a hoa m\u1eadn, m\u00e0u xanh r\u1ef1c r\u1ee1 c\u1ee7a b\u1ea7u tr\u1eddi, v\u00e0 nh\u1eefng v\u1ec7t v\u00e0ng cam tr\u00f4ng gi\u1ed1ng nh\u01b0 \u00e1nh n\u1eafng xuy\u00ean qua nh\u1eefng t\u00e1n l\u00e1.<\/p>\n<p class=\"lead\">R\u1ed3i, t\u00f4i m\u1edf c\u1eeda chu\u1ed3ng g\u00e0, \u0111\u1ec3 ch\u00fang t\u1ef1 do \u0111i l\u1ea1i kh\u1eafp \"tri\u1ec3n l\u00e3m.\" B\u1ecdn g\u00e0 t\u00f2 m\u00f2 b\u01b0\u1edbc ra, \u0111\u1ea7u l\u00fac l\u1eafc, ch\u00e2n ch\u00e2n kh\u1ec1u kh\u1ec1u, \"c\u1ee5c t\u00e1c, c\u1ee5c t\u00e1c\" nh\u01b0 th\u1ec3 \u0111ang th\u1ea3o lu\u1eadn v\u1edbi nhau v\u1ec1 nh\u1eefng t\u00e1c ph\u1ea9m ngh\u1ec7 thu\u1eadt m\u00e0 ch\u00fang ch\u01b0a t\u1eebng \u0111\u01b0\u1ee3c th\u1ea5y. C\u00f3 m\u1ed9t ch\u00fa g\u00e0 tr\u1ed1ng oai v\u1ec7, sau khi \u0111\u1ee9ng tr\u01b0\u1edbc m\u1ed9t b\u1ee9c tranh c\u00f3 v\u1ec7t m\u00e0u \u0111\u1ecf ch\u00f3i, b\u1ed7ng d\u01b0ng giang r\u1ed9ng \u0111\u00f4i c\u00e1nh v\u00e0 k\u00eau to \u0111\u1ea7y kh\u00ed ph\u00e1ch. T\u00f4i kh\u00f4ng bi\u1ebft \u0111\u00f3 l\u00e0 s\u1ef1 \u0111\u1ed3ng thu\u1eadn hay s\u1ef1 ph\u1ea3n \u0111\u1ed1i, nh\u01b0ng ch\u1eafc ch\u1eafn bu\u1ed5i tri\u1ec3n l\u00e3m \u0111\u00e3 g\u00e2y \u1ea5n t\u01b0\u1ee3ng m\u1ea1nh.<\/p>\n<p class=\"lead\">T\u00f4i \u0111\u1ee9ng t\u1eeb xa, ng\u1eafm nh\u00ecn \u0111\u00e0n g\u00e0 c\u1ee7a m\u00ecnh v\u1edbi m\u1ed9t c\u1ea3m gi\u00e1c th\u1ecfa m\u00e3n kh\u00f4ng gi\u1ed1ng ai. Ch\u00fang t\u00f4i ch\u1eb3ng c\u00f3 kh\u00e1n gi\u1ea3 sang tr\u1ecdng n\u00e0o, ch\u1eb3ng c\u00f3 bu\u1ed5i khai m\u1ea1c r\u00ecnh rang, ch\u1ec9 c\u00f3 t\u00f4i, b\u1ecdn g\u00e0 v\u00e0 m\u1ed9t bu\u1ed5i chi\u1ec1u \u0111\u1ea7y n\u1eafng. Nh\u01b0ng \u0111\u00f3 l\u1ea1i l\u00e0 kho\u1ea3nh kh\u1eafc t\u00f4i c\u1ea3m th\u1ea5y m\u00ecnh \u0111ang ch\u1ea1m t\u1edbi m\u1ed9t s\u1ef1 t\u1ef1 do n\u00e0o \u0111\u00f3 - t\u1ef1 do s\u00e1ng t\u1ea1o, t\u1ef1 do th\u1ec3 hi\u1ec7n m\u00e0 kh\u00f4ng c\u1ea7n lo l\u1eafng ai s\u1ebd \u0111\u00e1nh gi\u00e1 hay ph\u00e1n x\u00e9t.<\/p>\n<p class=\"lead\">Bu\u1ed5i tri\u1ec3n l\u00e3m k\u1ebft th\u00fac khi b\u1ecdn g\u00e0 b\u1eaft \u0111\u1ea7u nh\u1ea3y c\u1eabng l\u00ean, v\u1ed7 c\u00e1nh r\u1ed3i vui v\u1ebb b\u1edbi tung nh\u1eefng c\u00e1nh hoa r\u01a1i kh\u1eafp v\u01b0\u1eddn. B\u1ecdn g\u00e0 c\u00f3 l\u1ebd ch\u1eb3ng hi\u1ec3u g\u00ec v\u1ec1 h\u1ed9i h\u1ecda, nh\u01b0ng t\u00f4i bi\u1ebft m\u1ed9t \u0111i\u1ec1u ch\u1eafc ch\u1eafn: h\u00f4m \u1ea5y, ch\u00fang t\u00f4i \u0111\u00e3 c\u00f3 m\u1ed9t k\u1ef7 ni\u1ec7m kh\u00f4ng gi\u1ed1ng ai, v\u00e0 t\u00f4i \u0111\u00e3 h\u1ecdc \u0111\u01b0\u1ee3c r\u1eb1ng ngh\u1ec7 thu\u1eadt c\u00f3 th\u1ec3 \u0111\u01b0\u1ee3c t\u1eadn h\u01b0\u1edfng theo b\u1ea5t c\u1ee9 c\u00e1ch n\u00e0o, mi\u1ec5n l\u00e0 tr\u00e1i tim c\u1ea3m th\u1ea5y vui.<\/p>\n<p class=\"lead\">V\u00e0 \u0111\u00f3 l\u00e0 m\u1ed9t gi\u1ea5c m\u01a1 c\u1ee7a t\u00f4i. Khi t\u1ec9nh d\u1eady kh\u1ecfi gi\u1ea5c m\u01a1 \u0111\u00f3, t\u00f4i \u0111\u00e3 v\u1ebd b\u1ee9c tranh n\u00e0y. Trong n\u1eafng t\u01b0\u01a1i.<\/p>","protected":false},"excerpt":{"rendered":"<p>M\u1ed9t chi\u1ec1u h\u00e8 n\u1eafng v\u00e0ng r\u1ef1c, t\u00f4i \u0111\u00e3 l\u00e0m m\u1ed9t \u0111i\u1ec1u \u0111i\u00ean r\u1ed3 m\u00e0 v\u1ec1 sau s\u1ebd nh\u1edb m\u00e3i. Khi \u1ea5y, t\u00f4i c\u00f2n tr\u1ebb, s\u1ed1ng trong m\u1ed9t c\u0103n nh\u00e0 nh\u1ecf \u1edf gi\u1eefa m\u1ed9t r\u1eebng th\u00f4ng xanh ng\u1eaft. H\u00f4m \u0111\u00f3, t\u00f4i quy\u1ebft \u0111\u1ecbnh... l\u00e0m m\u1ed9t bu\u1ed5i tri\u1ec3n l\u00e3m tranh ngay trong v\u01b0\u1eddn nh\u00e0, v\u00e0 th\u01b0\u1ee3ng kh\u00e1ch c\u1ee7a t\u00f4i l\u00e0 m\u1ed9t \u0111\u00e0n g\u00e0.<\/p>","protected":false},"featured_media":1757,"comment_status":"open","ping_status":"closed","template":"","meta":{"jetpack_post_was_ever_published":false},"product_brand":[],"product_cat":[33,195,86],"product_tag":[48,50,103],"class_list":{"0":"post-1692","1":"product","2":"type-product","3":"status-publish","4":"has-post-thumbnail","6":"product_cat-floral-paintings","7":"product_cat-small-paintings","8":"product_cat-still-life","9":"product_tag-floral","10":"product_tag-oil-on-canvas","11":"product_tag-still-life","13":"first","14":"instock","15":"shipping-taxable","16":"purchasable","17":"product-type-simple"},"jetpack_sharing_enabled":true,"_links":{"self":[{"href":"https:\/\/florafinearts.com\/vi\/wp-json\/wp\/v2\/product\/1692","targetHints":{"allow":["GET"]}}],"collection":[{"href":"https:\/\/florafinearts.com\/vi\/wp-json\/wp\/v2\/product"}],"about":[{"href":"https:\/\/florafinearts.com\/vi\/wp-json\/wp\/v2\/types\/product"}],"replies":[{"embeddable":true,"href":"https:\/\/florafinearts.com\/vi\/wp-json\/wp\/v2\/comments?post=1692"}],"wp:featuredmedia":[{"embeddable":true,"href":"https:\/\/florafinearts.com\/vi\/wp-json\/wp\/v2\/media\/1757"}],"wp:attachment":[{"href":"https:\/\/florafinearts.com\/vi\/wp-json\/wp\/v2\/media?parent=1692"}],"wp:term":[{"taxonomy":"product_brand","embeddable":true,"href":"https:\/\/florafinearts.com\/vi\/wp-json\/wp\/v2\/product_brand?post=1692"},{"taxonomy":"product_cat","embeddable":true,"href":"https:\/\/florafinearts.com\/vi\/wp-json\/wp\/v2\/product_cat?post=1692"},{"taxonomy":"product_tag","embeddable":true,"href":"https:\/\/florafinearts.com\/vi\/wp-json\/wp\/v2\/product_tag?post=1692"}],"curies":[{"name":"wp","href":"https:\/\/api.w.org\/{rel}","templated":true}]}}