{"id":1681,"date":"2024-11-15T13:41:36","date_gmt":"2024-11-15T13:41:36","guid":{"rendered":"https:\/\/florafinearts.com\/?post_type=product&#038;p=1681"},"modified":"2025-04-17T06:56:15","modified_gmt":"2025-04-17T06:56:15","slug":"soft-horizon","status":"publish","type":"product","link":"https:\/\/florafinearts.com\/vi\/san-pham\/soft-horizon\/","title":{"rendered":"Ch\u00e2n tr\u1eddi d\u1ecbu d\u00e0ng"},"content":{"rendered":"<p>B\u1ee9c tranh n\u00e0y mang theo k\u00fd \u1ee9c v\u1ec1 b\u1ea7u tr\u1eddi \u00eam d\u1ecbu sau c\u01a1n b\u00e3o \u0111\u1ed5 b\u1ed9 v\u00e0o H\u00e0 N\u1ed9i, n\u01a1i b\u1ed1 m\u1eb9 t\u00f4i \u0111ang sinh s\u1ed1ng - nh\u01b0 h\u01a1i th\u1edf b\u00ecnh y\u00ean sau c\u01a1n h\u1ed7n lo\u1ea1n. Gam m\u00e0u n\u00e0y m\u1ed9t l\u1ea7n n\u1eefa nh\u1eafc nh\u1edf t\u00f4i v\u1ec1 nh\u1eefng v\u1ebb \u0111\u1eb9p c\u00f3 th\u1ec3 \u0111\u01b0\u1ee3c t\u00ecm th\u1ea5y khi ch\u00fang ta th\u1eadt s\u1ef1 l\u1eafng \u0111\u1ecdng, \u0111\u1ec3 cho t\u00e2m tr\u00ed kh\u00f4ng v\u1ea9n \u0111\u1ee5c v\u00e0 hi\u1ec7n h\u1eefu l\u00e0 ch\u00ednh m\u00ecnh. B\u1ee9c n\u00e0y \u0111\u01b0\u1ee3c v\u1ebd b\u1eb1ng ch\u1ea5t li\u1ec7u t\u1ed5ng h\u1ee3p tr\u00ean toan kh\u1ed5 40 x 50 cm.<\/p>","protected":false},"excerpt":{"rendered":"<p>T\u00e1c ph\u1ea9m n\u00e0y t\u00f4i v\u1ebd v\u00e0o m\u1ed9t bu\u1ed5i s\u00e1ng v\u1eeba ng\u1ee7 d\u1eady, khi kh\u00f4ng gian xung quanh m\u1ecdi th\u1ee9 \u0111\u1ec1u m\u1ec1m m\u1ea1i v\u00e0 y\u00ean t\u0129nh. \u00c1nh n\u1eafng xuy\u00ean qua c\u1eeda s\u1ed5 nh\u01b0 mu\u1ed1n t\u00ecm t\u00f4i n\u00f3i \u0111i\u1ec1u g\u00ec \u0111\u00f3 d\u1ecbu d\u00e0ng. T\u00f4i \u0111\u1ec3 c\u00e1c m\u00e0u s\u1eafc h\u00f2a quy\u1ec7n tr\u00ean toan nh\u01b0 c\u00e1ch nh\u1eefng suy ngh\u0129 tr\u00f4i v\u00e0o v\u00e0 \u0111i ra kh\u1ecfi t\u00e2m tr\u00ed t\u00f4i trong kho\u1ea3nh kh\u1eafc \u0111\u00f3.<\/p>","protected":false},"featured_media":1686,"comment_status":"open","ping_status":"closed","template":"","meta":{"jetpack_post_was_ever_published":false},"product_brand":[],"product_cat":[31,195],"product_tag":[116,49,80,118],"class_list":{"0":"post-1681","1":"product","2":"type-product","3":"status-publish","4":"has-post-thumbnail","6":"product_cat-abstract-paintings","7":"product_cat-small-paintings","8":"product_tag-abstract","9":"product_tag-knife-palette-painting","10":"product_tag-landscape","11":"product_tag-mixed-media","13":"first","14":"outofstock","15":"shipping-taxable","16":"purchasable","17":"product-type-simple"},"jetpack_sharing_enabled":true,"_links":{"self":[{"href":"https:\/\/florafinearts.com\/vi\/wp-json\/wp\/v2\/product\/1681","targetHints":{"allow":["GET"]}}],"collection":[{"href":"https:\/\/florafinearts.com\/vi\/wp-json\/wp\/v2\/product"}],"about":[{"href":"https:\/\/florafinearts.com\/vi\/wp-json\/wp\/v2\/types\/product"}],"replies":[{"embeddable":true,"href":"https:\/\/florafinearts.com\/vi\/wp-json\/wp\/v2\/comments?post=1681"}],"wp:featuredmedia":[{"embeddable":true,"href":"https:\/\/florafinearts.com\/vi\/wp-json\/wp\/v2\/media\/1686"}],"wp:attachment":[{"href":"https:\/\/florafinearts.com\/vi\/wp-json\/wp\/v2\/media?parent=1681"}],"wp:term":[{"taxonomy":"product_brand","embeddable":true,"href":"https:\/\/florafinearts.com\/vi\/wp-json\/wp\/v2\/product_brand?post=1681"},{"taxonomy":"product_cat","embeddable":true,"href":"https:\/\/florafinearts.com\/vi\/wp-json\/wp\/v2\/product_cat?post=1681"},{"taxonomy":"product_tag","embeddable":true,"href":"https:\/\/florafinearts.com\/vi\/wp-json\/wp\/v2\/product_tag?post=1681"}],"curies":[{"name":"wp","href":"https:\/\/api.w.org\/{rel}","templated":true}]}}