{"id":1674,"date":"2024-11-15T12:27:01","date_gmt":"2024-11-15T12:27:01","guid":{"rendered":"https:\/\/florafinearts.com\/?post_type=product&#038;p=1674"},"modified":"2025-04-17T06:56:29","modified_gmt":"2025-04-17T06:56:29","slug":"pastel-dreamscape","status":"publish","type":"product","link":"https:\/\/florafinearts.com\/vi\/san-pham\/pastel-dreamscape\/","title":{"rendered":"M\u01a1 m\u00e0ng"},"content":{"rendered":"<p>Gi\u1ed1ng nh\u01b0 m\u1ed9t kho\u1ea3nh kh\u1eafc t\u00f4i \u0111\u00e3 g\u1eb7p trong m\u01a1, s\u1ed1ng \u0111\u1ed9ng, r\u00f5 m\u1ed3n m\u1ed9t nh\u01b0ng l\u1ea1i kh\u00f4ng th\u1ec3 v\u1edbi t\u1edbi. T\u00f4i mu\u1ed1n l\u01b0u l\u1ea1i s\u1ef1 c\u00e2n b\u1eb1ng tinh t\u1ebf \u0111\u00f3, n\u01a1i nh\u1eefng gam m\u00e0u t\u00f4i y\u00eau th\u00edch g\u1eb7p g\u1ee1 nhau v\u00e0 t\u1ea1o n\u00ean m\u1ed9t cu\u1ed9c h\u1ed9i tho\u1ea1i l\u1ea1nh m\u1ebd trong l\u1eb7ng l\u1ebd. Trong cu\u1ed9c s\u1ed1ng c\u0169ng nh\u01b0 trong ngh\u1ec7 thu\u1eadt, lu\u00f4n c\u00f3 nh\u1eefng \u0111i\u1ec1u kh\u00f4ng th\u1ec3 di\u1ec5n t\u1ea3 th\u00e0nh l\u1eddi.<\/p>","protected":false},"excerpt":{"rendered":"<p>C\u00f3 nh\u1eefng ng\u00e0y kh\u00f4ng ph\u1ea3i l\u00e0 t\u00f4i t\u00ecm \u0111\u1ebfn m\u00e0u s\u1eafc m\u00e0 l\u00e0 m\u00e0u s\u1eafc t\u1ef1 t\u00ecm \u0111\u1ebfn t\u00f4i. Nh\u01b0 h\u00f4m nay, l\u00e0 h\u1ed3ng v\u00e0 xanh g\u00f5 c\u1eeda. \u0110\u00e2y l\u00e0 hai m\u00e0u ch\u1ee7 \u0111\u1ea1o trong t\u00e1c ph\u1ea9m c\u1ee7a t\u00f4i, ho\u00e0 quy\u1ec7n d\u1ecbu d\u00e0ng gi\u1eefa n\u0103ng l\u01b0\u1ee3ng v\u00e0 s\u1ef1 b\u00ecnh y\u00ean.<\/p>\n<p>B\u1ee9c tranh n\u00e0y \u0111\u01b0\u1ee3c v\u1ebd b\u1eb1ng Acrylic tr\u00ean toan kh\u1ed5 nh\u1ecf 40 x 40 cm.<\/p>","protected":false},"featured_media":1675,"comment_status":"open","ping_status":"closed","template":"","meta":{"jetpack_post_was_ever_published":false},"product_brand":[],"product_cat":[31,195],"product_tag":[116,47,49],"class_list":{"0":"post-1674","1":"product","2":"type-product","3":"status-publish","4":"has-post-thumbnail","6":"product_cat-abstract-paintings","7":"product_cat-small-paintings","8":"product_tag-abstract","9":"product_tag-acrylic-on-canvas","10":"product_tag-knife-palette-painting","12":"first","13":"outofstock","14":"shipping-taxable","15":"purchasable","16":"product-type-simple"},"jetpack_sharing_enabled":true,"_links":{"self":[{"href":"https:\/\/florafinearts.com\/vi\/wp-json\/wp\/v2\/product\/1674","targetHints":{"allow":["GET"]}}],"collection":[{"href":"https:\/\/florafinearts.com\/vi\/wp-json\/wp\/v2\/product"}],"about":[{"href":"https:\/\/florafinearts.com\/vi\/wp-json\/wp\/v2\/types\/product"}],"replies":[{"embeddable":true,"href":"https:\/\/florafinearts.com\/vi\/wp-json\/wp\/v2\/comments?post=1674"}],"wp:featuredmedia":[{"embeddable":true,"href":"https:\/\/florafinearts.com\/vi\/wp-json\/wp\/v2\/media\/1675"}],"wp:attachment":[{"href":"https:\/\/florafinearts.com\/vi\/wp-json\/wp\/v2\/media?parent=1674"}],"wp:term":[{"taxonomy":"product_brand","embeddable":true,"href":"https:\/\/florafinearts.com\/vi\/wp-json\/wp\/v2\/product_brand?post=1674"},{"taxonomy":"product_cat","embeddable":true,"href":"https:\/\/florafinearts.com\/vi\/wp-json\/wp\/v2\/product_cat?post=1674"},{"taxonomy":"product_tag","embeddable":true,"href":"https:\/\/florafinearts.com\/vi\/wp-json\/wp\/v2\/product_tag?post=1674"}],"curies":[{"name":"wp","href":"https:\/\/api.w.org\/{rel}","templated":true}]}}