{"id":1623,"date":"2024-10-19T11:22:21","date_gmt":"2024-10-19T11:22:21","guid":{"rendered":"https:\/\/florafinearts.com\/?post_type=product&#038;p=1623"},"modified":"2024-12-17T09:34:48","modified_gmt":"2024-12-17T09:34:48","slug":"the-red-roof-among-the-greens","status":"publish","type":"product","link":"https:\/\/florafinearts.com\/vi\/san-pham\/the-red-roof-among-the-greens\/","title":{"rendered":"M\u00e1i nh\u00e0 \u0111\u1ecf gi\u1eefa m\u00e0u xanh"},"content":{"rendered":"<p class=\"lead\">Thi\u00ean nhi\u00ean \u0111\u00e3 \u1edf \u0111\u00f3 t\u1eeb ng\u00e0n \u0111\u1eddi, sinh s\u00f4i, n\u1ea3y n\u1edf v\u00e0 ch\u1eefa l\u00e0nh. Nh\u1eefng l\u00fac m\u1ec7t m\u1ecfi, v\u1ee5n v\u1ee1 hay c\u1ea7n ti\u1ebfp n\u00ean n\u0103ng l\u01b0\u1ee3ng s\u1ed1ng, thi\u00ean nhi\u00ean lu\u00f4n l\u00e0 li\u1ec1u thu\u1ed1c s\u1eb5n c\u00f3, mi\u1ec5n ph\u00ed, v\u00e0 nhi\u1ec1u c\u00f4ng d\u1ee5ng nh\u1ea5t. Ch\u1ec9 c\u1ea7n ph\u00f3ng t\u1ea7m m\u1eaft ra ph\u00eda tr\u01b0\u1edbc, l\u00ean tr\u00ean cao, m\u1edf r\u1ed9ng ch\u00ednh kh\u00f4ng gian v\u1eadt l\u00fd v\u00e0 kh\u00f4ng gian t\u00e2m h\u1ed3n c\u1ee7a m\u00ecnh ra, ch\u00fang ta \u0111\u00e3 \u0111\u00f3n nh\u1eadn \u0111\u01b0\u1ee3c qu\u00e1 nhi\u1ec1u r\u1ed3i.<\/p>","protected":false},"excerpt":{"rendered":"<p>T\u00f4i v\u1ebd b\u1ee9c n\u00e0y sau khi tr\u1ea3i qua m\u1ed9t \u0111\u1ee3t \u1ed1m d\u00e0i ng\u00e0y, b\u1edfi v\u1eady m\u00e0 m\u00e0u s\u1eafc c\u1ee7a n\u00f3 c\u0169ng t\u01b0\u01a1i m\u00e1t, tinh t\u01b0\u01a1m nh\u01b0 tinh th\u1ea7n c\u1ee7a t\u00f4i l\u00fac \u0111\u00f3. Nh\u01b0 m\u1ed9t s\u1ef1 g\u1ed9t r\u1eeda v\u00e0 m\u1ed9t sinh l\u1ef1c m\u1edbi t\u1eeb t\u1eeb, d\u00ecu d\u1ecbu tr\u1ed7i d\u1eady. B\u1ee9c tranh n\u00e0y t\u00f4i v\u1ebd b\u1eb1ng c\u1ecd d\u1eb9t l\u1edbn v\u1edbi n\u00e9t v\u1ebd nhanh b\u1eb1ng acrylic tr\u00ean toan kh\u1ed5 60 x 70 cm.<\/p>","protected":false},"featured_media":1624,"comment_status":"open","ping_status":"closed","template":"","meta":{"jetpack_post_was_ever_published":false},"product_brand":[],"product_cat":[37],"product_tag":[47,80],"class_list":{"0":"post-1623","1":"product","2":"type-product","3":"status-publish","4":"has-post-thumbnail","6":"product_cat-landscape-paintings","7":"product_tag-acrylic-on-canvas","8":"product_tag-landscape","10":"first","11":"outofstock","12":"shipping-taxable","13":"purchasable","14":"product-type-simple"},"jetpack_sharing_enabled":true,"_links":{"self":[{"href":"https:\/\/florafinearts.com\/vi\/wp-json\/wp\/v2\/product\/1623","targetHints":{"allow":["GET"]}}],"collection":[{"href":"https:\/\/florafinearts.com\/vi\/wp-json\/wp\/v2\/product"}],"about":[{"href":"https:\/\/florafinearts.com\/vi\/wp-json\/wp\/v2\/types\/product"}],"replies":[{"embeddable":true,"href":"https:\/\/florafinearts.com\/vi\/wp-json\/wp\/v2\/comments?post=1623"}],"wp:featuredmedia":[{"embeddable":true,"href":"https:\/\/florafinearts.com\/vi\/wp-json\/wp\/v2\/media\/1624"}],"wp:attachment":[{"href":"https:\/\/florafinearts.com\/vi\/wp-json\/wp\/v2\/media?parent=1623"}],"wp:term":[{"taxonomy":"product_brand","embeddable":true,"href":"https:\/\/florafinearts.com\/vi\/wp-json\/wp\/v2\/product_brand?post=1623"},{"taxonomy":"product_cat","embeddable":true,"href":"https:\/\/florafinearts.com\/vi\/wp-json\/wp\/v2\/product_cat?post=1623"},{"taxonomy":"product_tag","embeddable":true,"href":"https:\/\/florafinearts.com\/vi\/wp-json\/wp\/v2\/product_tag?post=1623"}],"curies":[{"name":"wp","href":"https:\/\/api.w.org\/{rel}","templated":true}]}}