{"id":1613,"date":"2024-10-19T10:12:25","date_gmt":"2024-10-19T10:12:25","guid":{"rendered":"https:\/\/florafinearts.com\/?post_type=product&#038;p=1613"},"modified":"2024-11-23T15:07:17","modified_gmt":"2024-11-23T15:07:17","slug":"beyond-the-river","status":"publish","type":"product","link":"https:\/\/florafinearts.com\/vi\/san-pham\/beyond-the-river\/","title":{"rendered":"B\u00ean kia d\u00f2ng s\u00f4ng"},"content":{"rendered":"<p class=\"lead\">B\u1ee9c tranh n\u00e0y \u0111\u01b0\u1ee3c v\u1ebd b\u1eb1ng Acrylic tr\u00ean toan kh\u1ed5 70 x 80 cm. N\u1ebfu b\u1ea1n mu\u1ed1n mang m\u1ed9t ch\u00fat t\u01b0\u01a1i m\u00e1t, b\u00ecnh an, d\u1ecbu ng\u1ecdt v\u00e0o kh\u00f4ng gian s\u1ed1ng c\u1ee7a m\u00ecnh, \u0111\u00e2y c\u00f3 th\u1ec3 l\u00e0 m\u1ed9t l\u1ef1a ch\u1ecdn d\u1ec5 ch\u1ecbu d\u00e0nh cho b\u1ea1n.<\/p>","protected":false},"excerpt":{"rendered":"<p class=\"lead\">B\u1ea1n ngh\u0129 g\u00ec khi \u0111\u1ee9ng tr\u01b0\u1edbc d\u00f2ng s\u00f4ng? \u0110\u00f3 l\u00e0 m\u1ed9t c\u00e2u h\u1ecfi c\u1eafc c\u1edb. Kh\u00f4ng ngh\u0129 g\u00ec c\u1ea3! Tr\u01b0\u1edbc nh\u1eefng g\u00ec \u0111\u1eb9p \u0111\u1ebd, thu\u1ea7n khi\u1ebft, h\u00e3y c\u1ea5t suy ngh\u0129 \u0111i, v\u00e0 \u0111\u1ec3 cho to\u00e0n th\u1ec3 hi\u1ec7n h\u1eefu. Khi \u0111\u00f3, ch\u00fang ta s\u1ebd \u0111\u01b0\u1ee3c l\u1ea5p \u0111\u1ea7y b\u1edfi nh\u1eefng ph\u01b0\u1edbc l\u00e0nh c\u1ee7a thi\u00ean nhi\u00ean v\u00e0 cu\u1ed9c s\u1ed1ng. \u0110\u00f3 ch\u00ednh l\u00e0 s\u1ef1 t\u01b0\u1edbi t\u1eafm m\u00e0 ch\u00fang ta c\u1ea7n nh\u1ea5t. C\u0169ng ch\u00ednh v\u00e0o nh\u1eefng l\u00fac \u0111\u00f3, ch\u00fang ta s\u1ebd ph\u00e1t hi\u1ec7n ra nh\u1eefng gam m\u00e0u tuy\u1ec7t \u0111\u1eb9p trong t\u1ef1 nhi\u00ean m\u00e0 n\u1ebfu ch\u1ec9 \u0111\u1ec3 m\u1ed9t suy ngh\u0129 chen v\u00e0o th\u00f4i, ch\u00fang ta s\u1ebd b\u1ecf l\u1ee1.<\/p>","protected":false},"featured_media":1614,"comment_status":"open","ping_status":"closed","template":"","meta":{"jetpack_post_was_ever_published":false},"product_brand":[],"product_cat":[37],"product_tag":[47,80],"class_list":{"0":"post-1613","1":"product","2":"type-product","3":"status-publish","4":"has-post-thumbnail","6":"product_cat-landscape-paintings","7":"product_tag-acrylic-on-canvas","8":"product_tag-landscape","10":"first","11":"instock","12":"shipping-taxable","13":"purchasable","14":"product-type-simple"},"jetpack_sharing_enabled":true,"_links":{"self":[{"href":"https:\/\/florafinearts.com\/vi\/wp-json\/wp\/v2\/product\/1613","targetHints":{"allow":["GET"]}}],"collection":[{"href":"https:\/\/florafinearts.com\/vi\/wp-json\/wp\/v2\/product"}],"about":[{"href":"https:\/\/florafinearts.com\/vi\/wp-json\/wp\/v2\/types\/product"}],"replies":[{"embeddable":true,"href":"https:\/\/florafinearts.com\/vi\/wp-json\/wp\/v2\/comments?post=1613"}],"wp:featuredmedia":[{"embeddable":true,"href":"https:\/\/florafinearts.com\/vi\/wp-json\/wp\/v2\/media\/1614"}],"wp:attachment":[{"href":"https:\/\/florafinearts.com\/vi\/wp-json\/wp\/v2\/media?parent=1613"}],"wp:term":[{"taxonomy":"product_brand","embeddable":true,"href":"https:\/\/florafinearts.com\/vi\/wp-json\/wp\/v2\/product_brand?post=1613"},{"taxonomy":"product_cat","embeddable":true,"href":"https:\/\/florafinearts.com\/vi\/wp-json\/wp\/v2\/product_cat?post=1613"},{"taxonomy":"product_tag","embeddable":true,"href":"https:\/\/florafinearts.com\/vi\/wp-json\/wp\/v2\/product_tag?post=1613"}],"curies":[{"name":"wp","href":"https:\/\/api.w.org\/{rel}","templated":true}]}}