{"id":1233,"date":"2024-09-19T13:03:49","date_gmt":"2024-09-19T13:03:49","guid":{"rendered":"https:\/\/florafinearts.com\/?post_type=product&#038;p=1233"},"modified":"2025-04-18T08:27:58","modified_gmt":"2025-04-18T08:27:58","slug":"1233","status":"publish","type":"product","link":"https:\/\/florafinearts.com\/vi\/san-pham\/1233\/","title":{"rendered":"\u0110\u1ea1o - Con \u0111\u01b0\u1eddng kh\u00f4ng l\u1ed1i"},"content":{"rendered":"","protected":false},"excerpt":{"rendered":"<p>T\u00f4i \u0111\u00e3 v\u1ebd t\u00e1c ph\u1ea9m n\u00e0y v\u00e0o ng\u00e0y th\u1ea7y Minh Tu\u1ec7, m\u1ed9t thi\u1ec1n s\u01b0 v\u1edbi h\u00e0nh tr\u00ecnh \u0111i kh\u1eafp Vi\u1ec7t Nam \u0111\u1ec3 th\u1ee9c t\u1ec9nh c\u1ed9ng \u0111\u1ed3ng, b\u1ed7ng nhi\u00ean bi\u1ebfn m\u1ea5t kh\u00f4ng d\u1ea5u v\u1ebft. T\u00f4i \u0111\u1eb7t t\u00ean n\u00f3 l\u00e0 <em>\u201c\u0110\u1ea1o - Con \u0111\u01b0\u1eddng kh\u00f4ng l\u1ed1i\u201d<\/em> d\u1ef1a theo m\u1ed9t t\u1ef1a s\u00e1ch c\u1ee7a Osho \u0111\u00e3 \u0111\u01b0\u1ee3c d\u1ecbch sang ti\u1ebfng Vi\u1ec7t. \u0110\u00f3 l\u00e0 con \u0111\u01b0\u1eddng c\u1ee7a L\u00e3o T\u1eed, c\u1ee7a Osho, c\u1ee7a Th\u00edch Minh Tu\u1ec7, c\u1ee7a t\u1ea5t c\u1ea3 nh\u1eefng b\u1eadc gi\u00e1c ng\u1ed9, nh\u01b0ng ng\u01b0\u1eddi th\u1ee9c t\u1ec9nh ch\u00fang ta nh\u01b0ng ch\u1ec9 l\u00e0 m\u1ed9t ng\u00f3n tay ch\u1ec9 tr\u0103ng, c\u00f2n con \u0111\u01b0\u1eddng, ch\u00fang ta ph\u1ea3i t\u1ef1 t\u00ecm l\u1ea5y cho m\u00ecnh.<\/p>\n<p class=\"lead\">T\u00f4i s\u1eed d\u1ee5ng ba m\u00e0u trong y \u00e1o c\u1ee7a \u0111\u1ea1o Ph\u1eadt l\u00e0 m\u00e0u ghi \u0111\u1ea5t non, m\u00e0u v\u00e0ng \u0111\u1ea5t v\u00e0 n\u00e2u \u0111\u1ea5t. C\u00e1c m\u1ea3ng m\u00e0u n\u00e0y c\u0169ng bi\u1ebfn chuy\u1ec3n t\u1ecbnh ti\u1ebfn nh\u01b0 con \u0111\u01b0\u1eddng ph\u00e1t tri\u1ec3n t\u00e2m linh c\u1ee7a m\u1ed7i ng\u01b0\u1eddi, nh\u01b0ng theo m\u1ed9t v\u00f2ng xo\u00e1y v\u00f4 h\u1ea1n. Con \u0111\u01b0\u1eddng \u0111\u00f3 kh\u00f4ng th\u1ec3 b\u1ecb g\u00f2 b\u00f3 b\u1edfi b\u1ea5t k\u1ef3 b\u1ea3n \u0111\u1ed3 n\u00e0o, v\u00e0 kh\u00f4ng \u0111\u01b0\u1ee3c \u0111\u1ecbnh s\u1eb5n. C\u0169ng nh\u01b0 gi\u00f3 kh\u00f4ng \u0111\u1ec3 l\u1ea1i d\u1ea5u ch\u00e2n tr\u00ean m\u1eb7t n\u01b0\u1edbc, ng\u01b0\u1eddi t\u00ecm ki\u1ebfm ch\u00e2n ch\u00ednh b\u01b0\u1edbc \u0111i tr\u00ean con \u0111\u01b0\u1eddng m\u00e0 kh\u00f4ng l\u01b0u l\u1ea1i d\u1ea5u ch\u00e2n.<\/p>\n<p class=\"lead\">Khi ng\u1eafm b\u1ee9c tranh n\u00e0y, b\u1ea1n s\u1ebd b\u01b0\u1edbc v\u00e0o m\u1ed9t h\u00e0nh tr\u00ecnh kh\u00e1m ph\u00e1 s\u1ef1 t\u1ed3n t\u1ea1i c\u1ee7a m\u00ecnh m\u1ed9t c\u00e1ch t\u1ef1 do, kh\u00f4ng b\u1ecb r\u00e0ng bu\u1ed9c b\u1edfi k\u1ef3 v\u1ecdng x\u00e3 h\u1ed9i hay nhu c\u1ea7u \u0111\u01b0\u1ee3c c\u00f4ng nh\u1eadn. \u0110\u00e2y c\u0169ng l\u00e0 l\u1eddi tri \u00e2n \u0111\u1ed1i v\u1edbi s\u1ef1 v\u00f4 th\u01b0\u1eddng c\u1ee7a cu\u1ed9c s\u1ed1ng, b\u00ed m\u1eadt c\u1ee7a s\u1ef1 th\u1ee9c t\u1ec9nh t\u00e2m linh, v\u00e0 l\u00f2ng d\u0169ng c\u1ea3m c\u1ea7n c\u00f3 \u0111\u1ec3 b\u01b0\u1edbc \u0111i tr\u00ean con \u0111\u01b0\u1eddng m\u00e0 ch\u00fang ta ch\u1ec9 c\u00f3 m\u1ed9t c\u00e1ch l\u00e0 \u0111\u1ed9c h\u00e0nh - c\u0169ng gi\u1ed1ng nh\u01b0 ch\u00ednh h\u00e0nh tr\u00ecnh ngh\u1ec7 thu\u1eadt m\u00e0 t\u00f4i \u0111ang theo \u0111u\u1ed5i.<\/p>","protected":false},"featured_media":1234,"comment_status":"open","ping_status":"closed","template":"","meta":{"jetpack_post_was_ever_published":false},"product_brand":[],"product_cat":[31,38],"product_tag":[49,46,50],"class_list":{"0":"post-1233","1":"product","2":"type-product","3":"status-publish","4":"has-post-thumbnail","6":"product_cat-abstract-paintings","7":"product_cat-nirvana-collection","8":"product_tag-knife-palette-painting","9":"product_tag-nirvana-series","10":"product_tag-oil-on-canvas","12":"first","13":"instock","14":"shipping-taxable","15":"purchasable","16":"product-type-simple"},"jetpack_sharing_enabled":true,"_links":{"self":[{"href":"https:\/\/florafinearts.com\/vi\/wp-json\/wp\/v2\/product\/1233","targetHints":{"allow":["GET"]}}],"collection":[{"href":"https:\/\/florafinearts.com\/vi\/wp-json\/wp\/v2\/product"}],"about":[{"href":"https:\/\/florafinearts.com\/vi\/wp-json\/wp\/v2\/types\/product"}],"replies":[{"embeddable":true,"href":"https:\/\/florafinearts.com\/vi\/wp-json\/wp\/v2\/comments?post=1233"}],"wp:featuredmedia":[{"embeddable":true,"href":"https:\/\/florafinearts.com\/vi\/wp-json\/wp\/v2\/media\/1234"}],"wp:attachment":[{"href":"https:\/\/florafinearts.com\/vi\/wp-json\/wp\/v2\/media?parent=1233"}],"wp:term":[{"taxonomy":"product_brand","embeddable":true,"href":"https:\/\/florafinearts.com\/vi\/wp-json\/wp\/v2\/product_brand?post=1233"},{"taxonomy":"product_cat","embeddable":true,"href":"https:\/\/florafinearts.com\/vi\/wp-json\/wp\/v2\/product_cat?post=1233"},{"taxonomy":"product_tag","embeddable":true,"href":"https:\/\/florafinearts.com\/vi\/wp-json\/wp\/v2\/product_tag?post=1233"}],"curies":[{"name":"wp","href":"https:\/\/api.w.org\/{rel}","templated":true}]}}