{"id":1231,"date":"2024-09-19T12:47:34","date_gmt":"2024-09-19T12:47:34","guid":{"rendered":"https:\/\/florafinearts.com\/?post_type=product&#038;p=1231"},"modified":"2025-04-17T06:56:44","modified_gmt":"2025-04-17T06:56:44","slug":"radiant-blooms","status":"publish","type":"product","link":"https:\/\/florafinearts.com\/vi\/san-pham\/radiant-blooms\/","title":{"rendered":"R\u1ea1ng r\u1ee1"},"content":{"rendered":"<p class=\"lead\">C\u00f3 nh\u1eefng \u0111\u1ee3t \u1ed1m, \u0111\u1ec3 cho m\u00ecnh mau kho\u1ebb l\u00ean, t\u00f4i ng\u1ed3i d\u1eady v\u1ebd, v\u00e0 khi k\u1ebft th\u00fac b\u1ee9c tranh, gi\u1ed1ng nh\u01b0 t\u00f4i v\u1eeba \u0111\u01b0\u1ee3c u\u1ed1ng m\u1ed9t vi\u00ean C li\u1ec1u cao v\u1eady. B\u1ee9c tranh n\u00e0y kh\u00f4ng \u0111\u01b0\u1ee3c v\u1ebd khi t\u00f4i \u0111ang \u1ed1m, m\u00e0 v\u1ebd v\u00e0o l\u00fac t\u00f4i \u0111ang trong m\u1ed9t gu\u1ed3ng quay b\u1ea5t t\u1eadn c\u1ee7a c\u00f4ng vi\u1ec7c v\u00e0 cu\u1ed9c s\u1ed1ng, nh\u01b0ng t\u00f4i v\u1eabn ph\u1ea3i d\u1eebng l\u1ea1i, \u0111\u1ec3 g\u1eb7p g\u1ee1 v\u1ee1i m\u00e0u, v\u1edbi toan, v\u1edbi nh\u1eefng c\u1ea3m x\u00fac c\u1ea7n \u0111\u01b0\u1ee3c v\u1ebd ra th\u00e0nh m\u00e0u s\u1eafc. B\u1edfi v\u1eady n\u00f3 th\u1eadt r\u1ef1c r\u1ee1.<\/p>","protected":false},"excerpt":{"rendered":"<p>B\u1ee9c v\u1ebd nh\u1ecf n\u00e0y (30 x 40 cm) b\u1eb1ng s\u01a1n d\u1ea7u tr\u00ean toan nh\u01b0ng l\u1ea1i l\u00e0 m\u1ed9t ni\u1ec1m vui l\u1edbn. Ph\u1ea7n l\u1edbn th\u1eddi gian, t\u00f4i v\u1ebd tranh kh\u1ed5 to, nh\u01b0ng trong nh\u1eefng ng\u00e0y b\u1eadn r\u1ed9n ho\u1eb7c m\u1ed9t l\u00fd do n\u00e0o \u0111\u00f3 kh\u00f4ng th\u1ec3 v\u1ebd l\u00e2u, t\u00f4i s\u1ebd v\u1ebd nh\u1eefng b\u1ee9c nh\u1ecf, \u0111\u1ec3 lu\u00f4n gi\u1eef m\u1ea1ch k\u1ebft n\u1ed1i v\u1edbi ngh\u1ec7 thu\u1eadt, v\u1edbi s\u00e1ng t\u00e1c. V\u1ebd l\u00fac n\u00e0o c\u0169ng l\u00e0 ni\u1ec1m h\u1ee9ng kh\u1edfi b\u1ea5t t\u1eadn c\u1ee7a t\u00f4i. Ai \u0111\u00f3 c\u00f3 th\u1ec3 ch\u1ec9 v\u1ebd khi kho\u1ebb m\u1ea1nh, c\u00f2n t\u00f4i \u0111ang m\u1ec7t m\u00e0 c\u1ea7m c\u1ecd v\u1ebd l\u00e0 th\u1ea5y kho\u1ebb.<\/p>","protected":false},"featured_media":1232,"comment_status":"open","ping_status":"closed","template":"","meta":{"jetpack_post_was_ever_published":false},"product_brand":[],"product_cat":[33,195,86],"product_tag":[48,50],"class_list":{"0":"post-1231","1":"product","2":"type-product","3":"status-publish","4":"has-post-thumbnail","6":"product_cat-floral-paintings","7":"product_cat-small-paintings","8":"product_cat-still-life","9":"product_tag-floral","10":"product_tag-oil-on-canvas","12":"first","13":"outofstock","14":"shipping-taxable","15":"purchasable","16":"product-type-simple"},"jetpack_sharing_enabled":true,"_links":{"self":[{"href":"https:\/\/florafinearts.com\/vi\/wp-json\/wp\/v2\/product\/1231","targetHints":{"allow":["GET"]}}],"collection":[{"href":"https:\/\/florafinearts.com\/vi\/wp-json\/wp\/v2\/product"}],"about":[{"href":"https:\/\/florafinearts.com\/vi\/wp-json\/wp\/v2\/types\/product"}],"replies":[{"embeddable":true,"href":"https:\/\/florafinearts.com\/vi\/wp-json\/wp\/v2\/comments?post=1231"}],"wp:featuredmedia":[{"embeddable":true,"href":"https:\/\/florafinearts.com\/vi\/wp-json\/wp\/v2\/media\/1232"}],"wp:attachment":[{"href":"https:\/\/florafinearts.com\/vi\/wp-json\/wp\/v2\/media?parent=1231"}],"wp:term":[{"taxonomy":"product_brand","embeddable":true,"href":"https:\/\/florafinearts.com\/vi\/wp-json\/wp\/v2\/product_brand?post=1231"},{"taxonomy":"product_cat","embeddable":true,"href":"https:\/\/florafinearts.com\/vi\/wp-json\/wp\/v2\/product_cat?post=1231"},{"taxonomy":"product_tag","embeddable":true,"href":"https:\/\/florafinearts.com\/vi\/wp-json\/wp\/v2\/product_tag?post=1231"}],"curies":[{"name":"wp","href":"https:\/\/api.w.org\/{rel}","templated":true}]}}