{"id":1229,"date":"2024-09-19T12:30:29","date_gmt":"2024-09-19T12:30:29","guid":{"rendered":"https:\/\/florafinearts.com\/?post_type=product&#038;p=1229"},"modified":"2024-12-06T03:59:21","modified_gmt":"2024-12-06T03:59:21","slug":"mediterranean-colors","status":"publish","type":"product","link":"https:\/\/florafinearts.com\/vi\/san-pham\/mediterranean-colors\/","title":{"rendered":"M\u00e0u s\u1eafc \u0110\u1ecba Trung H\u1ea3i"},"content":{"rendered":"<p class=\"lead\">M\u1ed9t ho\u1ea1 s\u0129 s\u1ed1ng t\u1ea1i m\u1ed9t th\u00e0nh ph\u1ed1 n\u00e0o \u0111\u00f3, c\u00f3 th\u1ec3 h\u1ecd s\u1ebd d\u00e0nh c\u1ea3 \u0111\u1eddi \u0111\u1ec3 v\u1ebd v\u1ec1 th\u00e0nh ph\u1ed1 \u0111\u00f3, tranh c\u1ee7a h\u1ecd s\u1ebd c\u00f3 m\u1ed9t chi\u1ec1u s\u00e2u r\u1ea5t kh\u00e1c. C\u00f2n m\u1ed9t ng\u01b0\u1eddi gh\u00e9 ngang m\u1ed9t th\u00e0nh ph\u1ed1, v\u00e0 s\u1ebd ch\u1ec9 v\u1ebd m\u1ed9t b\u1ee9c tranh, n\u00f3 s\u1ebd mang m\u1ed9t kh\u00f4ng kh\u00ed kh\u00e1c. Trong v\u0103n ch\u01b0\u01a1ng, ng\u01b0\u1eddi ta n\u00f3i r\u1eb1ng: ngh\u00e9 qua th\u00e0nh ph\u1ed1 m\u1ed9t ng\u00e0y, b\u1ea1n c\u00f3 th\u1ec3 vi\u1ebft \u0111\u01b0\u1ee3c c\u1ea3 m\u1ed9t cu\u1ed1n ti\u1ec3u thuy\u1ebft, \u1edf m\u1ed9t n\u0103m, b\u1ea1n s\u1ebd vi\u1ebft \u0111\u01b0\u1ee3c m\u1ed9t truy\u1ec7n ng\u1eafn, \u1edf m\u1ed9t \u0111\u1eddi, b\u1ea1n ch\u1eb3ng vi\u1ebft \u0111\u01b0\u1ee3c g\u00ec c\u1ea3. C\u00f3 v\u1ebb, bi\u1ebft \u00edt \u0111\u00f4i khi l\u1ea1i l\u00e0 m\u1ed9t l\u1ee3i th\u1ebf. H\u1ed9i ho\u1ea1 c\u00f3 th\u1ec3 c\u0169ng nh\u01b0 v\u1eady.<\/p>\n<p class=\"lead\">B\u1ee9c n\u00e0y \u0111\u01b0\u1ee3c v\u1ebd b\u1eb1ng dao palette b\u1eb1ng Acrylic tr\u00ean toan, v\u1ec1 m\u1ed9t trong nh\u1eefng ng\u00f4i l\u00e0ng \u1edf n\u01b0\u1edbc \u00dd m\u00e0 t\u00f4i \u0111\u00e3 t\u1eebng gh\u00e9 qua.<\/p>","protected":false},"excerpt":{"rendered":"<p>\u0110\u00f4i khi t\u00f4i s\u1ebd v\u1ebd phong c\u1ea3nh v\u1ec1 m\u1ed9t n\u01a1i n\u00e0o \u0111\u00f3 m\u00e0 t\u00f4i \u0111\u00e3 \u0111i qua. Th\u01b0\u1eddng trong nh\u1eefng chuy\u1ebfn c\u00f4ng t\u00e1c d\u00e0i ng\u00e0y v\u00f2ng quanh th\u1ebf gi\u1edbi, t\u00f4i ch\u1ec9 c\u00f3 th\u1ec3 ch\u1ee5p \u1ea3nh ch\u1ee9 kh\u00f4ng mang \u0111\u01b0\u1ee3c \u0111\u1ed3 ngh\u1ec1 \u0111i v\u1ebd, v\u00ec th\u01b0\u1eddng l\u1ecbch tr\u00ecnh c\u00f4ng vi\u1ec7c r\u1ea5t b\u1eadn. Sau n\u00e0y, t\u00f4i s\u1ebd v\u1ebd l\u1ea1i v\u00e0o m\u1ed9t d\u1ecbp n\u00e0o \u0111\u00f3. R\u1ea5t nhi\u1ec1u n\u01a1i \u0111\u1ec3 l\u1ea1i nh\u1eefng c\u1ea3m x\u00fac kh\u00f3 qu\u00ean v\u00e0 \u0111\u1eb7c bi\u1ec7t l\u00e0 m\u00e0u s\u1eafc, m\u00e0u kh\u00f4ng gian, v\u1ea3 c\u1ea3 m\u00f9i h\u01b0\u01a1ng \u1edf nh\u1eefng n\u01a1i \u0111\u00f3 n\u1eefa. N\u1ebfu c\u00f3 d\u1ecbp, t\u00f4i s\u1ebd l\u00e0m m\u1ed9t tri\u1ec3n l\u00e3m v\u1ec1 nh\u1eefng v\u00f9ng \u0111\u1ea5t m\u00e0 t\u00f4i \u0111\u00e3 t\u1eebng t\u1edbi.<\/p>","protected":false},"featured_media":1230,"comment_status":"open","ping_status":"closed","template":"","meta":{"jetpack_post_was_ever_published":false},"product_brand":[],"product_cat":[37],"product_tag":[94,47,49,80,81],"class_list":{"0":"post-1229","1":"product","2":"type-product","3":"status-publish","4":"has-post-thumbnail","6":"product_cat-landscape-paintings","7":"product_tag-94","8":"product_tag-acrylic-on-canvas","9":"product_tag-knife-palette-painting","10":"product_tag-landscape","11":"product_tag-travel-the-world","13":"first","14":"outofstock","15":"shipping-taxable","16":"purchasable","17":"product-type-simple"},"jetpack_sharing_enabled":true,"_links":{"self":[{"href":"https:\/\/florafinearts.com\/vi\/wp-json\/wp\/v2\/product\/1229","targetHints":{"allow":["GET"]}}],"collection":[{"href":"https:\/\/florafinearts.com\/vi\/wp-json\/wp\/v2\/product"}],"about":[{"href":"https:\/\/florafinearts.com\/vi\/wp-json\/wp\/v2\/types\/product"}],"replies":[{"embeddable":true,"href":"https:\/\/florafinearts.com\/vi\/wp-json\/wp\/v2\/comments?post=1229"}],"wp:featuredmedia":[{"embeddable":true,"href":"https:\/\/florafinearts.com\/vi\/wp-json\/wp\/v2\/media\/1230"}],"wp:attachment":[{"href":"https:\/\/florafinearts.com\/vi\/wp-json\/wp\/v2\/media?parent=1229"}],"wp:term":[{"taxonomy":"product_brand","embeddable":true,"href":"https:\/\/florafinearts.com\/vi\/wp-json\/wp\/v2\/product_brand?post=1229"},{"taxonomy":"product_cat","embeddable":true,"href":"https:\/\/florafinearts.com\/vi\/wp-json\/wp\/v2\/product_cat?post=1229"},{"taxonomy":"product_tag","embeddable":true,"href":"https:\/\/florafinearts.com\/vi\/wp-json\/wp\/v2\/product_tag?post=1229"}],"curies":[{"name":"wp","href":"https:\/\/api.w.org\/{rel}","templated":true}]}}