{"id":1227,"date":"2024-09-19T12:12:47","date_gmt":"2024-09-19T12:12:47","guid":{"rendered":"https:\/\/florafinearts.com\/?post_type=product&#038;p=1227"},"modified":"2025-04-18T06:09:26","modified_gmt":"2025-04-18T06:09:26","slug":"whispers-of-the-wind","status":"publish","type":"product","link":"https:\/\/florafinearts.com\/vi\/san-pham\/whispers-of-the-wind\/","title":{"rendered":"L\u1eddi th\u00ec th\u1ea7m c\u1ee7a gi\u00f3"},"content":{"rendered":"","protected":false},"excerpt":{"rendered":"<p>B\u1ee9c tranh n\u00e0y \u0111\u01b0\u1ee3c v\u1ebd theo \u0111\u1eb7t h\u00e0ng c\u1ee7a m\u1ed9t c\u00f4 g\u00e1i nh\u1ecf. C\u00f4 b\u00e9 \u1ea5y y\u00eau gam m\u00e0u pastel nh\u01b0 t\u00f4i, nh\u1eefng m\u00e0u xanh, h\u1ed3ng, t\u00edm c\u1ef1c k\u1ef3 n\u1eef t\u00ednh. V\u1ed1n l\u00e0 ng\u01b0\u1eddi vi\u1ebft l\u00e2u n\u0103m, ng\u00f4n ng\u1eef c\u1ee7a t\u00f4i th\u01b0\u1eddng m\u1ea1nh m\u1ebd v\u00e0 s\u1eafc s\u1ea3o, nh\u01b0ng c\u1ea3m x\u00fac v\u00e0 s\u1edf th\u00edch th\u00ec l\u1ea1i c\u00f3 v\u1ebb qu\u00e1 \u0111\u1ed7i m\u1ec1m m\u1ea1i, d\u1ecbu d\u00e0ng. Nh\u1eefng gam m\u00e0u nh\u1eb9 nh\u00e0ng, gi\u1ed1ng nh\u01b0 nh\u1eefng b\u00f4ng hoa \u0111ung \u0111\u01b0a nh\u1eb9 trong gi\u00f3 n\u00e0y, lu\u00f4n l\u00e0m tr\u00e1i tim tan ch\u1ea3y.<\/p>\n<p>M\u1ed7i l\u00fac ch\u00fang ta rung \u0111\u1ed9ng, b\u1ea1n c\u00f3 bi\u1ebft r\u1eb1ng ch\u00fang ta \u0111ang gi\u00fap cho c\u01a1 th\u1ec3 m\u00ecnh \u0111\u01b0\u1ee3c tr\u1ebb ho\u00e1 trong t\u1eebng t\u1ebf b\u00e0o kh\u00f4ng? B\u1ea1n c\u00f3 nh\u1eadn ra r\u1eb1ng khi y\u00eau, b\u1ea1n \u0111\u1eb9p long lanh h\u01a1n, b\u1ea1n th\u1ea5y kho\u1ebb m\u1ea1nh h\u01a1n, bay b\u1ed5ng h\u01a1n kh\u00f4ng? Nh\u1ea5t l\u00e0 c\u00e1c b\u1ea1n g\u00e1i, nh\u00ecn m\u1ed9t c\u00f4 g\u00e1i \u0111ang y\u00eau, ch\u1eafc ch\u1eafn xinh \u0111\u1eb9p b\u1ed9i ph\u1ea7n. B\u1ee9c tranh n\u00e0y c\u0169ng d\u1ec5 th\u01b0\u01a1ng v\u00e0 ng\u1ecdt ng\u00e0o nh\u01b0 c\u00f4 g\u00e1i nh\u1ecf c\u1ee7a t\u00f4i v\u1eady.<\/p>","protected":false},"featured_media":1228,"comment_status":"open","ping_status":"closed","template":"","meta":{"jetpack_post_was_ever_published":false},"product_brand":[],"product_cat":[33,195],"product_tag":[47,48],"class_list":{"0":"post-1227","1":"product","2":"type-product","3":"status-publish","4":"has-post-thumbnail","6":"product_cat-floral-paintings","7":"product_cat-small-paintings","8":"product_tag-acrylic-on-canvas","9":"product_tag-floral","11":"first","12":"outofstock","13":"shipping-taxable","14":"product-type-simple"},"jetpack_sharing_enabled":true,"_links":{"self":[{"href":"https:\/\/florafinearts.com\/vi\/wp-json\/wp\/v2\/product\/1227","targetHints":{"allow":["GET"]}}],"collection":[{"href":"https:\/\/florafinearts.com\/vi\/wp-json\/wp\/v2\/product"}],"about":[{"href":"https:\/\/florafinearts.com\/vi\/wp-json\/wp\/v2\/types\/product"}],"replies":[{"embeddable":true,"href":"https:\/\/florafinearts.com\/vi\/wp-json\/wp\/v2\/comments?post=1227"}],"wp:featuredmedia":[{"embeddable":true,"href":"https:\/\/florafinearts.com\/vi\/wp-json\/wp\/v2\/media\/1228"}],"wp:attachment":[{"href":"https:\/\/florafinearts.com\/vi\/wp-json\/wp\/v2\/media?parent=1227"}],"wp:term":[{"taxonomy":"product_brand","embeddable":true,"href":"https:\/\/florafinearts.com\/vi\/wp-json\/wp\/v2\/product_brand?post=1227"},{"taxonomy":"product_cat","embeddable":true,"href":"https:\/\/florafinearts.com\/vi\/wp-json\/wp\/v2\/product_cat?post=1227"},{"taxonomy":"product_tag","embeddable":true,"href":"https:\/\/florafinearts.com\/vi\/wp-json\/wp\/v2\/product_tag?post=1227"}],"curies":[{"name":"wp","href":"https:\/\/api.w.org\/{rel}","templated":true}]}}