{"id":1224,"date":"2024-09-19T12:03:16","date_gmt":"2024-09-19T12:03:16","guid":{"rendered":"https:\/\/florafinearts.com\/?post_type=product&#038;p=1224"},"modified":"2025-04-17T03:53:43","modified_gmt":"2025-04-17T03:53:43","slug":"blossom-serenity","status":"publish","type":"product","link":"https:\/\/florafinearts.com\/vi\/san-pham\/blossom-serenity\/","title":{"rendered":"Thanh th\u1ea3n n\u1edf hoa"},"content":{"rendered":"<p>M\u00f9a xu\u00e2n qua r\u1ed3i m\u00f9a xu\u00e2n l\u1ea1i qua<br \/>\nHoa l\u1ea1i n\u1edf r\u1ed3i hoa l\u1ea1i n\u1edf<br \/>\nM\u00e2y c\u1ee9 bay bay v\u00e0o trong mu\u00f4n thu\u1edf<br \/>\nNg\u1ed3i \u0111\u00e2y n\u1eafm tay nhau, \u1ea5m \u00e1p d\u1ecbu d\u00e0ng<\/p>","protected":false},"excerpt":{"rendered":"<p>\u0110o\u00e1 hoa ch\u1eb3ng bao gi\u1edd tin \u0111\u1eddi l\u00e0 v\u1ea1n ng\u00e0y s\u1ea7u<br \/>\nNg\u01b0\u1eddi ta ch\u1ec9 s\u1ed1ng c\u00f3 m\u1ed9t l\u1ea7n, tr\u00ed qu\u00ean \u0111\u00e1ng gi\u00e1 h\u01a1n tr\u00ed nh\u1edb<br \/>\nNg\u00e0y h\u00f4m qua c\u00f3 l\u00e0 b\u00e3o gi\u00f4ng th\u00ec s\u1edbm mai kia<br \/>\nhoa v\u1eabn n\u1edf<br \/>\nChim v\u1eabn h\u00f3t vang, m\u00e2y v\u1eabn tr\u1eafng tr\u00ean \u0111\u1ea7u<br \/>\nM\u1eb7t \u0111\u1ea5t n\u1edf ra \u0111\u1ea7y s\u1eafc \u0111\u1ee7 m\u00e0u<br \/>\nM\u1ed7i ng\u00e0y m\u1edf m\u1ed9t m\u00f9a l\u1ec5 h\u1ed9i<br \/>\nHoa \u0111\u00e0o n\u1edf kh\u00f4ng ph\u1ea3i b\u1edfi c\u00f3 ng\u01b0\u1eddi ch\u1edd \u0111\u1ee3i<br \/>\nHoa n\u1edf v\u00ec hoa l\u00e0 m\u1ed9t \u0111o\u00e1 hoa<\/p>","protected":false},"featured_media":1225,"comment_status":"open","ping_status":"closed","template":"","meta":{"jetpack_post_was_ever_published":false},"product_brand":[],"product_cat":[33],"product_tag":[95,47,48],"class_list":{"0":"post-1224","1":"product","2":"type-product","3":"status-publish","4":"has-post-thumbnail","6":"product_cat-floral-paintings","7":"product_tag-95","8":"product_tag-acrylic-on-canvas","9":"product_tag-floral","11":"first","12":"outofstock","13":"shipping-taxable","14":"purchasable","15":"product-type-simple"},"jetpack_sharing_enabled":true,"_links":{"self":[{"href":"https:\/\/florafinearts.com\/vi\/wp-json\/wp\/v2\/product\/1224","targetHints":{"allow":["GET"]}}],"collection":[{"href":"https:\/\/florafinearts.com\/vi\/wp-json\/wp\/v2\/product"}],"about":[{"href":"https:\/\/florafinearts.com\/vi\/wp-json\/wp\/v2\/types\/product"}],"replies":[{"embeddable":true,"href":"https:\/\/florafinearts.com\/vi\/wp-json\/wp\/v2\/comments?post=1224"}],"wp:featuredmedia":[{"embeddable":true,"href":"https:\/\/florafinearts.com\/vi\/wp-json\/wp\/v2\/media\/1225"}],"wp:attachment":[{"href":"https:\/\/florafinearts.com\/vi\/wp-json\/wp\/v2\/media?parent=1224"}],"wp:term":[{"taxonomy":"product_brand","embeddable":true,"href":"https:\/\/florafinearts.com\/vi\/wp-json\/wp\/v2\/product_brand?post=1224"},{"taxonomy":"product_cat","embeddable":true,"href":"https:\/\/florafinearts.com\/vi\/wp-json\/wp\/v2\/product_cat?post=1224"},{"taxonomy":"product_tag","embeddable":true,"href":"https:\/\/florafinearts.com\/vi\/wp-json\/wp\/v2\/product_tag?post=1224"}],"curies":[{"name":"wp","href":"https:\/\/api.w.org\/{rel}","templated":true}]}}