{"id":1222,"date":"2024-09-19T11:42:34","date_gmt":"2024-09-19T11:42:34","guid":{"rendered":"https:\/\/florafinearts.com\/?post_type=product&#038;p=1222"},"modified":"2024-11-24T02:28:49","modified_gmt":"2024-11-24T02:28:49","slug":"saigon-rainy-night","status":"publish","type":"product","link":"https:\/\/florafinearts.com\/vi\/san-pham\/saigon-rainy-night\/","title":{"rendered":"S\u00e0i G\u00f2n \u0111\u00eam m\u01b0a"},"content":{"rendered":"<p class=\"lead\">T\u00e1c ph\u1ea9m n\u00e0y \u0111\u00e3 \u0111\u01b0\u1ee3c ch\u1ecdn l\u00e0m h\u00ecnh \u1ea3nh ch\u1ee7 \u0111\u1ea1o (Key Visual) cho Li\u00ean hoan Phim Qu\u1ed1c t\u1ebf Th\u00e0nh ph\u1ed1 H\u1ed3 Ch\u00ed Minh (HIFF) l\u1ea7n th\u1ee9 nh\u1ea5t, t\u01b0\u1ee3ng tr\u01b0ng cho s\u1ef1 t\u00f4n vinh \u0111\u1eddi s\u1ed1ng \u0111\u00f4 th\u1ecb v\u00e0 ngh\u1ec7 thu\u1eadt \u0111i\u1ec7n \u1ea3nh c\u1ee7a li\u00ean hoan. <em>S\u00e0i G\u00f2n \u0111\u00eam m\u01b0a<\/em> th\u1ec3 hi\u1ec7n n\u1ed7 l\u1ef1c c\u1ee7a t\u00f4i trong vi\u1ec7c k\u1ebft h\u1ee3p gi\u1eefa tr\u1eebu t\u01b0\u1ee3ng v\u00e0 c\u1ea3m x\u00fac, g\u1ee3i l\u00ean c\u1ea3m gi\u00e1c ho\u00e0i ni\u1ec7m v\u00e0 v\u1ebb \u0111\u1eb9p trong nh\u1eefng kho\u1ea3nh kh\u1eafc \u0111\u1eddi th\u01b0\u1eddng c\u1ee7a th\u00e0nh ph\u1ed1.<\/p>","protected":false},"excerpt":{"rendered":"<p><em>S\u00e0i G\u00f2n \u0111\u00eam m\u01b0a<\/em> t\u00e1i hi\u1ec7n b\u1ea7u kh\u00f4ng kh\u00ed v\u00e0 n\u0103ng l\u01b0\u1ee3ng c\u1ee7a m\u1ed9t \u0111\u00eam m\u01b0a \u1edf S\u00e0i G\u00f2n, \u0111\u01b0\u1ee3c th\u1ec3 hi\u1ec7n tr\u1eebu t\u01b0\u1ee3ng b\u1eb1ng acrylic tr\u00ean toan 50 x 50 cm. T\u00f4i s\u1eed d\u1ee5ng hi\u1ec7u \u1ee9ng bokeh \u0111\u1ec3 l\u00e0m n\u1ed5i b\u1eadt nh\u1eefng \u00e1nh \u0111\u00e8n r\u1ef1c r\u1ee1 c\u1ee7a th\u00e0nh ph\u1ed1, ph\u1ea3n chi\u1ebfu tr\u00ean m\u1eb7t \u0111\u01b0\u1eddng \u01b0\u1edbt v\u00e0 h\u00f2a quy\u1ec7n v\u00e0o m\u00e0n \u0111\u00eam xung quanh. C\u00e1c t\u00f4ng xanh \u0111\u1eadm v\u00e0 s\u1eafc t\u1ed1i c\u1ee7a ph\u00f4ng n\u1ec1n t\u01b0\u01a1ng ph\u1ea3n v\u1edbi nh\u1eefng qu\u1ea7ng s\u00e1ng m\u1ec1m m\u1ea1i m\u00e0u \u0111\u1ecf, xanh d\u01b0\u01a1ng v\u00e0 cam, t\u1ea1o n\u00ean m\u1ed9t kh\u00f4ng gian m\u01a1 m\u00e0ng, \u0111\u1eadm ch\u1ea5t \u0111i\u1ec7n \u1ea3nh.<\/p>","protected":false},"featured_media":1223,"comment_status":"open","ping_status":"closed","template":"","meta":{"jetpack_post_was_ever_published":false},"product_brand":[],"product_cat":[31,37],"product_tag":[47,89,88,80,87],"class_list":{"0":"post-1222","1":"product","2":"type-product","3":"status-publish","4":"has-post-thumbnail","6":"product_cat-abstract-paintings","7":"product_cat-landscape-paintings","8":"product_tag-acrylic-on-canvas","9":"product_tag-bokeh-effect","10":"product_tag-ho-chi-minh-city","11":"product_tag-landscape","12":"product_tag-sai-gon","14":"first","15":"outofstock","16":"shipping-taxable","17":"product-type-simple"},"jetpack_sharing_enabled":true,"_links":{"self":[{"href":"https:\/\/florafinearts.com\/vi\/wp-json\/wp\/v2\/product\/1222","targetHints":{"allow":["GET"]}}],"collection":[{"href":"https:\/\/florafinearts.com\/vi\/wp-json\/wp\/v2\/product"}],"about":[{"href":"https:\/\/florafinearts.com\/vi\/wp-json\/wp\/v2\/types\/product"}],"replies":[{"embeddable":true,"href":"https:\/\/florafinearts.com\/vi\/wp-json\/wp\/v2\/comments?post=1222"}],"wp:featuredmedia":[{"embeddable":true,"href":"https:\/\/florafinearts.com\/vi\/wp-json\/wp\/v2\/media\/1223"}],"wp:attachment":[{"href":"https:\/\/florafinearts.com\/vi\/wp-json\/wp\/v2\/media?parent=1222"}],"wp:term":[{"taxonomy":"product_brand","embeddable":true,"href":"https:\/\/florafinearts.com\/vi\/wp-json\/wp\/v2\/product_brand?post=1222"},{"taxonomy":"product_cat","embeddable":true,"href":"https:\/\/florafinearts.com\/vi\/wp-json\/wp\/v2\/product_cat?post=1222"},{"taxonomy":"product_tag","embeddable":true,"href":"https:\/\/florafinearts.com\/vi\/wp-json\/wp\/v2\/product_tag?post=1222"}],"curies":[{"name":"wp","href":"https:\/\/api.w.org\/{rel}","templated":true}]}}