{"id":1220,"date":"2024-09-19T11:32:45","date_gmt":"2024-09-19T11:32:45","guid":{"rendered":"https:\/\/florafinearts.com\/?post_type=product&#038;p=1220"},"modified":"2024-12-06T03:56:58","modified_gmt":"2024-12-06T03:56:58","slug":"sunset-by-the-lake","status":"publish","type":"product","link":"https:\/\/florafinearts.com\/vi\/san-pham\/sunset-by-the-lake\/","title":{"rendered":"Ho\u00e0ng h\u00f4n b\u00ean h\u1ed3"},"content":{"rendered":"<p>V\u1edbi t\u00e1c ph\u1ea9m tr\u1eebu t\u01b0\u1ee3ng n\u00e0y, t\u00f4i mu\u1ed1n khuy\u1ebfn kh\u00edch ng\u01b0\u1eddi xem t\u1ef1 do di\u1ec5n gi\u1ea3i c\u1ea3nh v\u1eadt qua l\u0103ng k\u00ednh c\u1ee7a ri\u00eang m\u00ecnh, k\u1ebft n\u1ed1i v\u1edbi s\u1ef1 t\u0129nh l\u1eb7ng v\u00e0 v\u1ebb \u0111\u1eb9p bao la c\u1ee7a thi\u00ean nhi\u00ean khi ng\u00e0y chuy\u1ec3n sang \u0111\u00eam. <em>Ho\u00e0ng h\u00f4n b\u00ean h\u1ed3<\/em> mang \u0111\u1ebfn s\u1ef1 k\u1ebft h\u1ee3p h\u00e0i h\u00f2a gi\u1eefa k\u1ecbch t\u00ednh v\u00e0 b\u00ecnh y\u00ean, c\u00f3 th\u1ec3 tr\u1edf th\u00e0nh \u0111i\u1ec3m nh\u1ea5n \u0111\u1ed9c \u0111\u00e1o cho b\u1ea5t k\u1ef3 kh\u00f4ng gian n\u00e0o.<\/p>","protected":false},"excerpt":{"rendered":"<p><em>Ho\u00e0ng h\u00f4n b\u00ean h\u1ed3<\/em> t\u00e1i hi\u1ec7n v\u1ebb \u0111\u1eb9p t\u00e1o b\u1ea1o c\u1ee7a ho\u00e0ng h\u00f4n ph\u1ea3n chi\u1ebfu tr\u00ean m\u1eb7t n\u01b0\u1edbc t\u0129nh l\u1eb7ng, \u0111\u01b0\u1ee3c t\u00f4i th\u1ec3 hi\u1ec7n tr\u1eebu t\u01b0\u1ee3ng b\u1eb1ng acrylic tr\u00ean toan 50 x 50 cm. S\u1eed d\u1ee5ng k\u1ef9 thu\u1eadt dao v\u1ebd, t\u00f4i \u0111\u00e3 x\u1ebfp ch\u1ed3ng c\u00e1c t\u00f4ng m\u00e0u phong ph\u00fa c\u1ee7a v\u00e0ng \u00f3ng, n\u00e2u \u0111\u1eadm v\u00e0 xanh lam r\u1ef1c r\u1ee1 \u0111\u1ec3 t\u1ea1o n\u00ean s\u1ef1 t\u01b0\u01a1ng ph\u1ea3n \u1ea5n t\u01b0\u1ee3ng gi\u1eefa b\u1ea7u tr\u1eddi v\u00e0 m\u1eb7t n\u01b0\u1edbc. C\u00e1c n\u00e9t v\u1ebd uy\u1ec3n chuy\u1ec3n ph\u1ea3n \u00e1nh chuy\u1ec3n \u0111\u1ed9ng t\u1ef1 nhi\u00ean c\u1ee7a h\u1ed3, trong khi b\u1ea3ng m\u00e0u s\u1ed1ng \u0111\u1ed9ng mang l\u1ea1i s\u1ef1 \u1ea5m \u00e1p v\u00e0 b\u00ecnh y\u00ean c\u1ee7a kho\u1ea3nh kh\u1eafc ho\u00e0ng h\u00f4n.<\/p>","protected":false},"featured_media":1221,"comment_status":"open","ping_status":"closed","template":"","meta":{"jetpack_post_was_ever_published":false},"product_brand":[],"product_cat":[31,37],"product_tag":[47,49,80],"class_list":{"0":"post-1220","1":"product","2":"type-product","3":"status-publish","4":"has-post-thumbnail","6":"product_cat-abstract-paintings","7":"product_cat-landscape-paintings","8":"product_tag-acrylic-on-canvas","9":"product_tag-knife-palette-painting","10":"product_tag-landscape","12":"first","13":"outofstock","14":"shipping-taxable","15":"purchasable","16":"product-type-simple"},"jetpack_sharing_enabled":true,"_links":{"self":[{"href":"https:\/\/florafinearts.com\/vi\/wp-json\/wp\/v2\/product\/1220","targetHints":{"allow":["GET"]}}],"collection":[{"href":"https:\/\/florafinearts.com\/vi\/wp-json\/wp\/v2\/product"}],"about":[{"href":"https:\/\/florafinearts.com\/vi\/wp-json\/wp\/v2\/types\/product"}],"replies":[{"embeddable":true,"href":"https:\/\/florafinearts.com\/vi\/wp-json\/wp\/v2\/comments?post=1220"}],"wp:featuredmedia":[{"embeddable":true,"href":"https:\/\/florafinearts.com\/vi\/wp-json\/wp\/v2\/media\/1221"}],"wp:attachment":[{"href":"https:\/\/florafinearts.com\/vi\/wp-json\/wp\/v2\/media?parent=1220"}],"wp:term":[{"taxonomy":"product_brand","embeddable":true,"href":"https:\/\/florafinearts.com\/vi\/wp-json\/wp\/v2\/product_brand?post=1220"},{"taxonomy":"product_cat","embeddable":true,"href":"https:\/\/florafinearts.com\/vi\/wp-json\/wp\/v2\/product_cat?post=1220"},{"taxonomy":"product_tag","embeddable":true,"href":"https:\/\/florafinearts.com\/vi\/wp-json\/wp\/v2\/product_tag?post=1220"}],"curies":[{"name":"wp","href":"https:\/\/api.w.org\/{rel}","templated":true}]}}