{"id":1218,"date":"2024-09-19T11:18:14","date_gmt":"2024-09-19T11:18:14","guid":{"rendered":"https:\/\/florafinearts.com\/?post_type=product&#038;p=1218"},"modified":"2024-11-24T02:27:03","modified_gmt":"2024-11-24T02:27:03","slug":"apples-by-the-window","status":"publish","type":"product","link":"https:\/\/florafinearts.com\/vi\/san-pham\/apples-by-the-window\/","title":{"rendered":"Nh\u1eefng qu\u1ea3 t\u00e1o b\u00ean c\u1eeda s\u1ed5"},"content":{"rendered":"<p class=\"lead\">V\u1edbi t\u00e1c ph\u1ea9m n\u00e0y, t\u00f4i mu\u1ed1n c\u00f9ng b\u1ea1n chi\u00eam ng\u01b0\u1ee1ng v\u1ebb \u0111\u1eb9p c\u1ee7a nh\u1eefng v\u1eadt th\u1ec3 b\u00ecnh d\u1ecb h\u00e0ng ng\u00e0y, \u0111\u01b0\u1ee3c t\u00f4n l\u00ean nh\u1edd s\u1ef1 t\u01b0\u01a1ng ph\u1ea3n gi\u1eefa s\u00e1ng v\u00e0 t\u1ed1i. <em>Nh\u1eefng qu\u1ea3 t\u00e1o b\u00ean c\u1eeda s\u1ed5<\/em> mang \u0111\u1ebfn kho\u1ea3nh kh\u1eafc t\u0129nh t\u1ea1i, n\u01a1i s\u1eafc \u0111\u1ecf phong ph\u00fa c\u1ee7a nh\u1eefng qu\u1ea3 t\u00e1o h\u00f2a nh\u1ecbp c\u00f9ng s\u1ef1 gi\u1ea3n \u0111\u01a1n c\u1ee7a kh\u00f4ng gian, g\u1ee3i c\u1ea3m gi\u00e1c th\u01b0 th\u00e1i v\u00e0 suy ng\u1eabm v\u1ec1 v\u1ebb \u0111\u1eb9p trong nh\u1eefng \u0111i\u1ec1u h\u1ebft s\u1ee9c b\u00ecnh th\u01b0\u1eddng.<\/p>","protected":false},"excerpt":{"rendered":"<p><em>Nh\u1eefng qu\u1ea3 t\u00e1o b\u00ean c\u1eeda s\u1ed5<\/em> l\u00e0 m\u1ed9t b\u1ee9c tranh acrylic tr\u00ean toan k\u00edch th\u01b0\u1edbc 50 x 60 cm, n\u01a1i t\u00f4i kh\u00e1m ph\u00e1 s\u1ef1 t\u01b0\u01a1ng t\u00e1c tinh t\u1ebf gi\u1eefa \u00e1nh s\u00e1ng v\u00e0 b\u00f3ng t\u1ed1i. Nh\u1eefng qu\u1ea3 t\u00e1o \u0111\u1ecf r\u1ef1c r\u1ee1, n\u1eb1m g\u1ecdn trong chi\u1ebfc t\u00f4 thu\u1ef7 tinh \u0111\u01a1n gi\u1ea3n, n\u1ed5i b\u1eadt tr\u00ean n\u1ec1n x\u00e1m d\u1ecbu c\u1ee7a khung c\u1eeda v\u00e0 nh\u1eefng b\u00f3ng \u0111\u1ed5 xung quanh. T\u00f4i mu\u1ed1n n\u1eafm b\u1eaft c\u00e1ch \u00e1nh s\u00e1ng t\u1ef1 nhi\u00ean xuy\u00ean qua c\u1eeda s\u1ed5 l\u00e0m n\u1ed5i b\u1eadt k\u1ebft c\u1ea5u v\u00e0 h\u00ecnh kh\u1ed1i c\u1ee7a nh\u1eefng qu\u1ea3 t\u00e1o, t\u1ea1o n\u00ean kh\u00f4ng kh\u00ed v\u1eeba t\u0129nh l\u1eb7ng v\u1eeba chuy\u1ec3n \u0111\u1ed9ng.<\/p>","protected":false},"featured_media":1219,"comment_status":"open","ping_status":"closed","template":"","meta":{"jetpack_post_was_ever_published":false},"product_brand":[],"product_cat":[86],"product_tag":[47],"class_list":{"0":"post-1218","1":"product","2":"type-product","3":"status-publish","4":"has-post-thumbnail","6":"product_cat-still-life","7":"product_tag-acrylic-on-canvas","9":"first","10":"outofstock","11":"shipping-taxable","12":"purchasable","13":"product-type-simple"},"jetpack_sharing_enabled":true,"_links":{"self":[{"href":"https:\/\/florafinearts.com\/vi\/wp-json\/wp\/v2\/product\/1218","targetHints":{"allow":["GET"]}}],"collection":[{"href":"https:\/\/florafinearts.com\/vi\/wp-json\/wp\/v2\/product"}],"about":[{"href":"https:\/\/florafinearts.com\/vi\/wp-json\/wp\/v2\/types\/product"}],"replies":[{"embeddable":true,"href":"https:\/\/florafinearts.com\/vi\/wp-json\/wp\/v2\/comments?post=1218"}],"wp:featuredmedia":[{"embeddable":true,"href":"https:\/\/florafinearts.com\/vi\/wp-json\/wp\/v2\/media\/1219"}],"wp:attachment":[{"href":"https:\/\/florafinearts.com\/vi\/wp-json\/wp\/v2\/media?parent=1218"}],"wp:term":[{"taxonomy":"product_brand","embeddable":true,"href":"https:\/\/florafinearts.com\/vi\/wp-json\/wp\/v2\/product_brand?post=1218"},{"taxonomy":"product_cat","embeddable":true,"href":"https:\/\/florafinearts.com\/vi\/wp-json\/wp\/v2\/product_cat?post=1218"},{"taxonomy":"product_tag","embeddable":true,"href":"https:\/\/florafinearts.com\/vi\/wp-json\/wp\/v2\/product_tag?post=1218"}],"curies":[{"name":"wp","href":"https:\/\/api.w.org\/{rel}","templated":true}]}}