{"id":1216,"date":"2024-09-19T10:31:37","date_gmt":"2024-09-19T10:31:37","guid":{"rendered":"https:\/\/florafinearts.com\/?post_type=product&#038;p=1216"},"modified":"2025-04-18T05:07:36","modified_gmt":"2025-04-18T05:07:36","slug":"soft-blooms-by-the-window","status":"publish","type":"product","link":"https:\/\/florafinearts.com\/vi\/san-pham\/soft-blooms-by-the-window\/","title":{"rendered":"M\u1ec1m m\u1ea1i b\u00ean c\u1eeda s\u1ed5"},"content":{"rendered":"","protected":false},"excerpt":{"rendered":"<p><em>M\u1ec1m m\u1ea1i b\u00ean c\u1eeda s\u1ed5<\/em> l\u00e0 m\u1ed9t b\u1ed1 c\u1ee5c d\u1ecbu d\u00e0ng v\u00e0 y\u00ean b\u00ecnh, \u0111\u01b0\u1ee3c t\u00f4i th\u1ef1c hi\u1ec7n b\u1eb1ng k\u1ef9 thu\u1eadt dao v\u1ebd tr\u00ean toan 80 x 100 cm. T\u00f4i s\u1eafp x\u1ebfp nh\u1eefng b\u00f4ng hoa h\u1ed3ng nh\u1ea1t v\u00e0 tr\u1eafng trong c\u00e1c l\u1ecd th\u1ee7y tinh tr\u00ean b\u1eadu c\u1eeda s\u1ed5, \u0111\u1ec3 \u00e1nh s\u00e1ng t\u1ef1 nhi\u00ean len l\u1ecfi qua, nh\u1eb9 nh\u00e0ng chi\u1ebfu s\u00e1ng to\u00e0n c\u1ea3nh. Nh\u1eefng n\u00e9t v\u1ebd b\u1eb1ng dao mang l\u1ea1i chi\u1ec1u s\u00e2u cho b\u1ee9c tranh, l\u00e0m n\u1ed5i b\u1eadt s\u1ef1 m\u1ec1m m\u1ea1i c\u1ee7a nh\u1eefng c\u00e1nh hoa v\u00e0 s\u1ef1 nh\u1eb9 nh\u00e0ng c\u1ee7a kh\u00f4ng gian.<\/p>\n<p>V\u1edbi t\u00e1c ph\u1ea9m n\u00e0y, t\u00f4i mu\u1ed1n ghi l\u1ea1i m\u1ed9t kho\u1ea3nh kh\u1eafc d\u1ecbu d\u00e0ng, n\u01a1i \u00e1nh s\u00e1ng v\u00e0 thi\u00ean nhi\u00ean tr\u00f2 chuy\u1ec7n m\u1ed9t c\u00e1ch h\u00e0i h\u00f2a. <em>M\u1ec1m m\u1ea1i b\u00ean c\u1eeda s\u1ed5<\/em> l\u00e0 t\u00ecnh y\u00eau c\u1ee7a t\u00f4i d\u00e0nh cho s\u1ef1 gi\u1ea3n \u0111\u01a1n v\u00e0 c\u00e1ch \u00e1nh s\u00e1ng tinh t\u1ebf c\u00f3 th\u1ec3 bi\u1ebfn nh\u1eefng c\u1ea3nh v\u1eadt quen thu\u1ed9c tr\u1edf n\u00ean \u0111\u1eb9p \u0111\u1ebd v\u00e0 th\u01b0 th\u00e1i.<\/p>","protected":false},"featured_media":1217,"comment_status":"open","ping_status":"closed","template":"","meta":{"jetpack_post_was_ever_published":false},"product_brand":[],"product_cat":[33,86],"product_tag":[47,48,49],"class_list":{"0":"post-1216","1":"product","2":"type-product","3":"status-publish","4":"has-post-thumbnail","6":"product_cat-floral-paintings","7":"product_cat-still-life","8":"product_tag-acrylic-on-canvas","9":"product_tag-floral","10":"product_tag-knife-palette-painting","12":"first","13":"instock","14":"shipping-taxable","15":"purchasable","16":"product-type-simple"},"jetpack_sharing_enabled":true,"_links":{"self":[{"href":"https:\/\/florafinearts.com\/vi\/wp-json\/wp\/v2\/product\/1216","targetHints":{"allow":["GET"]}}],"collection":[{"href":"https:\/\/florafinearts.com\/vi\/wp-json\/wp\/v2\/product"}],"about":[{"href":"https:\/\/florafinearts.com\/vi\/wp-json\/wp\/v2\/types\/product"}],"replies":[{"embeddable":true,"href":"https:\/\/florafinearts.com\/vi\/wp-json\/wp\/v2\/comments?post=1216"}],"wp:featuredmedia":[{"embeddable":true,"href":"https:\/\/florafinearts.com\/vi\/wp-json\/wp\/v2\/media\/1217"}],"wp:attachment":[{"href":"https:\/\/florafinearts.com\/vi\/wp-json\/wp\/v2\/media?parent=1216"}],"wp:term":[{"taxonomy":"product_brand","embeddable":true,"href":"https:\/\/florafinearts.com\/vi\/wp-json\/wp\/v2\/product_brand?post=1216"},{"taxonomy":"product_cat","embeddable":true,"href":"https:\/\/florafinearts.com\/vi\/wp-json\/wp\/v2\/product_cat?post=1216"},{"taxonomy":"product_tag","embeddable":true,"href":"https:\/\/florafinearts.com\/vi\/wp-json\/wp\/v2\/product_tag?post=1216"}],"curies":[{"name":"wp","href":"https:\/\/api.w.org\/{rel}","templated":true}]}}