{"id":1213,"date":"2024-09-19T10:13:13","date_gmt":"2024-09-19T10:13:13","guid":{"rendered":"https:\/\/florafinearts.com\/?post_type=product&#038;p=1213"},"modified":"2025-04-18T06:27:01","modified_gmt":"2025-04-18T06:27:01","slug":"pinky-sea","status":"publish","type":"product","link":"https:\/\/florafinearts.com\/vi\/san-pham\/pinky-sea\/","title":{"rendered":"Bi\u1ec3n h\u1ed3ng"},"content":{"rendered":"","protected":false},"excerpt":{"rendered":"<p><em>Bi\u1ec3n h\u1ed3ng<\/em> t\u00e1i hi\u1ec7n v\u1ebb \u0111\u1eb9p d\u1ecbu d\u00e0ng c\u1ee7a m\u1ed9t b\u00e3i bi\u1ec3n y\u00ean b\u00ecnh, \u0111\u01b0\u1ee3c th\u1ec3 hi\u1ec7n qua nh\u1eefng gam m\u00e0u h\u1ed3ng, t\u00edm lavender, v\u00e0 v\u00e0ng nh\u1ea1t khi m\u1eb7t tr\u1eddi l\u1eb7n tr\u00ean m\u1eb7t n\u01b0\u1edbc \u00eam \u0111\u1ec1m. \u0110\u01b0\u1ee3c v\u1ebd b\u1eb1ng ch\u1ea5t li\u1ec7u acrylic tr\u00ean toan k\u00edch th\u01b0\u1edbc 50 x 60 cm, t\u00f4i s\u1eed d\u1ee5ng nh\u1eefng n\u00e9t c\u1ecd nh\u1eb9 nh\u00e0ng \u0111\u1ec3 t\u1ea1o n\u00ean s\u1ef1 h\u00f2a quy\u1ec7n h\u00e0i h\u00f2a gi\u1eefa c\u00e1c gam m\u00e0u ph\u1ea3n chi\u1ebfu tr\u00ean m\u1eb7t n\u01b0\u1edbc t\u0129nh l\u1eb7ng, mang l\u1ea1i c\u1ea3m gi\u00e1c b\u00ecnh y\u00ean v\u00e0 th\u01b0 th\u00e1i.<\/p>\n<p class=\"lead\">B\u1ea7u tr\u1eddi pastel c\u00f9ng nh\u1eefng g\u1ee3n s\u00f3ng l\u0103n t\u0103n m\u1eddi g\u1ecdi b\u1ea1n d\u1eebng l\u1ea1i, th\u1ea3 m\u00ecnh theo nh\u1ecbp \u0111i\u1ec7u \u00eam d\u1ecbu c\u1ee7a \u0111\u1ea1i d\u01b0\u01a1ng. V\u1edbi <em>Bi\u1ec3n h\u1ed3ng<\/em>, t\u00f4i mu\u1ed1n n\u1eafm b\u1eaft nh\u1eefng chuy\u1ec3n bi\u1ebfn tinh t\u1ebf c\u1ee7a \u00e1nh s\u00e1ng v\u00e0 m\u00e0u s\u1eafc, mang \u0111\u1ebfn m\u1ed9t kh\u00f4ng gian m\u01a1 m\u00e0ng, l\u00fd t\u01b0\u1edfng cho b\u1ea5t k\u1ef3 n\u01a1i n\u00e0o c\u1ea7n s\u1ef1 y\u00ean b\u00ecnh.<\/p>\n<p>&nbsp;<\/p>","protected":false},"featured_media":1214,"comment_status":"open","ping_status":"closed","template":"","meta":{"jetpack_post_was_ever_published":false},"product_brand":[],"product_cat":[37,195],"product_tag":[95,47,80,81],"class_list":{"0":"post-1213","1":"product","2":"type-product","3":"status-publish","4":"has-post-thumbnail","6":"product_cat-landscape-paintings","7":"product_cat-small-paintings","8":"product_tag-95","9":"product_tag-acrylic-on-canvas","10":"product_tag-landscape","11":"product_tag-travel-the-world","13":"first","14":"outofstock","15":"shipping-taxable","16":"product-type-simple"},"jetpack_sharing_enabled":true,"_links":{"self":[{"href":"https:\/\/florafinearts.com\/vi\/wp-json\/wp\/v2\/product\/1213","targetHints":{"allow":["GET"]}}],"collection":[{"href":"https:\/\/florafinearts.com\/vi\/wp-json\/wp\/v2\/product"}],"about":[{"href":"https:\/\/florafinearts.com\/vi\/wp-json\/wp\/v2\/types\/product"}],"replies":[{"embeddable":true,"href":"https:\/\/florafinearts.com\/vi\/wp-json\/wp\/v2\/comments?post=1213"}],"wp:featuredmedia":[{"embeddable":true,"href":"https:\/\/florafinearts.com\/vi\/wp-json\/wp\/v2\/media\/1214"}],"wp:attachment":[{"href":"https:\/\/florafinearts.com\/vi\/wp-json\/wp\/v2\/media?parent=1213"}],"wp:term":[{"taxonomy":"product_brand","embeddable":true,"href":"https:\/\/florafinearts.com\/vi\/wp-json\/wp\/v2\/product_brand?post=1213"},{"taxonomy":"product_cat","embeddable":true,"href":"https:\/\/florafinearts.com\/vi\/wp-json\/wp\/v2\/product_cat?post=1213"},{"taxonomy":"product_tag","embeddable":true,"href":"https:\/\/florafinearts.com\/vi\/wp-json\/wp\/v2\/product_tag?post=1213"}],"curies":[{"name":"wp","href":"https:\/\/api.w.org\/{rel}","templated":true}]}}