{"id":1211,"date":"2024-09-19T10:02:39","date_gmt":"2024-09-19T10:02:39","guid":{"rendered":"https:\/\/florafinearts.com\/?post_type=product&#038;p=1211"},"modified":"2025-04-17T06:59:38","modified_gmt":"2025-04-17T06:59:38","slug":"reflection","status":"publish","type":"product","link":"https:\/\/florafinearts.com\/vi\/san-pham\/reflection\/","title":{"rendered":"Ph\u1ea3n chi\u1ebfu"},"content":{"rendered":"<p class=\"lead\">M\u1eb7t n\u01b0\u1edbc ph\u1eb3ng nh\u01b0 g\u01b0\u01a1ng soi, v\u00e0 n\u1ebfu nh\u01b0 c\u00f3 v\u00e0i ch\u00fa chim bay qua, ch\u1eafc ch\u1eafn b\u00f3ng c\u1ee7a ch\u00fang c\u0169ng s\u1ebd in r\u00f5 m\u1ed3n m\u1ed9t tr\u00ean \u0111\u00e1y n\u01b0\u1edbc. Nh\u01b0ng t\u00f4i kh\u00f4ng ph\u1ea3i l\u00e0 ho\u1ea1 s\u0129 th\u00edch v\u1ebd chim. N\u1ebfu b\u1ea1n s\u1edf h\u1eefu b\u1ee9c tranh n\u00e0y, b\u1ea1n h\u00e3y t\u01b0\u1edfng t\u01b0\u1ee3ng l\u00e0 \u0111\u00e3 c\u00f3 v\u00e0i ch\u00fa chim bay qua b\u1ea7u tr\u1eddi v\u00e0 m\u1eb7t n\u01b0\u1edbc trong veo n\u00e0y nh\u00e9.<\/p>","protected":false},"excerpt":{"rendered":"<p>T\u00f4i mu\u1ed1n v\u1ebd l\u1ea1i v\u1ebb \u0111\u1eb9p \u00eam \u0111\u1ec1m c\u1ee7a thi\u00ean nhi\u00ean b\u1eb1ng dao v\u1ebd tr\u00ean toan 50 x 60 cm. S\u1eed d\u1ee5ng s\u1eafc xanh d\u01b0\u01a1ng \u0111\u1eadm cho b\u1ea7u tr\u1eddi c\u00f9ng s\u1eafc v\u00e0ng nh\u1ea1t v\u00e0 xanh l\u00e1 cho h\u00e0ng c\u00e2y, t\u1ea5t c\u1ea3 \u0111\u01b0\u1ee3c ph\u1ea3n chi\u1ebfu ho\u00e0n h\u1ea3o tr\u00ean m\u1eb7t n\u01b0\u1edbc t\u0129nh l\u1eb7ng b\u00ean d\u01b0\u1edbi, t\u1ea1o n\u00ean b\u1ed1 c\u1ee5c c\u00e2n b\u1eb1ng v\u00e0 sinh \u0111\u1ed9ng. V\u1ebd b\u1eb1ng dao lu\u00f4n mang l\u1ea1i k\u1ebft c\u1ea5u \u0111\u1eb7c bi\u1ec7t v\u00e0 c\u00f3 chi\u1ec1u s\u00e2u. \u0110\u00e2y l\u00e0 m\u1ed9t c\u00f4ng c\u1ee5 y\u00eau th\u00edch b\u1eadc nh\u1ea5t c\u1ee7a t\u00f4i.<\/p>","protected":false},"featured_media":1212,"comment_status":"open","ping_status":"closed","template":"","meta":{"jetpack_post_was_ever_published":false},"product_brand":[],"product_cat":[31,37,195],"product_tag":[98,47,49,80,81],"class_list":{"0":"post-1211","1":"product","2":"type-product","3":"status-publish","4":"has-post-thumbnail","6":"product_cat-abstract-paintings","7":"product_cat-landscape-paintings","8":"product_cat-small-paintings","9":"product_tag-98","10":"product_tag-acrylic-on-canvas","11":"product_tag-knife-palette-painting","12":"product_tag-landscape","13":"product_tag-travel-the-world","15":"first","16":"outofstock","17":"shipping-taxable","18":"purchasable","19":"product-type-simple"},"jetpack_sharing_enabled":true,"_links":{"self":[{"href":"https:\/\/florafinearts.com\/vi\/wp-json\/wp\/v2\/product\/1211","targetHints":{"allow":["GET"]}}],"collection":[{"href":"https:\/\/florafinearts.com\/vi\/wp-json\/wp\/v2\/product"}],"about":[{"href":"https:\/\/florafinearts.com\/vi\/wp-json\/wp\/v2\/types\/product"}],"replies":[{"embeddable":true,"href":"https:\/\/florafinearts.com\/vi\/wp-json\/wp\/v2\/comments?post=1211"}],"wp:featuredmedia":[{"embeddable":true,"href":"https:\/\/florafinearts.com\/vi\/wp-json\/wp\/v2\/media\/1212"}],"wp:attachment":[{"href":"https:\/\/florafinearts.com\/vi\/wp-json\/wp\/v2\/media?parent=1211"}],"wp:term":[{"taxonomy":"product_brand","embeddable":true,"href":"https:\/\/florafinearts.com\/vi\/wp-json\/wp\/v2\/product_brand?post=1211"},{"taxonomy":"product_cat","embeddable":true,"href":"https:\/\/florafinearts.com\/vi\/wp-json\/wp\/v2\/product_cat?post=1211"},{"taxonomy":"product_tag","embeddable":true,"href":"https:\/\/florafinearts.com\/vi\/wp-json\/wp\/v2\/product_tag?post=1211"}],"curies":[{"name":"wp","href":"https:\/\/api.w.org\/{rel}","templated":true}]}}