{"id":1208,"date":"2024-09-19T09:52:28","date_gmt":"2024-09-19T09:52:28","guid":{"rendered":"https:\/\/florafinearts.com\/?post_type=product&#038;p=1208"},"modified":"2025-04-17T06:58:45","modified_gmt":"2025-04-17T06:58:45","slug":"eze-village-charm","status":"publish","type":"product","link":"https:\/\/florafinearts.com\/vi\/san-pham\/eze-village-charm\/","title":{"rendered":"L\u00e0ng Eze quy\u1ebfn r\u0169"},"content":{"rendered":"<p class=\"lead\">Trong t\u00e1c ph\u1ea9m n\u00e0y, t\u00f4i ch\u00fa tr\u1ecdng \u0111\u1ebfn t\u1eebng chi ti\u1ebft ki\u1ebfn tr\u00fac \u0111\u1ed9c \u0111\u00e1o c\u1ee7a ng\u00f4i l\u00e0ng, \u0111\u1ed3ng th\u1eddi th\u1ec3 hi\u1ec7n \u0111\u01b0\u1ee3c s\u1ef1 \u1ea5m \u00e1p v\u00e0 kh\u00f4ng kh\u00ed th\u00e2n thi\u1ec7n c\u1ee7a \u0111\u1ecba danh l\u1ecbch s\u1eed n\u00e0y. <em>L\u00e0ng Eze quy\u1ebfn r\u0169<\/em> mang \u0111\u1ebfn m\u1ed9t c\u00e1i nh\u00ecn v\u1ec1 nh\u1eefng kho\u1ea3nh kh\u1eafc t\u0129nh l\u1eb7ng trong h\u00e0nh tr\u00ecnh du l\u1ecbch, n\u01a1i ngh\u1ec7 thu\u1eadt, l\u1ecbch s\u1eed v\u00e0 thi\u00ean nhi\u00ean giao thoa \u0111\u1ec3 l\u00e0m n\u00ean m\u1ed9t k\u1ef7 ni\u1ec7m v\u01b0\u1ee3t qua kh\u00f4ng gian v\u00e0 th\u1eddi gian.<\/p>","protected":false},"excerpt":{"rendered":"<p><em>L\u00e0ng Eze quy\u1ebfn r\u0169<\/em> t\u00e1i hi\u1ec7n v\u1ebb \u0111\u1eb9p m\u1ed9c m\u1ea1c v\u00e0 s\u1ee9c h\u1ea5p d\u1eabn v\u01b0\u1ee3t th\u1eddi gian c\u1ee7a m\u1ed9t con ph\u1ed1 y\u00ean b\u00ecnh t\u1ea1i l\u00e0ng Eze, Ph\u00e1p, nh\u01b0 t\u00f4i \u0111\u00e3 tr\u1ea3i nghi\u1ec7m trong chuy\u1ebfn du l\u1ecbch n\u0103m 2019. \u0110\u01b0\u1ee3c v\u1ebd b\u1eb1ng ch\u1ea5t li\u1ec7u acrylic tr\u00ean toan 50 x 60 cm, t\u00f4i s\u1eed d\u1ee5ng nh\u1eefng n\u00e9t c\u1ecd d\u00e0y v\u00e0 gam m\u00e0u phong ph\u00fa \u0111\u1ec3 truy\u1ec1n t\u1ea3i n\u0103ng l\u01b0\u1ee3ng r\u1ef1c r\u1ee1 v\u00e0 n\u00e9t quy\u1ebfn r\u0169 c\u1ee7a ng\u00f4i l\u00e0ng th\u01a1 m\u1ed9ng n\u00e0y. Con ph\u1ed1 quanh co, \u0111\u01b0\u1ee3c bao quanh b\u1edfi nh\u1eefng c\u1eeda h\u00e0ng xinh x\u1eafn v\u00e0 c\u00e2y c\u1ed1i xanh m\u00e1t, \u0111\u01b0a ng\u01b0\u1eddi xem b\u01b0\u1edbc v\u00e0o m\u1ed9t kh\u00f4ng gian ng\u1eadp tr\u00e0n \u00e1nh s\u00e1ng v\u00e0 k\u1ebft c\u1ea5u \u0111a d\u1ea1ng.<\/p>","protected":false},"featured_media":1209,"comment_status":"open","ping_status":"closed","template":"","meta":{"jetpack_post_was_ever_published":false},"product_brand":[],"product_cat":[37,195],"product_tag":[47,82,84,80,83,81],"class_list":{"0":"post-1208","1":"product","2":"type-product","3":"status-publish","4":"has-post-thumbnail","6":"product_cat-landscape-paintings","7":"product_cat-small-paintings","8":"product_tag-acrylic-on-canvas","9":"product_tag-eze-village","10":"product_tag-france","11":"product_tag-landscape","12":"product_tag-nice","13":"product_tag-travel-the-world","15":"first","16":"outofstock","17":"shipping-taxable","18":"purchasable","19":"product-type-simple"},"jetpack_sharing_enabled":true,"_links":{"self":[{"href":"https:\/\/florafinearts.com\/vi\/wp-json\/wp\/v2\/product\/1208","targetHints":{"allow":["GET"]}}],"collection":[{"href":"https:\/\/florafinearts.com\/vi\/wp-json\/wp\/v2\/product"}],"about":[{"href":"https:\/\/florafinearts.com\/vi\/wp-json\/wp\/v2\/types\/product"}],"replies":[{"embeddable":true,"href":"https:\/\/florafinearts.com\/vi\/wp-json\/wp\/v2\/comments?post=1208"}],"wp:featuredmedia":[{"embeddable":true,"href":"https:\/\/florafinearts.com\/vi\/wp-json\/wp\/v2\/media\/1209"}],"wp:attachment":[{"href":"https:\/\/florafinearts.com\/vi\/wp-json\/wp\/v2\/media?parent=1208"}],"wp:term":[{"taxonomy":"product_brand","embeddable":true,"href":"https:\/\/florafinearts.com\/vi\/wp-json\/wp\/v2\/product_brand?post=1208"},{"taxonomy":"product_cat","embeddable":true,"href":"https:\/\/florafinearts.com\/vi\/wp-json\/wp\/v2\/product_cat?post=1208"},{"taxonomy":"product_tag","embeddable":true,"href":"https:\/\/florafinearts.com\/vi\/wp-json\/wp\/v2\/product_tag?post=1208"}],"curies":[{"name":"wp","href":"https:\/\/api.w.org\/{rel}","templated":true}]}}