{"id":1206,"date":"2024-09-19T09:40:04","date_gmt":"2024-09-19T09:40:04","guid":{"rendered":"https:\/\/florafinearts.com\/?post_type=product&#038;p=1206"},"modified":"2025-04-17T06:59:14","modified_gmt":"2025-04-17T06:59:14","slug":"bottled-sunshine","status":"publish","type":"product","link":"https:\/\/florafinearts.com\/vi\/san-pham\/bottled-sunshine\/","title":{"rendered":"N\u1eafng \u0111\u00f3ng chai"},"content":{"rendered":"<p class=\"lead\">Khung c\u1eeda s\u1ed5 m\u00e0u xanh l\u00e1 \u0111\u1eadm mang \u0111\u1ebfn c\u1ea3m gi\u00e1c t\u01b0\u01a1i m\u1edbi, trong khi nh\u1eefng \u0111\u01b0\u1eddng n\u00e9t nh\u1eb9 nh\u00e0ng t\u1eeb k\u1ef9 thu\u1eadt v\u1ebd b\u1eb1ng dao nh\u1ea5n m\u1ea1nh chuy\u1ec3n \u0111\u1ed9ng t\u1ef1 nhi\u00ean c\u1ee7a c\u00e1c b\u00f4ng hoa. V\u1edbi <em>N\u1eafng \u0111\u00f3ng chai<\/em>- t\u00f4i mong b\u1ea1n c\u00f3 th\u1ec3 c\u1ea3m nh\u1eadn ni\u1ec1m vui v\u00e0 v\u1ebb \u0111\u1eb9p gi\u1ea3n d\u1ecb c\u1ee7a thi\u00ean nhi\u00ean trong kh\u00f4ng gian n\u1ed9i th\u1ea5t, mang \u0111\u1ebfn kho\u1ea3nh kh\u1eafc \u1ea5m \u00e1p v\u00e0 \u0111\u1ea7y s\u1ee9c s\u1ed1ng.<\/p>","protected":false},"excerpt":{"rendered":"<p><em>N\u1eafng \u0111\u00f3ng chai<\/em> t\u00e1i hi\u1ec7n v\u1ebb \u0111\u1eb9p r\u1ef1c r\u1ee1 c\u1ee7a nh\u1eefng b\u00f4ng hoa m\u00f9a h\u00e8 b\u00ean khung c\u1eeda s\u1ed5 ng\u1eadp n\u1eafng. \u0110\u01b0\u1ee3c v\u1ebd b\u1eb1ng acrylic tr\u00ean toan 40 x 60 cm, t\u00f4i s\u1eed d\u1ee5ng c\u00e1c s\u1eafc \u0111\u1ecf, h\u1ed3ng, t\u00edm, v\u00e0 v\u00e0ng t\u01b0\u01a1i s\u00e1ng \u0111\u1ec3 th\u1ed5i h\u1ed3n v\u00e0o nh\u1eefng b\u00f4ng hoa, s\u1eafp x\u1ebfp ch\u00fang c\u1ea9n th\u1eadn trong c\u00e1c chai thu\u1ef7 tinh v\u1edbi nhi\u1ec1u h\u00ecnh d\u00e1ng v\u00e0 m\u00e0u s\u1eafc kh\u00e1c nhau. \u00c1nh n\u1eafng xuy\u00ean qua c\u1eeda s\u1ed5 t\u1ea1o n\u00ean nh\u1eefng b\u00f3ng \u0111\u1ed5 v\u00e0 ph\u1ea3n chi\u1ebfu sinh \u0111\u1ed9ng, l\u00e0m n\u1ed5i b\u1eadt s\u1ef1 h\u00f2a quy\u1ec7n gi\u1eefa \u00e1nh s\u00e1ng v\u00e0 m\u00e0u s\u1eafc.<\/p>","protected":false},"featured_media":1207,"comment_status":"open","ping_status":"closed","template":"","meta":{"jetpack_post_was_ever_published":false},"product_brand":[],"product_cat":[33,195],"product_tag":[47,48,49],"class_list":{"0":"post-1206","1":"product","2":"type-product","3":"status-publish","4":"has-post-thumbnail","6":"product_cat-floral-paintings","7":"product_cat-small-paintings","8":"product_tag-acrylic-on-canvas","9":"product_tag-floral","10":"product_tag-knife-palette-painting","12":"first","13":"outofstock","14":"shipping-taxable","15":"purchasable","16":"product-type-simple"},"jetpack_sharing_enabled":true,"_links":{"self":[{"href":"https:\/\/florafinearts.com\/vi\/wp-json\/wp\/v2\/product\/1206","targetHints":{"allow":["GET"]}}],"collection":[{"href":"https:\/\/florafinearts.com\/vi\/wp-json\/wp\/v2\/product"}],"about":[{"href":"https:\/\/florafinearts.com\/vi\/wp-json\/wp\/v2\/types\/product"}],"replies":[{"embeddable":true,"href":"https:\/\/florafinearts.com\/vi\/wp-json\/wp\/v2\/comments?post=1206"}],"wp:featuredmedia":[{"embeddable":true,"href":"https:\/\/florafinearts.com\/vi\/wp-json\/wp\/v2\/media\/1207"}],"wp:attachment":[{"href":"https:\/\/florafinearts.com\/vi\/wp-json\/wp\/v2\/media?parent=1206"}],"wp:term":[{"taxonomy":"product_brand","embeddable":true,"href":"https:\/\/florafinearts.com\/vi\/wp-json\/wp\/v2\/product_brand?post=1206"},{"taxonomy":"product_cat","embeddable":true,"href":"https:\/\/florafinearts.com\/vi\/wp-json\/wp\/v2\/product_cat?post=1206"},{"taxonomy":"product_tag","embeddable":true,"href":"https:\/\/florafinearts.com\/vi\/wp-json\/wp\/v2\/product_tag?post=1206"}],"curies":[{"name":"wp","href":"https:\/\/api.w.org\/{rel}","templated":true}]}}