{"id":1204,"date":"2024-09-19T09:28:40","date_gmt":"2024-09-19T09:28:40","guid":{"rendered":"https:\/\/florafinearts.com\/?post_type=product&#038;p=1204"},"modified":"2025-04-17T07:58:16","modified_gmt":"2025-04-17T07:58:16","slug":"blossoms-in-pastel","status":"publish","type":"product","link":"https:\/\/florafinearts.com\/vi\/san-pham\/blossoms-in-pastel\/","title":{"rendered":"N\u1edf m\u00e0u pastel"},"content":{"rendered":"<p class=\"lead\">B\u1ed1 c\u1ee5c n\u00e0y ph\u1ea3n \u00e1nh t\u00ecnh y\u00eau c\u1ee7a t\u00f4i d\u00e0nh cho s\u1ef1 gi\u1ea3n d\u1ecb v\u00e0 b\u00ecnh y\u00ean, n\u01a1i nh\u1eefng gam m\u00e0u pastel nh\u1eb9 nh\u00e0ng mang l\u1ea1i c\u1ea3m gi\u00e1c thanh tho\u00e1t. <em>N\u1edf m\u00e0u pastel<\/em> m\u1eddi b\u1ea1n d\u1eebng l\u1ea1i, c\u1ea3m nh\u1eadn v\u1ebb duy\u00ean d\u00e1ng nh\u1eb9 nh\u00e0ng c\u1ee7a v\u1ebb \u0111\u1eb9p t\u1ef1 nhi\u00ean, khi\u1ebfn t\u00e1c ph\u1ea9m tr\u1edf th\u00e0nh l\u1ef1a ch\u1ecdn ho\u00e0n h\u1ea3o cho b\u1ea5t k\u1ef3 kh\u00f4ng gian n\u00e0o mu\u1ed1n h\u01b0\u1edbng t\u1edbi th\u01b0 gi\u00e3n v\u00e0 tr\u1ea7m t\u01b0.<\/p>","protected":false},"excerpt":{"rendered":"<p><em>N\u1edf m\u00e0u pastel<\/em> th\u1ec3 hi\u1ec7n m\u1ed9t b\u00f3 c\u1ea9m t\u00fa c\u1ea7u d\u1ecbu d\u00e0ng v\u1edbi nh\u1eefng s\u1eafc h\u1ed3ng nh\u1ea1t, t\u00edm lavender, v\u00e0 xanh pastel, \u0111\u01b0\u1ee3c th\u1ec3 hi\u1ec7n nh\u1eb9 nh\u00e0ng b\u1eb1ng ch\u1ea5t li\u1ec7u acrylic tr\u00ean toan k\u00edch th\u01b0\u1edbc 60 x 60 cm. B\u1eb1ng nh\u1eefng n\u00e9t c\u1ecd m\u1ec1m m\u1ea1i, t\u00f4i mu\u1ed1n t\u1eebng b\u00f4ng hoa tr\u1edf n\u00ean s\u1ed1ng \u0111\u1ed9ng, m\u1ed7i c\u00e1nh hoa \u0111\u1ec1u c\u00f3 s\u1ef1 bi\u1ebfn chuy\u1ec3n tinh t\u1ebf v\u1ec1 m\u00e0u s\u1eafc v\u00e0 k\u1ebft c\u1ea5u. Nh\u1eefng chi\u1ebfc l\u00e1 xanh t\u01b0\u01a1i v\u00e0 b\u00ecnh thu\u1ef7 tinh trong su\u1ed1t t\u1ea1o n\u00ean s\u1ef1 t\u01b0\u01a1ng ph\u1ea3n ho\u00e0n h\u1ea3o, t\u00f4n l\u00ean v\u1ebb \u0111\u1eb9p t\u1ef1 nhi\u00ean c\u1ee7a nh\u1eefng b\u00f4ng hoa.<\/p>","protected":false},"featured_media":1205,"comment_status":"open","ping_status":"closed","template":"","meta":{"jetpack_post_was_ever_published":false},"product_brand":[],"product_cat":[33],"product_tag":[99,47,48,49],"class_list":{"0":"post-1204","1":"product","2":"type-product","3":"status-publish","4":"has-post-thumbnail","6":"product_cat-floral-paintings","7":"product_tag-99","8":"product_tag-acrylic-on-canvas","9":"product_tag-floral","10":"product_tag-knife-palette-painting","12":"first","13":"outofstock","14":"shipping-taxable","15":"product-type-simple"},"jetpack_sharing_enabled":true,"_links":{"self":[{"href":"https:\/\/florafinearts.com\/vi\/wp-json\/wp\/v2\/product\/1204","targetHints":{"allow":["GET"]}}],"collection":[{"href":"https:\/\/florafinearts.com\/vi\/wp-json\/wp\/v2\/product"}],"about":[{"href":"https:\/\/florafinearts.com\/vi\/wp-json\/wp\/v2\/types\/product"}],"replies":[{"embeddable":true,"href":"https:\/\/florafinearts.com\/vi\/wp-json\/wp\/v2\/comments?post=1204"}],"wp:featuredmedia":[{"embeddable":true,"href":"https:\/\/florafinearts.com\/vi\/wp-json\/wp\/v2\/media\/1205"}],"wp:attachment":[{"href":"https:\/\/florafinearts.com\/vi\/wp-json\/wp\/v2\/media?parent=1204"}],"wp:term":[{"taxonomy":"product_brand","embeddable":true,"href":"https:\/\/florafinearts.com\/vi\/wp-json\/wp\/v2\/product_brand?post=1204"},{"taxonomy":"product_cat","embeddable":true,"href":"https:\/\/florafinearts.com\/vi\/wp-json\/wp\/v2\/product_cat?post=1204"},{"taxonomy":"product_tag","embeddable":true,"href":"https:\/\/florafinearts.com\/vi\/wp-json\/wp\/v2\/product_tag?post=1204"}],"curies":[{"name":"wp","href":"https:\/\/api.w.org\/{rel}","templated":true}]}}